{"id":30157,"date":"2016-12-27T16:03:44","date_gmt":"2016-12-27T16:03:44","guid":{"rendered":"https:\/\/www.myaquastore.com\/product\/el-calcio-complementa-la-camara-del-reactor-del-reactor-del-calcio-aoc-90-agrego-la-camara-del-reactor-del-calcio\/"},"modified":"2025-03-16T07:13:32","modified_gmt":"2025-03-16T07:13:32","slug":"el-calcio-complementa-la-camara-del-reactor-del-reactor-del-calcio-aoc-90-agrego-la-camara-del-reactor-del-calcio","status":"publish","type":"product","link":"https:\/\/www.myaquastore.com\/es\/producto\/el-calcio-complementa-la-camara-del-reactor-del-reactor-del-calcio-aoc-90-agrego-la-camara-del-reactor-del-calcio\/","title":{"rendered":"El calcio complementa la c\u00e1mara del reactor del reactor del calcio AOC-90 agreg\u00f3 la c\u00e1mara del reactor del calcio"},"content":{"rendered":"<h2>Descripci\u00f3n del producto <\/h2>\n<div class=\" mod=\">\n<div>\n<div>\n<div class=\" detalle-inside=\">\n<div>\n<div>\n<div class=\" regi\u00f3n-custom=\">\n<div class=\" widget-custom=\">\n<div>\n<div class=\" mod-detail-description=\" data-mod-config='{\"showOn\":[\"mod-detail-description\"],\"title\":\"\ufffd\ufffd\u03f8\ufffd\ufffd\u03e2\",\"tabConfig\":{\"trace\":\"tabdetail\",\"showKey\":\"mod-detail-description\"}}'>\n<div class=\" de-description-detail=\">\n<div data-url=\"\">\n<p align=\"\"><strong>Par\u00e1metros t\u00e9cnicos: <\/strong><\/p>\n<p align=\"\">Modelo: AOC-90 <\/p>\n<p align=\"\">Formas de colocaci\u00f3n: modelo externo <\/p>\n<p align=\"\">Tama\u00f1o (unidad de di\u00e1metro\/altura: mm): 90\/400 <\/p>\n<p align=\"\">Especificaciones del muelle (Unidad: mm): 155\/120 <\/p>\n<p align=\"\">Nota: sin material interno <\/p>\n<p align=\"\"><a href=\"\"><img decoding=\"async\" width=\"\" height=\"\" class=\"\" alt=\"\" src=\"\"><\/a><br class=\"\"><br class=\"\"><\/p>\n<p align=\"\"><br class=\"\"><br class=\"\"><\/p>\n<p align=\"\">Sea Marine Sources fuente de suplemento de calcio prop\u00f3sitos de la c\u00e1mara del reactor: la c\u00e1mara de reacci\u00f3n de suplementos debe estar equipada con la cantidad correcta de tabletas de calcio, el reactor de calcio a trav\u00e9s de la conexi\u00f3n de salida puede absorber el exceso de di\u00f3xido de carbono del efluente del reactor de calcio para volver a producir la reacci\u00f3n del calcio en las tabletas de calcio. Para prevenir eficazmente los peligros del exceso de tanques de di\u00f3xido de carbono. <br class=\"\"><br class=\"\"><\/p>\n<p align=\"\"><strong>Serie AOC de otros modelos <\/strong><\/p>\n<p align=\"\"><a href=\"\"><img decoding=\"async\" width=\"\" height=\"\" class=\"\" alt=\"\" src=\"\"><\/a><br class=\"\"><br class=\"\"><\/p>\n<p>&amp;Nbsp; para <\/p>\n<\/p><\/div><\/div><\/div><\/div><\/div>\n<div class=\"\" data-widget-name=\"\"><\/div><\/div><\/div><\/div><\/div><\/div><\/div><\/div>\n<div class=\"\" data-view-config='{\"\"showResult\"\":false,\"\"feature\"\":\"\"WP_WIDGET_OFFER_DETAIL\"\",\"\"showTitle\"\":false}' data-app='{\"\"styles\"\":[],\"\"title\"\":\"\"oferta\ufffd\ufffd\u03f8\ufffd\ufffd\ufffd\ufffd3\"\",\"\"name\"\":\"\"offerDetailContext3\"\",\"\"id\"\":\"\"6d7584a1f4714f37868f62b60e1b3f6a\"\"}'> \u200b\u200b<\/p>\n<div class=\"\">\n<div class=\"\">\n<div class=\"\">\n<div class=\"\">\n<div class=\"\">\n<div class=\"\" data-region-config='{\"\"name\"\":\"\"region-detail-credit\"\",\"\"direction\"\":\"\"vertical\"\"}'> \u200b\u200b<\/p>\n<div class=\"\" data-widget-name=\"\">\n<div class=\"\"> &lt;div class=&quot;&quot; mod-detail-dealrecord=&quot;&quot; mod-info&quot;&quot;=&quot;&quot; id=&quot;&quot; mod-detail-dealrecord&quot;&quot;=&quot;&quot; estilo=&quot;&quot; margen:=&quot;&quot; 0px=&quot;&quot; 0px=&quot;&quot; 32px;=&quot;&quot; posici\u00f3n:=&quot;&quot; relativa;&quot;&quot;=&quot;&quot; data-mod-config=&#039;{&quot;&quot;showOn&quot;&quot;:[&quot;&quot;mod-detail-description&quot;&quot;,&quot;&quot;mod-detail-dealrecord&quot;&quot;],&quot;&quot;title&quot;&quot;:&quot;&quot;\ufffd\u027d\ufffd<em>0<\/em>\u00ab\u00bb,\u00bb\u00bbtabConfig\u00bb\u00bb:{\u00ab\u00bbtrace\u00bb\u00bb:\u00bb\u00bbtabdealrecord\u00bb\u00bb,\u00bb\u00bbshowKey\u00bb\u00bb:\u00bb\u00bbmod-detail-dealrecord\u00bb \u00ab},\u00bb\u00bbremarkListUrl\u00bb\u00bb:\u00bb\u00bbhttp:\/\/rate.1688.com\/remark\/offerDetail\/saleRecords.json?offerId=1277298626&#8243;\u00bb,\u00bb\u00bbtotal\u00bb\u00bb:\u00bb\u00bb0&#8243;\u00bb,\u00bb\u00bbhalfYearTotal\u00bb\u00bb:\u00bb\u00bb0&#8243;\u00bb,\u00bb\u00bbtotalRate\u00bb\u00bb:\u00bb\u00bb0&#8243;\u00bb,\u00bb\u00bbisTgcSKUOffer\u00bb\u00bb:\u00bb\u00bbfalse\u00bb\u00bb}&#8217;&gt; <\/p>\n<div class=\"\">\n<h2 class=\"\">Registro de transacciones <\/h2>\n<\/p><\/div><\/div><\/div><\/div><\/div><\/div><\/div><\/div><\/div><\/div><\/div><\/div>\n<p>\u00ab<\/p>\n","protected":false},"excerpt":{"rendered":"<p>El calcio complementa la c\u00e1mara del reactor del reactor del calcio AOC-90 agreg\u00f3 la c\u00e1mara del reactor del calcio<\/p>\n","protected":false},"featured_media":6398,"comment_status":"open","ping_status":"closed","template":"","meta":[],"product_brand":[],"product_cat":[1188],"product_tag":[],"class_list":{"0":"post-30157","1":"product","2":"type-product","3":"status-publish","4":"has-post-thumbnail","6":"product_cat-espumadores-de-proteinas","8":"first","9":"instock","10":"shipping-taxable","11":"purchasable","12":"product-type-simple"},"_links":{"self":[{"href":"https:\/\/www.myaquastore.com\/es\/wp-json\/wp\/v2\/product\/30157","targetHints":{"allow":["GET"]}}],"collection":[{"href":"https:\/\/www.myaquastore.com\/es\/wp-json\/wp\/v2\/product"}],"about":[{"href":"https:\/\/www.myaquastore.com\/es\/wp-json\/wp\/v2\/types\/product"}],"replies":[{"embeddable":true,"href":"https:\/\/www.myaquastore.com\/es\/wp-json\/wp\/v2\/comments?post=30157"}],"wp:featuredmedia":[{"embeddable":true,"href":"https:\/\/www.myaquastore.com\/es\/wp-json\/wp\/v2\/media\/6398"}],"wp:attachment":[{"href":"https:\/\/www.myaquastore.com\/es\/wp-json\/wp\/v2\/media?parent=30157"}],"wp:term":[{"taxonomy":"product_brand","embeddable":true,"href":"https:\/\/www.myaquastore.com\/es\/wp-json\/wp\/v2\/product_brand?post=30157"},{"taxonomy":"product_cat","embeddable":true,"href":"https:\/\/www.myaquastore.com\/es\/wp-json\/wp\/v2\/product_cat?post=30157"},{"taxonomy":"product_tag","embeddable":true,"href":"https:\/\/www.myaquastore.com\/es\/wp-json\/wp\/v2\/product_tag?post=30157"}],"curies":[{"name":"wp","href":"https:\/\/api.w.org\/{rel}","templated":true}]}}