{"id":30159,"date":"2016-12-27T16:03:44","date_gmt":"2016-12-27T16:03:44","guid":{"rendered":"https:\/\/www.myaquastore.com\/product\/reactor-de-calcio-el-reactor-de-calcio-con-reactor-de-calcio-haley-pump-cr-150-6520\/"},"modified":"2025-03-16T07:13:29","modified_gmt":"2025-03-16T07:13:29","slug":"reactor-de-calcio-el-reactor-de-calcio-con-reactor-de-calcio-haley-pump-cr-150-6520","status":"publish","type":"product","link":"https:\/\/www.myaquastore.com\/es\/producto\/reactor-de-calcio-el-reactor-de-calcio-con-reactor-de-calcio-haley-pump-cr-150-6520\/","title":{"rendered":"Reactor de calcio el reactor de calcio &#8211; con reactor de calcio Haley Pump CR-150-6520"},"content":{"rendered":"<h2>Descripci\u00f3n del producto <\/h2>\n<p>Par\u00e1metros t\u00e9cnicos: <\/p>\n<p>Modelo: CR-150-6520 <\/p>\n<p>Tama\u00f1o (unidad de di\u00e1metro \/ altura: mm): 150\/665 <\/p>\n<p>Bomba \/ potencia: HX-6520 \/ 35W <\/p>\n<p>Tratamiento de agua (unidad: litro): 3000 <\/p>\n<p>Especificaciones del muelle (Unidad: mm): 240\/210 <\/p>\n<p>&amp;Nbsp; para <\/p>\n<p>&amp;Nbsp; para <\/p>\n<p><a><img class=\" size-full=\"><\/a><\/p>\n<p>&amp;Nbsp; para <\/p>\n<p>PD: debido a que cada cliente tiene part\u00edculas de calcio\/arena de calcio, especificaciones diferentes, el producto no contiene material interior de f\u00e1brica. Los clientes deben adquirirse <\/p>\n<p>&amp;Nbsp; para <\/p>\n<p>1 cuerpo con materiales acr\u00edlicos (acr\u00edlicos) de alta calidad producidos. <br \/> 2 Cada reactor est\u00e1 equipado con una boquilla venturi de gas (entrada de aire venturi), el otro mejor. <br \/> 3 de la c\u00e1mara de reacci\u00f3n tiene un dise\u00f1o sellado, innovaci\u00f3n y apariencia est\u00e9tica (generalmente el reactor de calcio abierto desperdiciar\u00e1 una gran cantidad de di\u00f3xido de carbono, aunque no proporciona suficiente producci\u00f3n de calcio) <br \/> 4 c\u00e1mara de reacci\u00f3n con dise\u00f1o anti-casual microporoso, sin algod\u00f3n bioqu\u00edmico, adecuado para tabletas de calcio de todos los tama\u00f1os <br \/> 5 agua interna especialmente dise\u00f1ada que contiene CO2 de ciclo r\u00e1pido continuo, cada ciclo a trav\u00e9s de todas las tabletas de calcio, el bicarbonato de calcio disuelto en agua ser\u00e1 una gran cantidad <br \/> La boquilla de succi\u00f3n especialmente dise\u00f1ada 6 se puede recuperar eficazmente CO2 sin desperdiciar la tapa. <br \/> 7, acceso al agua especialmente dise\u00f1ado, f\u00e1cil de ajustar <br \/> 8 Chilly Chu lee el n\u00famero de burbujeador, f\u00e1cilmente reemplazable <br \/> 9 dentro del reactor no contiene tabletas de calcio ni otros materiales, c\u00f3mprelos por su cuenta. <\/p>\n<p>&amp;Nbsp; para <\/p>\n<p>Otra informaci\u00f3n del paquete opcional: <\/p>\n<p>&amp;Nbsp; para <\/p>\n<div>1 c\u00e1mara de reactor de calcio agregada: sistema de tanque de flujo de precursor de deserci\u00f3n de calcio, conectado al MS <a target=\"\"><strong>C\u00e1mara de reacci\u00f3n de suplementos de calcio <\/strong><\/a>Para absorber el exceso de di\u00f3xido de carbono, con el fin de evitar da\u00f1os al sistema del tanque. <\/div>\n<div><\/div>\n<div>Arena con alto contenido de calcio 2 MS: part\u00edculas de arena de calcio natural, sin da\u00f1os al sistema. Part\u00edculas no artificiales. <\/div>\n<p>&amp;Nbsp; para <\/p>\n<p>&amp;Nbsp; para <\/p>\n<p>La siguiente figura muestra el diagrama real de la m\u00e1quina <\/p>\n<p>&amp;Nbsp; para <\/p>\n<p><a href=\"\"><img decoding=\"async\" width=\"\" height=\"\" class=\"\" alt=\"\" src=\"\"><\/a><\/p>\n<p>&amp;Nbsp; para <\/p>\n<\/p><\/div>\n<p>\u00ab<\/p>\n","protected":false},"excerpt":{"rendered":"<p>Reactor de calcio el reactor de calcio &#8211; con reactor de calcio Haley Pump CR-150-6520<\/p>\n","protected":false},"featured_media":6385,"comment_status":"open","ping_status":"closed","template":"","meta":[],"product_brand":[],"product_cat":[1188],"product_tag":[],"class_list":{"0":"post-30159","1":"product","2":"type-product","3":"status-publish","4":"has-post-thumbnail","6":"product_cat-espumadores-de-proteinas","8":"first","9":"instock","10":"shipping-taxable","11":"purchasable","12":"product-type-simple"},"_links":{"self":[{"href":"https:\/\/www.myaquastore.com\/es\/wp-json\/wp\/v2\/product\/30159","targetHints":{"allow":["GET"]}}],"collection":[{"href":"https:\/\/www.myaquastore.com\/es\/wp-json\/wp\/v2\/product"}],"about":[{"href":"https:\/\/www.myaquastore.com\/es\/wp-json\/wp\/v2\/types\/product"}],"replies":[{"embeddable":true,"href":"https:\/\/www.myaquastore.com\/es\/wp-json\/wp\/v2\/comments?post=30159"}],"wp:featuredmedia":[{"embeddable":true,"href":"https:\/\/www.myaquastore.com\/es\/wp-json\/wp\/v2\/media\/6385"}],"wp:attachment":[{"href":"https:\/\/www.myaquastore.com\/es\/wp-json\/wp\/v2\/media?parent=30159"}],"wp:term":[{"taxonomy":"product_brand","embeddable":true,"href":"https:\/\/www.myaquastore.com\/es\/wp-json\/wp\/v2\/product_brand?post=30159"},{"taxonomy":"product_cat","embeddable":true,"href":"https:\/\/www.myaquastore.com\/es\/wp-json\/wp\/v2\/product_cat?post=30159"},{"taxonomy":"product_tag","embeddable":true,"href":"https:\/\/www.myaquastore.com\/es\/wp-json\/wp\/v2\/product_tag?post=30159"}],"curies":[{"name":"wp","href":"https:\/\/api.w.org\/{rel}","templated":true}]}}