{"id":30166,"date":"2016-12-27T16:03:37","date_gmt":"2016-12-27T16:03:37","guid":{"rendered":"https:\/\/www.myaquastore.com\/product\/el-filtro-de-arena-del-filtro-de-arena-fbf1600-aplica-la-mayor-masa-de-agua-1600l\/"},"modified":"2025-03-16T07:12:47","modified_gmt":"2025-03-16T07:12:47","slug":"el-filtro-de-arena-del-filtro-de-arena-fbf1600-aplica-la-mayor-masa-de-agua-1600l","status":"publish","type":"product","link":"https:\/\/www.myaquastore.com\/es\/producto\/el-filtro-de-arena-del-filtro-de-arena-fbf1600-aplica-la-mayor-masa-de-agua-1600l\/","title":{"rendered":"El filtro de arena del filtro de arena FBF1600 aplica la mayor masa de agua 1600L"},"content":{"rendered":"<h2>Descripci\u00f3n del producto <\/h2>\n<h2>Descripci\u00f3n del producto <\/h2>\n<div>\n<table>\n<tbody>\n<tr>\n<td>\n<p>Modelo: FBF1600 <\/p>\n<div>Tama\u00f1o (di\u00e1metro \/ altura MM): 150\/500 <\/div>\n<div>\n<div>Especificaciones de la base (excluyendo la parte superior de la tuber\u00eda): 170 * 170 MM <\/div>\n<div>Capacidad m\u00e1xima de la c\u00e1mara de reacci\u00f3n: 7 L <\/div>\n<div>Especificaciones del agua: 20 MM (la tuber\u00eda de PVC de 20 MM se puede conectar directamente o conectar un adaptador de manguera para conectar una manguera de 14 ~ 18 mm) <\/div>\n<div>Especificaciones del agua: 20 MM <\/div><\/div>\n<div>Agua recomendada: 1600L <\/div>\n<\/td>\n<\/tr>\n<\/tbody>\n<\/table><\/div>\n<div><\/div>\n<div><a><img class=\" size-large=\"><\/a><a><br \/> <\/a><\/p>\n<p><a><br \/> <\/a><\/p>\n<\/div>\n<div><\/div>\n<div><\/div>\n<div>Y la fuente del filtro de arena FBF de MARINE SOURCES utiliza material acr\u00edlico avanzado (no pl\u00e1stico). Utilice la agitaci\u00f3n con agua para cultivar el principio bacteriano de la arena, de modo que las bacterias desnitrificantes puedan multiplicarse en la arena con un cultivo bacteriano de la mayor parte de la superficie. Dado que el agua se agita constantemente, no hay lecho de arena para cultivo de bacterias muertas, gran densidad de bacterias nitrificantes, polos similares a bacterias. La mayor parte del tiempo del tanque nuevo para establecer un cultivo de bacterias completo en un lecho de arena es de 20 a 30 d\u00edas. <\/div>\n<div><\/div>\n<div>Tambi\u00e9n agregando diferentes materiales filtrantes, para tener diferentes usos, por ejemplo, agregando carb\u00f3n, reactor de carb\u00f3n, etc. Tambi\u00e9n se le puede agregar frijol biol\u00f3gico, bio bolas, bola anaer\u00f3bica, perlas de azufre, anillo biol\u00f3gico. Anillo cer\u00e1mico, material de absorci\u00f3n de f\u00f3sforo, arena de cuarzo y otros tipos de materiales. <\/div>\n<div><\/div>\n<div>PD: filtros de flujo de arena fabricados dentro del cuerpo con dos esponjas separadas. Requiere el uso de medios de esponja del cuerpo interno (como arena de cuarzo, etc.) y la parte inferior de la l\u00e1mina acr\u00edlica separada para extender la vida \u00fatil del equipo. Compruebe la esponja que utiliza regularmente, como el desgaste y la diluci\u00f3n, reempl\u00e1cela. <\/div>\n<div><\/div>\n<div>Como tanque de arena acr\u00edlica, se utiliza un cuerpo acr\u00edlico avanzado de cuerpo completo, el funcionamiento interno de material PP de dise\u00f1o cristalino y no cerrado que no sea. Cerrado debido a problemas con los materiales de dise\u00f1o, no se puede ver claramente el trabajo del skimmer del museo, un problema que no es la primera vez que se puede detectar y resolver. <\/div>\n<div><\/div>\n<div>\n<p><a><img class=\" size-full=\"><\/a><a><img class=\" size-full=\"><\/a><\/div>\n<div><\/div>\n<p>Serie otros modelos<\/p>\n<p>&amp;Nbsp; para <\/p>\n<p><a><img class=\" size-full=\"><\/a><\/p>\n<\/p><\/div>\n","protected":false},"excerpt":{"rendered":"<p>El filtro de arena del filtro de arena FBF1600 aplica la mayor masa de agua 1600L<\/p>\n","protected":false},"featured_media":6135,"comment_status":"open","ping_status":"closed","template":"","meta":[],"product_brand":[],"product_cat":[1188],"product_tag":[],"class_list":{"0":"post-30166","1":"product","2":"type-product","3":"status-publish","4":"has-post-thumbnail","6":"product_cat-espumadores-de-proteinas","8":"first","9":"instock","10":"shipping-taxable","11":"purchasable","12":"product-type-simple"},"_links":{"self":[{"href":"https:\/\/www.myaquastore.com\/es\/wp-json\/wp\/v2\/product\/30166","targetHints":{"allow":["GET"]}}],"collection":[{"href":"https:\/\/www.myaquastore.com\/es\/wp-json\/wp\/v2\/product"}],"about":[{"href":"https:\/\/www.myaquastore.com\/es\/wp-json\/wp\/v2\/types\/product"}],"replies":[{"embeddable":true,"href":"https:\/\/www.myaquastore.com\/es\/wp-json\/wp\/v2\/comments?post=30166"}],"wp:featuredmedia":[{"embeddable":true,"href":"https:\/\/www.myaquastore.com\/es\/wp-json\/wp\/v2\/media\/6135"}],"wp:attachment":[{"href":"https:\/\/www.myaquastore.com\/es\/wp-json\/wp\/v2\/media?parent=30166"}],"wp:term":[{"taxonomy":"product_brand","embeddable":true,"href":"https:\/\/www.myaquastore.com\/es\/wp-json\/wp\/v2\/product_brand?post=30166"},{"taxonomy":"product_cat","embeddable":true,"href":"https:\/\/www.myaquastore.com\/es\/wp-json\/wp\/v2\/product_cat?post=30166"},{"taxonomy":"product_tag","embeddable":true,"href":"https:\/\/www.myaquastore.com\/es\/wp-json\/wp\/v2\/product_tag?post=30166"}],"curies":[{"name":"wp","href":"https:\/\/api.w.org\/{rel}","templated":true}]}}