{"id":30171,"date":"2016-12-27T16:03:37","date_gmt":"2016-12-27T16:03:37","guid":{"rendered":"https:\/\/www.myaquastore.com\/product\/filtro-de-arena-filtro-de-arena-de-algodon-dedicado\/"},"modified":"2025-03-16T07:12:50","modified_gmt":"2025-03-16T07:12:50","slug":"filtro-de-arena-filtro-de-arena-de-algodon-dedicado","status":"publish","type":"product","link":"https:\/\/www.myaquastore.com\/es\/producto\/filtro-de-arena-filtro-de-arena-de-algodon-dedicado\/","title":{"rendered":"Filtro de arena filtro de arena de algod\u00f3n dedicado"},"content":{"rendered":"<h2>Descripci\u00f3n del producto <\/h2>\n<div class=\" mod=\">\n<div>\n<div>\n<div class=\" detalle-inside=\">\n<div>\n<div>\n<div class=\" regi\u00f3n-custom=\">\n<div class=\" widget-custom=\">\n<div>\n<div class=\" mod-detail-description=\" data-mod-config='{\"showOn\":[\"mod-detail-description\"],\"title\":\"\ufffd\ufffd\u03f8\ufffd\ufffd\u03e2\",\"tabConfig\":{\"trace\":\"tabdetail\",\"showKey\":\"mod-detail-description\"}}'>\n<div class=\" de-description-detail=\">\n<div>\n<p><strong><a><img class=\" alignnone=\"><\/a><\/p>\n<p><\/strong><\/p>\n<p><strong>Filtros de flujo de arena con esponja especial <\/strong><\/p>\n<p><strong>Filtros de flujo de arena con esponja especial <\/strong>Se aplica y es la fuente de una variedad de filtros de flujo de arena. Est\u00e1n disponibles las siguientes especificaciones existentes. <\/p>\n<p>Filtros de algod\u00f3n de 120 mm aplicados a los or\u00edgenes de arena de mar filtro FBF900 <br \/>Filtros de algod\u00f3n de 150 mm aplicados a los or\u00edgenes de arena de mar filtro FBF1600 <br \/>Filtros de algod\u00f3n de 200 mm aplicados a los or\u00edgenes de arena de mar filtros FBF2700, FBF5400 <br \/>Filtros de algod\u00f3n de 250 mm aplicados a la or\u00edgenes del filtro de arena marina FBF10800 <\/p>\n<p>PD: La f\u00e1brica del filtro de arena marina Origin dentro del cuerpo ha sido equipada con dos esponjas separadas. Requiere el uso de medios de esponja del cuerpo interno (como arena de cuarzo, etc.) y la parte inferior de la l\u00e1mina acr\u00edlica separada para extender la vida \u00fatil del equipo. Compruebe la esponja que utiliza regularmente, como el desgaste y la diluci\u00f3n, reempl\u00e1cela. <\/p>\n<\/p><\/div><\/div><\/div><\/div><\/div><\/div><\/div><\/div><\/div><\/div><\/div><\/div><\/div>\n","protected":false},"excerpt":{"rendered":"<p>Filtro de arena filtro de arena de algod\u00f3n dedicado<\/p>\n","protected":false},"featured_media":6149,"comment_status":"open","ping_status":"closed","template":"","meta":[],"product_brand":[],"product_cat":[1188],"product_tag":[],"class_list":{"0":"post-30171","1":"product","2":"type-product","3":"status-publish","4":"has-post-thumbnail","6":"product_cat-espumadores-de-proteinas","8":"first","9":"instock","10":"shipping-taxable","11":"purchasable","12":"product-type-simple"},"_links":{"self":[{"href":"https:\/\/www.myaquastore.com\/es\/wp-json\/wp\/v2\/product\/30171","targetHints":{"allow":["GET"]}}],"collection":[{"href":"https:\/\/www.myaquastore.com\/es\/wp-json\/wp\/v2\/product"}],"about":[{"href":"https:\/\/www.myaquastore.com\/es\/wp-json\/wp\/v2\/types\/product"}],"replies":[{"embeddable":true,"href":"https:\/\/www.myaquastore.com\/es\/wp-json\/wp\/v2\/comments?post=30171"}],"wp:featuredmedia":[{"embeddable":true,"href":"https:\/\/www.myaquastore.com\/es\/wp-json\/wp\/v2\/media\/6149"}],"wp:attachment":[{"href":"https:\/\/www.myaquastore.com\/es\/wp-json\/wp\/v2\/media?parent=30171"}],"wp:term":[{"taxonomy":"product_brand","embeddable":true,"href":"https:\/\/www.myaquastore.com\/es\/wp-json\/wp\/v2\/product_brand?post=30171"},{"taxonomy":"product_cat","embeddable":true,"href":"https:\/\/www.myaquastore.com\/es\/wp-json\/wp\/v2\/product_cat?post=30171"},{"taxonomy":"product_tag","embeddable":true,"href":"https:\/\/www.myaquastore.com\/es\/wp-json\/wp\/v2\/product_tag?post=30171"}],"curies":[{"name":"wp","href":"https:\/\/api.w.org\/{rel}","templated":true}]}}