{"id":30174,"date":"2016-12-27T16:03:45","date_gmt":"2016-12-27T16:03:45","guid":{"rendered":"https:\/\/www.myaquastore.com\/product\/eliminador-de-nitratos-con-bombas-red-devil-eliminador-de-nitratos-dnr-200\/"},"modified":"2025-03-16T07:13:34","modified_gmt":"2025-03-16T07:13:34","slug":"eliminador-de-nitratos-con-bombas-red-devil-eliminador-de-nitratos-dnr-200","status":"publish","type":"product","link":"https:\/\/www.myaquastore.com\/es\/producto\/eliminador-de-nitratos-con-bombas-red-devil-eliminador-de-nitratos-dnr-200\/","title":{"rendered":"Eliminador de nitratos con bombas Red Devil Eliminador de nitratos DNR-200"},"content":{"rendered":"<h2>Descripci\u00f3n del producto <\/h2>\n<p>Y la fuente del removedor de nitrato \/ dispositivo de control qu\u00edmico de nitrato \/ dispositivo para nitrar de MARINE SOURCES <\/p>\n<p>&amp;Nbsp; para <\/p>\n<p>Par\u00e1metros del producto: <\/p>\n<p>&amp;Nbsp; para <\/p>\n<p>eliminador de nitrato DNR-150, mediante v\u00e1lvula reguladora para acuario o estanque de 1800-4500L. <br \/> Modelo: DNR-200 <br \/> (Unidad de di\u00e1metro \/ altura: mm): 200\/740 <br \/> Bomba \/ potencia: Devil D4000 \/ 55W <br \/> Agua m\u00e1xima aplicable (unidad: litro): 4500 <br \/> Especificaciones del muelle (Unidad: mm): 290\/260 <\/p>\n<p><a><img class=\" size-large=\"><\/a><\/p>\n<p>&amp;Nbsp; para <\/p>\n<\/p>\n<p>&amp;Nbsp; para <\/p>\n<p>Caracter\u00edsticas del producto: <\/p>\n<p>1 cuerpo producido con materiales acr\u00edlicos (acr\u00edlicos) de alta calidad. <br \/> La c\u00e1mara de reacci\u00f3n 2 tiene un dise\u00f1o de sello multicapa, innovaci\u00f3n y apariencia est\u00e9tica, <br \/> 3 C\u00e1mara de reacci\u00f3n inferior con dise\u00f1o anti-casual microporoso, sin algod\u00f3n bioqu\u00edmico, f\u00e1cil limpieza y mantenimiento, aplicable a una variedad de materiales de filtraci\u00f3n <br \/> 4 especialmente dise\u00f1ado para que el agua interna de alta velocidad circule constantemente, cada ciclo a trav\u00e9s de todos los materiales filtrantes, <br \/> 5 salida, agua especialmente dise\u00f1ada, f\u00e1cil de ajustar <br \/> 6 equipado con diferentes materiales filtrantes pueden tener usos variados (como biobola, bioanillos, carb\u00f3n activado, materiales de absorci\u00f3n de f\u00f3sforo, perlas de azufre + tabletas de calcio, etc.), ver tabla <\/p>\n<p>El uso de materiales con un caudal similar al del reactor necesita <br \/> 6-1 control qu\u00edmico de bola con nitrato biol\u00f3gico es lento <br \/> 6-2 circuito de control qu\u00edmico de nitrato biol\u00f3gico es lento <br \/> 6-3 Biofiltro de anillo biol\u00f3gico r\u00e1pido <br \/> 6-4 filtro de carb\u00f3n activado r\u00e1pido <br \/> 6-5 material de absorci\u00f3n de f\u00f3sforo el control qu\u00edmico de fosfato es lento <br \/> 6-6 perlas de azufre + tabletas de calcio adem\u00e1s de fosfato de calcio lento <\/p>\n<p>7 dentro del reactor no contienen material, compre los suyos propios. <\/p>\n<p>Uso recomendado y origen de las biobolas, consulte los siguientes datos: <\/p>\n<table>\n<tbody>\n<tr>\n<td>\n<p>modelo <\/p>\n<\/td>\n<td>\n<p>Match ball y recomendaciones biol\u00f3gicas anaer\u00f3bicas sobre el n\u00famero de <\/p>\n<\/td>\n<\/tr>\n<tr>\n<td>\n<p>DNR-120 <\/p>\n<\/td>\n<td>\n<p>Bio bolas anaer\u00f3bicas 80 bolas 10 <\/p>\n<\/td>\n<\/tr>\n<tr>\n<td>\n<p>DNR-150 <\/p>\n<\/td>\n<td>\n<p>Bio bolas anaer\u00f3bicas 140 bolas 18 <\/p>\n<\/td>\n<\/tr>\n<tr>\n<td>\n<p>DNR-200 <\/p>\n<\/td>\n<td>\n<p>Bio bolas anaer\u00f3bicas 320 bolas 40 <\/p>\n<\/td>\n<\/tr>\n<tr>\n<td>\n<p>DNR-200H <\/p>\n<\/td>\n<td>\n<p>Bio bolas anaer\u00f3bicas 400 bolas 50 <\/p>\n<\/td>\n<\/tr>\n<\/tbody>\n<\/table>\n<p><strong>Serie DNR de otros modelos <\/strong><\/p>\n<p><a><img class=\" size-full=\"><\/a><\/p>\n<\/p><\/div>\n","protected":false},"excerpt":{"rendered":"<p>Eliminador de nitratos con bombas Red Devil Eliminador de nitratos DNR-200<\/p>\n","protected":false},"featured_media":6407,"comment_status":"open","ping_status":"closed","template":"","meta":[],"product_brand":[],"product_cat":[1188],"product_tag":[],"class_list":{"0":"post-30174","1":"product","2":"type-product","3":"status-publish","4":"has-post-thumbnail","6":"product_cat-espumadores-de-proteinas","8":"first","9":"instock","10":"shipping-taxable","11":"purchasable","12":"product-type-simple"},"_links":{"self":[{"href":"https:\/\/www.myaquastore.com\/es\/wp-json\/wp\/v2\/product\/30174","targetHints":{"allow":["GET"]}}],"collection":[{"href":"https:\/\/www.myaquastore.com\/es\/wp-json\/wp\/v2\/product"}],"about":[{"href":"https:\/\/www.myaquastore.com\/es\/wp-json\/wp\/v2\/types\/product"}],"replies":[{"embeddable":true,"href":"https:\/\/www.myaquastore.com\/es\/wp-json\/wp\/v2\/comments?post=30174"}],"wp:featuredmedia":[{"embeddable":true,"href":"https:\/\/www.myaquastore.com\/es\/wp-json\/wp\/v2\/media\/6407"}],"wp:attachment":[{"href":"https:\/\/www.myaquastore.com\/es\/wp-json\/wp\/v2\/media?parent=30174"}],"wp:term":[{"taxonomy":"product_brand","embeddable":true,"href":"https:\/\/www.myaquastore.com\/es\/wp-json\/wp\/v2\/product_brand?post=30174"},{"taxonomy":"product_cat","embeddable":true,"href":"https:\/\/www.myaquastore.com\/es\/wp-json\/wp\/v2\/product_cat?post=30174"},{"taxonomy":"product_tag","embeddable":true,"href":"https:\/\/www.myaquastore.com\/es\/wp-json\/wp\/v2\/product_tag?post=30174"}],"curies":[{"name":"wp","href":"https:\/\/api.w.org\/{rel}","templated":true}]}}