{"id":30176,"date":"2016-12-27T16:03:44","date_gmt":"2016-12-27T16:03:44","guid":{"rendered":"https:\/\/www.myaquastore.com\/product\/removedor-de-nitrato-con-haley-pump-nr-120-6520-removedor-de-nitrato\/"},"modified":"2025-03-16T07:13:32","modified_gmt":"2025-03-16T07:13:32","slug":"removedor-de-nitrato-con-haley-pump-nr-120-6520-removedor-de-nitrato","status":"publish","type":"product","link":"https:\/\/www.myaquastore.com\/es\/producto\/removedor-de-nitrato-con-haley-pump-nr-120-6520-removedor-de-nitrato\/","title":{"rendered":"Removedor de nitrato con Haley Pump NR-120-6520 Removedor de nitrato"},"content":{"rendered":"<h2>Descripci\u00f3n del producto <\/h2>\n<div class=\" mod=\">\n<div>\n<div>\n<div class=\" detalle-inside=\">\n<div>\n<div>\n<div class=\" regi\u00f3n-custom=\">\n<div class=\" widget-custom=\">\n<div>\n<div class=\" mod-detail-description=\" data-mod-config='{\"showOn\":[\"mod-detail-description\"],\"title\":\"\ufffd\ufffd\u03f8\ufffd\ufffd\u03e2\",\"tabConfig\":{\"trace\":\"tabdetail\",\"showKey\":\"mod-detail-description\"}}'>\n<div class=\" de-description-detail=\">\n<div data-url=\"\">\n<p>Y la fuente de removedor de nitrato \/ nitrato de MARINE SOURCES dispositivo de control qu\u00edmico\/dispositivo para nitratar <\/p>\n<p>&amp;Nbsp; para <\/p>\n<p>Par\u00e1metros del producto: <\/p>\n<p>&amp;Nbsp; para <\/p>\n<p>NR-120-6520 Eliminador de Nitrato, mediante v\u00e1lvula reguladora para acuario o estanque de 400-1200L. <br \/> Modelo: NR-120-6520 <br \/> (Unidad de di\u00e1metro \/ altura: mm): 120\/565 <br \/> Bomba \/ potencia: HX-6520 \/ 35W <br \/> Agua m\u00e1xima aplicable (unidad: litro): 1200 <br \/> Especificaciones del muelle (Unidad: mm): 200\/195 <\/p>\n<p>&amp;Nbsp; para <\/p>\n<p><a href=\"\"><img decoding=\"async\" width=\"\" height=\"\" class=\"\" alt=\"\" src=\"\"><\/a><br class=\"\"><br class=\"\"><\/p>\n<p>&amp;Nbsp; para <\/p>\n<p>Caracter\u00edsticas del producto: <\/p>\n<p>1 cuerpo producido con materiales acr\u00edlicos (acr\u00edlicos) de alta calidad. <br \/> La c\u00e1mara de reacci\u00f3n 2 tiene un dise\u00f1o de sello multicapa, innovaci\u00f3n y apariencia est\u00e9tica, <br \/> 3 C\u00e1mara de reacci\u00f3n inferior con dise\u00f1o anti-casual microporoso, sin algod\u00f3n bioqu\u00edmico, f\u00e1cil limpieza y mantenimiento, aplicable a una variedad de materiales de filtraci\u00f3n <br \/> 4 especialmente dise\u00f1ado para que el agua interna de alta velocidad circule constantemente, cada ciclo a trav\u00e9s de todos los materiales filtrantes, <br \/> 5 salida, agua especialmente dise\u00f1ada, f\u00e1cil de ajustar <br \/> 6 equipado con diferentes materiales filtrantes pueden tener usos variados (como biobola, bioanillos, carb\u00f3n activado, materiales de absorci\u00f3n de f\u00f3sforo, perlas de azufre + tabletas de calcio, etc.), ver tabla <\/p>\n<p>El uso de materiales con un caudal similar al del reactor necesita <br \/> 6-1 control qu\u00edmico de bola con nitrato biol\u00f3gico es lento <br \/> 6-2 circuito de control qu\u00edmico de nitrato biol\u00f3gico es lento <br \/> 6-3 Biofiltro de anillo biol\u00f3gico r\u00e1pido <br \/> 6-4 filtro de carb\u00f3n activado r\u00e1pido <br \/> 6-5 material de absorci\u00f3n de f\u00f3sforo el control qu\u00edmico de fosfato es lento <br \/> 6-6 perlas de azufre + tabletas de calcio adem\u00e1s de fosfato de calcio lento <\/p>\n<p>7 dentro del reactor no contienen material, compre los suyos propios. <\/p>\n<p align=\"\">Uso recomendado y origen de las biobolas, consulte los siguientes datos: <\/p>\n<p>&amp;Nbsp; para <\/p>\n<table border=\"\" cellpadding=\"\">\n<tbody>\n<tr>\n<td width=\"\" valign=\"\">\n<p align=\"\">modelo <\/p>\n<\/td>\n<td width=\"\" valign=\"\">\n<p align=\"\">Recomendaciones biol\u00f3gicas anaer\u00f3bicas y de bal\u00f3n de partido sobre el n\u00famero de <\/p>\n<\/td>\n<\/tr>\n<tr>\n<td width=\"\" valign=\"\">\n<p align=\"\">NR-120-6520 <\/p>\n<\/td>\n<td width=\"\" valign=\"\">\n<p align=\"\">Bio bolas anaer\u00f3bicas 80 bolas 10 <\/p>\n<\/td>\n<\/tr>\n<tr>\n<td width=\"\" valign=\"\">\n<p align=\"\">NR-150-6520 <\/p>\n<\/td>\n<td width=\"\" valign=\"\">\n<p align=\"\">Bio bolas anaer\u00f3bicas 140 bolas 18 <\/p>\n<\/td>\n<\/tr>\n<tr>\n<td width=\"\" valign=\"\">\n<p align=\"\">NR-200-6530 <\/p>\n<\/td>\n<td width=\"\" valign=\"\">\n<p align=\"\">Bio bolas anaer\u00f3bicas 320 bolas 40 <\/p>\n<\/td>\n<\/tr>\n<tr>\n<td width=\"\" valign=\"\">\n<p align=\"\">NR-250-6540 <\/p>\n<\/td>\n<td width=\"\" valign=\"\">\n<p align=\"\">Biobolas anaer\u00f3bicas 400 bolas 50 <\/p>\n<\/td>\n<\/tr>\n<\/tbody>\n<\/table><\/div><\/div><\/div><\/div><\/div>\n<div class=\"\" data-widget-name=\"\"><\/div><\/div><\/div><\/div><\/div><\/div><\/div><\/div>\n<div class=\"\" data-view-config='{\"\"showResult\"\":false,\"\"feature\"\":\"\"WP_WIDGET_OFFER_DETAIL\"\",\"\"showTitle\"\":false}' data-app='{\"\"styles\"\":[],\"\"title\"\":\"\"oferta\ufffd\ufffd\u03f8\ufffd\ufffd\ufffd\ufffd3\"\",\"\"name\"\":\"\"offerDetailContext3\"\",\"\"id\"\":\"\"6d7584a1f4714f37868f62b60e1b3f6a\"\"}'><\/div><\/div>\n<p>\u00ab<\/p>\n","protected":false},"excerpt":{"rendered":"<p>Removedor de nitrato con Haley Pump NR-120-6520 Removedor de nitrato<\/p>\n","protected":false},"featured_media":6401,"comment_status":"open","ping_status":"closed","template":"","meta":[],"product_brand":[],"product_cat":[1188],"product_tag":[],"class_list":{"0":"post-30176","1":"product","2":"type-product","3":"status-publish","4":"has-post-thumbnail","6":"product_cat-espumadores-de-proteinas","8":"first","9":"instock","10":"shipping-taxable","11":"purchasable","12":"product-type-simple"},"_links":{"self":[{"href":"https:\/\/www.myaquastore.com\/es\/wp-json\/wp\/v2\/product\/30176","targetHints":{"allow":["GET"]}}],"collection":[{"href":"https:\/\/www.myaquastore.com\/es\/wp-json\/wp\/v2\/product"}],"about":[{"href":"https:\/\/www.myaquastore.com\/es\/wp-json\/wp\/v2\/types\/product"}],"replies":[{"embeddable":true,"href":"https:\/\/www.myaquastore.com\/es\/wp-json\/wp\/v2\/comments?post=30176"}],"wp:featuredmedia":[{"embeddable":true,"href":"https:\/\/www.myaquastore.com\/es\/wp-json\/wp\/v2\/media\/6401"}],"wp:attachment":[{"href":"https:\/\/www.myaquastore.com\/es\/wp-json\/wp\/v2\/media?parent=30176"}],"wp:term":[{"taxonomy":"product_brand","embeddable":true,"href":"https:\/\/www.myaquastore.com\/es\/wp-json\/wp\/v2\/product_brand?post=30176"},{"taxonomy":"product_cat","embeddable":true,"href":"https:\/\/www.myaquastore.com\/es\/wp-json\/wp\/v2\/product_cat?post=30176"},{"taxonomy":"product_tag","embeddable":true,"href":"https:\/\/www.myaquastore.com\/es\/wp-json\/wp\/v2\/product_tag?post=30176"}],"curies":[{"name":"wp","href":"https:\/\/api.w.org\/{rel}","templated":true}]}}