{"id":30181,"date":"2016-12-27T16:03:38","date_gmt":"2016-12-27T16:03:38","guid":{"rendered":"https:\/\/www.myaquastore.com\/product\/reactor-de-calcio-kr-120-6520-reactor-de-calcio\/"},"modified":"2025-03-16T07:12:54","modified_gmt":"2025-03-16T07:12:54","slug":"reactor-de-calcio-kr-120-6520-reactor-de-calcio","status":"publish","type":"product","link":"https:\/\/www.myaquastore.com\/es\/producto\/reactor-de-calcio-kr-120-6520-reactor-de-calcio\/","title":{"rendered":"Reactor de calcio KR-120-6520 reactor de calcio"},"content":{"rendered":"<h2>Descripci\u00f3n del producto<\/h2>\n<p>Y la fuente de calcio MARINE SOURCES KR-120-6520 reactor mediante v\u00e1lvula reguladora para acuario o estanque de 500-2000L. <\/p>\n<p>&amp;Nbsp; para <\/p>\n<p>Modelo: KR-120-6520 <br \/> (Unidad de di\u00e1metro \/ altura: mm): 120\/565 <br \/> Bomba \/ potencia: HX-6520 \/ 35W <br \/> Las recomendaciones se aplican al agua (unidad: litro): 2000 <br \/> Especificaciones del muelle (Unidad: mm): 195\/195 <\/p>\n<p>&amp;Nbsp; para <\/p>\n<p><a><img class=\" size-large=\"><\/a><\/p>\n<p><\/p>\n<p>&amp;Nbsp; para <\/p>\n<p>1 cuerpo con materiales acr\u00edlicos (acr\u00edlicos) de alta calidad producidos. <br \/> 2 de la c\u00e1mara de reacci\u00f3n tiene un dise\u00f1o sellado, innovaci\u00f3n y apariencia est\u00e9tica <br \/> 3 especialmente dise\u00f1ado para que el agua interna de alta velocidad circule constantemente, de modo que el polvo de calcio con agua dentro del reactor tenga suficiente cepillo de molienda y contactos <br \/> 4 afuera, agua especialmente dise\u00f1ada, se ajusta m\u00e1s f\u00e1cilmente <br \/> 5 dentro del reactor no contiene material, compre el suyo propio. <\/p>\n<\/p><\/div>\n","protected":false},"excerpt":{"rendered":"<p>Reactor de calcio KR-120-6520 reactor de calcio<\/p>\n","protected":false},"featured_media":6167,"comment_status":"open","ping_status":"closed","template":"","meta":[],"product_brand":[],"product_cat":[1188],"product_tag":[],"class_list":{"0":"post-30181","1":"product","2":"type-product","3":"status-publish","4":"has-post-thumbnail","6":"product_cat-espumadores-de-proteinas","8":"first","9":"instock","10":"shipping-taxable","11":"purchasable","12":"product-type-simple"},"_links":{"self":[{"href":"https:\/\/www.myaquastore.com\/es\/wp-json\/wp\/v2\/product\/30181","targetHints":{"allow":["GET"]}}],"collection":[{"href":"https:\/\/www.myaquastore.com\/es\/wp-json\/wp\/v2\/product"}],"about":[{"href":"https:\/\/www.myaquastore.com\/es\/wp-json\/wp\/v2\/types\/product"}],"replies":[{"embeddable":true,"href":"https:\/\/www.myaquastore.com\/es\/wp-json\/wp\/v2\/comments?post=30181"}],"wp:featuredmedia":[{"embeddable":true,"href":"https:\/\/www.myaquastore.com\/es\/wp-json\/wp\/v2\/media\/6167"}],"wp:attachment":[{"href":"https:\/\/www.myaquastore.com\/es\/wp-json\/wp\/v2\/media?parent=30181"}],"wp:term":[{"taxonomy":"product_brand","embeddable":true,"href":"https:\/\/www.myaquastore.com\/es\/wp-json\/wp\/v2\/product_brand?post=30181"},{"taxonomy":"product_cat","embeddable":true,"href":"https:\/\/www.myaquastore.com\/es\/wp-json\/wp\/v2\/product_cat?post=30181"},{"taxonomy":"product_tag","embeddable":true,"href":"https:\/\/www.myaquastore.com\/es\/wp-json\/wp\/v2\/product_tag?post=30181"}],"curies":[{"name":"wp","href":"https:\/\/api.w.org\/{rel}","templated":true}]}}