{"id":30186,"date":"2016-12-27T16:03:38","date_gmt":"2016-12-27T16:03:38","guid":{"rendered":"https:\/\/www.myaquastore.com\/product\/bomba-de-valoracion-y-suministros-relacionados-lsc15-barriles-de-liquido-acrilico-de-15-litros-de-capacidad\/"},"modified":"2025-03-16T07:12:56","modified_gmt":"2025-03-16T07:12:56","slug":"bomba-de-valoracion-y-suministros-relacionados-lsc15-barriles-de-liquido-acrilico-de-15-litros-de-capacidad","status":"publish","type":"product","link":"https:\/\/www.myaquastore.com\/es\/producto\/bomba-de-valoracion-y-suministros-relacionados-lsc15-barriles-de-liquido-acrilico-de-15-litros-de-capacidad\/","title":{"rendered":"Bomba de valoraci\u00f3n y suministros relacionados LSC1,5 barriles de l\u00edquido acr\u00edlico de 1,5 litros de capacidad"},"content":{"rendered":"<h2>Descripci\u00f3n del producto <\/h2>\n<p><a><img class=\" size-large=\"><\/a><\/p>\n<p><\/p>\n<p>Barril de dep\u00f3sito Source Sea <\/p>\n<p>Barril de dep\u00f3sito de fuente Sea MARINE SOURCES que sigue una variedad de especificaciones, el uso de acr\u00edlico avanzado tiene propiedades de material adecuadas para temperatura ambiente y carga normal. Se pueden utilizar todo tipo de tanques y aditivos l\u00edquidos, ya que varios tipos de contenedores de almacenamiento de l\u00edquidos tambi\u00e9n se pueden valorar con el uso de bomba. <\/p>\n<p>El barril de dep\u00f3sito viene. Con un peque\u00f1o tubo transparente, ya sea una manguera de bomba de titulaci\u00f3n guiada en la parte final, para no obstruir y dirigir suavemente el l\u00edquido, se puede utilizar como varilla agitadora de l\u00edquidos. <\/p>\n<p>Modelo: LSC0.8 capacidad interna: 0.8L Especificaciones (tama\u00f1o de cobertura \/ altura): 90 X 90\/200 MM <br \/> Modelo: LSC1.5 capacidad interna: 1.5L Especificaciones (tama\u00f1o de cobertura \/ altura): 100 X 100\/305 MM <br \/> Modelo: LSC2.5 capacidad interna: 2.5L Especificaciones (tama\u00f1o de cobertura \/ altura): 120 X 120\/355 MM <br \/> Modelo: LSC5.0 Capacidad interna: 5.0L Especificaciones (tama\u00f1o \/ altura de la cubierta): 160 X 160\/360 MM <\/p>\n<\/p><\/div>\n","protected":false},"excerpt":{"rendered":"<p>Bomba de valoraci\u00f3n y suministros relacionados LSC1,5 barriles de l\u00edquido acr\u00edlico de 1,5 litros de capacidad<\/p>\n","protected":false},"featured_media":6175,"comment_status":"open","ping_status":"closed","template":"","meta":[],"product_brand":[],"product_cat":[1188],"product_tag":[],"class_list":{"0":"post-30186","1":"product","2":"type-product","3":"status-publish","4":"has-post-thumbnail","6":"product_cat-espumadores-de-proteinas","8":"first","9":"instock","10":"shipping-taxable","11":"purchasable","12":"product-type-simple"},"_links":{"self":[{"href":"https:\/\/www.myaquastore.com\/es\/wp-json\/wp\/v2\/product\/30186","targetHints":{"allow":["GET"]}}],"collection":[{"href":"https:\/\/www.myaquastore.com\/es\/wp-json\/wp\/v2\/product"}],"about":[{"href":"https:\/\/www.myaquastore.com\/es\/wp-json\/wp\/v2\/types\/product"}],"replies":[{"embeddable":true,"href":"https:\/\/www.myaquastore.com\/es\/wp-json\/wp\/v2\/comments?post=30186"}],"wp:featuredmedia":[{"embeddable":true,"href":"https:\/\/www.myaquastore.com\/es\/wp-json\/wp\/v2\/media\/6175"}],"wp:attachment":[{"href":"https:\/\/www.myaquastore.com\/es\/wp-json\/wp\/v2\/media?parent=30186"}],"wp:term":[{"taxonomy":"product_brand","embeddable":true,"href":"https:\/\/www.myaquastore.com\/es\/wp-json\/wp\/v2\/product_brand?post=30186"},{"taxonomy":"product_cat","embeddable":true,"href":"https:\/\/www.myaquastore.com\/es\/wp-json\/wp\/v2\/product_cat?post=30186"},{"taxonomy":"product_tag","embeddable":true,"href":"https:\/\/www.myaquastore.com\/es\/wp-json\/wp\/v2\/product_tag?post=30186"}],"curies":[{"name":"wp","href":"https:\/\/api.w.org\/{rel}","templated":true}]}}