{"id":30190,"date":"2016-12-27T16:03:41","date_gmt":"2016-12-27T16:03:41","guid":{"rendered":"https:\/\/www.myaquastore.com\/product\/bomba-de-titulacion-y-suministros-compatibles-con-la-titulacion-de-tres-canales-dsp-1\/"},"modified":"2025-03-16T07:12:58","modified_gmt":"2025-03-16T07:12:58","slug":"bomba-de-titulacion-y-suministros-compatibles-con-la-titulacion-de-tres-canales-dsp-1","status":"publish","type":"product","link":"https:\/\/www.myaquastore.com\/es\/producto\/bomba-de-titulacion-y-suministros-compatibles-con-la-titulacion-de-tres-canales-dsp-1\/","title":{"rendered":"Bomba de titulaci\u00f3n y suministros compatibles con la titulaci\u00f3n de tres canales DSP-1."},"content":{"rendered":"<h2>Descripci\u00f3n del producto <\/h2>\n<p><span><a><img class=\" size-full=\"><\/a><\/p>\n<p><\/span><strong><span>Modelo: DSP-1 <\/span><\/strong><\/p>\n<p>&amp;Nbsp; para <\/p>\n<p>Y la fuente de la bomba de microtitulaci\u00f3n MARINE SOURCES se utiliza principalmente para peceras de maricultura dom\u00e9stica. <\/p>\n<p>&amp;Nbsp; para <\/p>\n<p>Chip de microcomputadora inteligente dise\u00f1ado para proporcionar sincronizaci\u00f3n, cuantitativa y precisi\u00f3n para agregar diversos elementos de necesidad biol\u00f3gica marina, como calcio, magnesio, mejorador de kh y otros tipos de aditivos de oligoelementos para agregar suplementos. Al agregar automatizaci\u00f3n, se ahorra mano de obra y se evitan molestias, evitando el resultado adicional de mano de obra causado por la fuga de Canad\u00e1, errores excesivos o inadecuados. <\/p>\n<p>&amp;Nbsp; para <\/p>\n<p>La bomba de titulaci\u00f3n con fuente marina DSP-1 proporciona tres cabezales de titulaci\u00f3n con un adaptador de corriente independiente. <\/p>\n<p>La unidad de extensi\u00f3n DSP-2 tiene cuatro cabezales de titulaci\u00f3n, sin adaptador de corriente, sin fuente de alimentaci\u00f3n adicional, solo necesita conectarse al host DSP-1, use la alimentaci\u00f3n de la computadora que se puede encender para funcionar. <\/p>\n<p>Conexi\u00f3n del host tipo DSP-1 a la m\u00e1quina de extensi\u00f3n modelo DSP-2, puede lograr hasta 11 configuraciones de cabezal de trabajo. Consulte el siguiente esquema de conexi\u00f3n. <\/p>\n<p>&amp;Nbsp; para <\/p>\n<p>DSP-1 es una computadora central de 3 canales, con control. <\/p>\n<p>DSP-2 es una extensi\u00f3n de un 4 canales, debe ser controlado por el DSP-1. <\/p>\n<p>El DSP-1 puede controlar hasta dos DSP-2; consulte las siguientes recomendaciones de soluciones de conectividad. <\/p>\n<p>Opci\u00f3n uno: una computadora con un DSP-1 puede tener una funci\u00f3n de control de titulaci\u00f3n de 3 canales. <\/p>\n<p>Opci\u00f3n dos: un DSP-1 + un DSP-2, composici\u00f3n de 7 canales con una computadora que tiene una funci\u00f3n de control de titulaci\u00f3n. <\/p>\n<p>Opci\u00f3n tres: un DSP-1 + dos DSP-2, con una composici\u00f3n que tiene una funci\u00f3n de titulaci\u00f3n controlada por computadora de 11 canales <\/p>\n<p>M\u00e1s de tres programas, solo una fuente de alimentaci\u00f3n. <\/p>\n<p>El DSP-2 por s\u00ed solo no puede lograr funciones de titulaci\u00f3n controladas por computadora. <\/p>\n<p>&amp;Nbsp; para <\/p>\n<p><a><img class=\" size-full=\"><\/a><\/p>\n<p>&amp;Nbsp; para <\/p>\n<p>&amp;Nbsp; para <\/p>\n<p>&amp;Nbsp; para <\/p>\n<p>La bomba de titulaci\u00f3n Source sea tiene las siguientes caracter\u00edsticas <\/p>\n<p>1 Los modelos extendidos de host DSP-1 se pueden ampliar a 11 cabezales <\/p>\n<p>2 chips de microcomputadora de grado militar, productos de circuito estables, precisi\u00f3n de ca\u00edda <\/p>\n<p>3 selecci\u00f3n de cinco motores silenciosos de larga duraci\u00f3n y alto torque. <\/p>\n<p>Carcasa de 4 bombas con pl\u00e1stico autolubricante de alta resistencia a nivel de instrumentos automotrices. <\/p>\n<p>5 tiene una funci\u00f3n de ahorro de energ\u00eda para evitar apagones y tener que repetir la configuraci\u00f3n. <\/p>\n<p>Bureta de 6 grados m\u00e9dicos de alta calidad y longevidad, larga vida \u00fatil, no contiene elementos nocivos. <\/p>\n<p>Panel de control de 7 ordenadores con dise\u00f1o resistente al agua. <\/p>\n<p>Pantalla de cristal l\u00edquido LCD de 8 pulgadas, la interfaz de control del operador interactiva es amigable. <\/p>\n<p>&amp;Nbsp; para <\/p>\n<p>&amp;Nbsp; para <\/p>\n<p>Modelo: DSP-1 <\/p>\n<p>Alimentaci\u00f3n del producto: Adaptador de corriente AC100-240V <\/p>\n<p>Tama\u00f1o del producto: 230 * 130 * 75 mm <\/p>\n<p>Modo de trabajo: ciclos de intervalo despu\u00e9s de la ca\u00edda, ca\u00edda de un solo caudal e intervalos establecidos, el producto estar\u00e1 de acuerdo con los intervalos establecidos en el n\u00famero de horas de goteo intermitente. Flujo de gotas individuales ajustable de 00 a 99 ml, intervalo de tiempo ajustable de 00 a 99 horas, y el otro con modo antiinterferencia autom\u00e1tico, al mismo tiempo hay dos o m\u00e1s cabezales que necesitan caer, el cabezal de la bomba se convierte autom\u00e1ticamente al modo antiinterferencia, el cabezal de la bomba ser\u00e1 diferente en cola de goteo despu\u00e9s del cabezal anterior, un cabezal despu\u00e9s de esperar dos minutos despu\u00e9s del goteo, el goteo evitando diferentes elementos puede producir una variedad de reacciones e interferencias f\u00edsicas o qu\u00edmicas. <\/p>\n<p>&amp;Nbsp; para <\/p>\n<p><a><img class=\" size-large=\"><\/a><\/p>\n<p><a><img><\/a><\/p>\n<p><strong><a><img class=\" size-large=\"><\/a><\/p>\n<p><a><img class=\" size-full=\"><\/a><br \/><a><img class=\" size-full=\"><\/a><\/p>\n<p><a><img class=\" size-full=\"><\/a><\/p>\n<p><a><img class=\" size-full=\"><\/a><\/p>\n<p><\/strong><\/p>\n<p><a><img class=\" size-full=\"><\/a><\/p>\n<p>&amp;Nbsp; para <\/p>\n<\/p><\/div>\n","protected":false},"excerpt":{"rendered":"<p>Bomba de titulaci\u00f3n y suministros compatibles con la titulaci\u00f3n de tres canales DSP-1.<\/p>\n","protected":false},"featured_media":6184,"comment_status":"open","ping_status":"closed","template":"","meta":[],"product_brand":[],"product_cat":[1188],"product_tag":[],"class_list":{"0":"post-30190","1":"product","2":"type-product","3":"status-publish","4":"has-post-thumbnail","6":"product_cat-espumadores-de-proteinas","8":"first","9":"instock","10":"shipping-taxable","11":"purchasable","12":"product-type-simple"},"_links":{"self":[{"href":"https:\/\/www.myaquastore.com\/es\/wp-json\/wp\/v2\/product\/30190","targetHints":{"allow":["GET"]}}],"collection":[{"href":"https:\/\/www.myaquastore.com\/es\/wp-json\/wp\/v2\/product"}],"about":[{"href":"https:\/\/www.myaquastore.com\/es\/wp-json\/wp\/v2\/types\/product"}],"replies":[{"embeddable":true,"href":"https:\/\/www.myaquastore.com\/es\/wp-json\/wp\/v2\/comments?post=30190"}],"wp:featuredmedia":[{"embeddable":true,"href":"https:\/\/www.myaquastore.com\/es\/wp-json\/wp\/v2\/media\/6184"}],"wp:attachment":[{"href":"https:\/\/www.myaquastore.com\/es\/wp-json\/wp\/v2\/media?parent=30190"}],"wp:term":[{"taxonomy":"product_brand","embeddable":true,"href":"https:\/\/www.myaquastore.com\/es\/wp-json\/wp\/v2\/product_brand?post=30190"},{"taxonomy":"product_cat","embeddable":true,"href":"https:\/\/www.myaquastore.com\/es\/wp-json\/wp\/v2\/product_cat?post=30190"},{"taxonomy":"product_tag","embeddable":true,"href":"https:\/\/www.myaquastore.com\/es\/wp-json\/wp\/v2\/product_tag?post=30190"}],"curies":[{"name":"wp","href":"https:\/\/api.w.org\/{rel}","templated":true}]}}