{"id":30196,"date":"2016-12-27T16:03:42","date_gmt":"2016-12-27T16:03:42","guid":{"rendered":"https:\/\/www.myaquastore.com\/product\/material-filtrante-mspf-03-para-eliminar-nitrato-nitrito-de-algodon\/"},"modified":"2025-03-16T07:13:01","modified_gmt":"2025-03-16T07:13:01","slug":"material-filtrante-mspf-03-para-eliminar-nitrato-nitrito-de-algodon","status":"publish","type":"product","link":"https:\/\/www.myaquastore.com\/es\/producto\/material-filtrante-mspf-03-para-eliminar-nitrato-nitrito-de-algodon\/","title":{"rendered":"Material filtrante MSPF-03 para eliminar nitrato nitrito de algod\u00f3n"},"content":{"rendered":"<h2>Descripci\u00f3n del producto <\/h2>\n<div class=\" mod=\">\n<div>\n<div>\n<div class=\" detalle-inside=\">\n<div>\n<div>\n<div class=\" regi\u00f3n-custom=\">\n<div class=\" widget-custom=\">\n<div>\n<div class=\" mod-detail-description=\" data-mod-config='{\"showOn\":[\"mod-detail-description\"],\"title\":\"\ufffd\ufffd\u03f8\ufffd\ufffd\u03e2\",\"tabConfig\":{\"trace\":\"tabdetail\",\"showKey\":\"mod-detail-description\"}}'>\n<div class=\" de-description-detail=\">\n<div>\n<p><a><img class=\" alignnone=\"><\/a><\/p>\n<p>Especificaciones: 320\/125 MM <\/p>\n<p>Grosor: alrededor de 15 ~ 16 MM <\/p>\n<p>Y la fuente de algod\u00f3n filtrante multimarca eficiente <\/p>\n<p>&amp;Nbsp; para <\/p>\n<p>Puedes cortar libremente, el agua salobre es adecuada para todo tipo de filtros peque\u00f1os y medianos colocados en el filtro del acuario del tanque de f\u00f3sforos o en la rejilla del filtro. Puedes mezclar y combinar diferentes razas usadas juntas, tambi\u00e9n puedes usarlas solas. <\/p>\n<p>&amp;Nbsp; para <\/p>\n<p>&amp;Nbsp; para <\/p>\n<p>MSPF-3: NITRITO Y ESPONJA ABSORBENTE DE NITRATO para nitrato\/filtros de algod\u00f3n de nitrito <br \/> La innovadora t\u00e9cnica de nano spray, una mezcla de resinas de intercambio de lon naturales y sint\u00e9ticas elimina y elimina r\u00e1pidamente el nitrito y el nitrato en el agua. Ayuda a controlar los aumentos repentinos de amon\u00edaco y nitrito causados \u200b\u200bpor la adici\u00f3n de nuevos peces, o cada vez que se detecta nitrito o nitrato <\/p>\n<p>MSPF-3 utiliza una tecnolog\u00eda de nano-recubrimiento \u00fanica, la mezcla de iones moleculares naturales puede eliminar r\u00e1pidamente y reducir el contenido de nitrato y nitrito en el agua, el amon\u00edaco y puede controlar r\u00e1pidamente el elemento debido al nuevo elemento adicional causado biol\u00f3gicamente \/ <span>amon\u00edaco <\/span>Un aumento repentino (amon\u00edaco, es decir, amon\u00edaco) y los valores de nitrato. Tambi\u00e9n puede controlar y suprimir la generaci\u00f3n y reducir los niveles de nitrato o nitrito en circunstancias normales. Su estructura de disposici\u00f3n molecular \u00fanica tambi\u00e9n ayuda a la filtraci\u00f3n y purificaci\u00f3n de impurezas del acuario. <\/p>\n<p>&amp;Nbsp;Caracter\u00edsticas del producto: <\/p>\n<p>Y la fuente de algod\u00f3n de filtro bioqu\u00edmico de MARINE SOURCES, suficiente dureza, estructura molecular compacta, distribuci\u00f3n del principio de nano-spray. El efecto de filtraci\u00f3n y adsorci\u00f3n es una efectividad significativa y duradera. Su conjunto completo de filtros de algod\u00f3n se puede cortar libremente, el sistema de agua salobre es adecuado, adecuado para todo tipo de filtros de algod\u00f3n colocados en una variedad de tanques de filtraci\u00f3n de acuarios o rejillas de filtro\/filtros de estanques de peces como. <\/p>\n<p>&amp;Nbsp; para <\/p>\n<p>Combinaci\u00f3n de recomendaci\u00f3n <\/p>\n<p>La gama completa de MSPF de todos los tipos de filtros de algod\u00f3n se puede usar en combinaci\u00f3n (usada sola o puede ser), mejor. <\/p>\n<p>En general, nuestro consejo es: <\/p>\n<p>Primera capa: filtro de fibra de algod\u00f3n base. Modelo: MSPF-00 <\/p>\n<p>Segunda capa: algod\u00f3n filtrante de carb\u00f3n activado de alta calidad. Modelo: MSPF-01 <\/p>\n<p>Tercera capa: filtros de algod\u00f3n de varios tipos multifuncionales, en orden alfab\u00e9tico secuencial <\/p>\n<p>Adem\u00e1s de la filtraci\u00f3n con \u00e1cido fosf\u00f3rico. Modelo: MSPF-02 <\/p>\n<p>Algod\u00f3n eliminador de nitrato\/nitrito. Modelo: MSPF-03 <\/p>\n<p>Mayor absorci\u00f3n de amoniaco en algod\u00f3n. Modelo: MSPF-04 <\/p>\n<p>&amp;Nbsp; para <\/p>\n<p><a><img class=\" alignnone=\"><\/a><\/p>\n<p>Instrucciones de uso: <\/p>\n<p>1 en respuesta al filtro del tanque del acuario\/rejilla de filtro\/tama\u00f1o del filtro, corte la forma y el tama\u00f1o adecuados, generalmente requiere la mayor \u00e1rea posible para que el agua que fluye a trav\u00e9s del filtro de algod\u00f3n sea mejor. <\/p>\n<p>2 antes de usar un simple enjuague que se puede utilizar directamente. <\/p>\n<p>3 esponjas con material adsorbente de part\u00edculas finas exclusivo de la nanotecnolog\u00eda, no da\u00f1ar\u00e1n el sistema del tanque. <\/p>\n<p>Los 4 filtros de efectos especiales de algod\u00f3n deben reemplazarse regularmente de 2 a 3 meses. Y verifique regularmente que est\u00e9 suave; si el pescado est\u00e1 bloqueado, generalmente tendr\u00e1 impurezas y se puede reutilizar despu\u00e9s de la limpieza. <\/p>\n<p>5 Por favor, coloque la preservaci\u00f3n de la sombra. Mantenga todos los medicamentos fuera del alcance de los ni\u00f1os y las mascotas. <\/p>\n<p>&amp;Nbsp; para <\/p>\n<p><strong>Otras caracter\u00edsticas filtro introducci\u00f3n a la serie de algod\u00f3n: <\/strong><\/p>\n<p>&amp;Nbsp; para <\/p>\n<p>MSPF-0: filtro de fibra de algod\u00f3n a base de ESPONJA DE POLIFIBRA <\/p>\n<p>Ayuda a eliminar los desechos y desechos que flotan libremente antes de que los contaminantes se descompongan en toxinas. Se puede cortar para adaptarlo:?? Marcos de cartuchos de filtro Filtros colgantes Filtros de goteo Filtro h\u00famedo\/seco Bandejas de goteo Accesorios para cabezales el\u00e9ctricos Filtros de recipiente Filtros para estanques???? <\/p>\n<p>MSPF-0: el sistema de acuario son los filtros de algod\u00f3n m\u00e1s b\u00e1sicos, se puede cortar libremente en cualquier forma y tama\u00f1o, colocar en cualquier contenedor de filtro\/tanque de filtro\/cubo de filtro\/rejilla de filtro\/filtros superiores del tanque, etc., con suavidad a trav\u00e9s del agua, cuya disposici\u00f3n de alta densidad de estructura molecular especial puede absorber eficazmente todo tipo de impurezas del acuario, como excrementos de peces, <span>residuos de alimento, mejora la limpieza del filtro de agua. Los mejores resultados. Reducir los peces mortalidad. <\/span><\/p>\n<p>&amp;Nbsp; para <\/p>\n<p>MSPF-1: CARBON SPONGE filtro de carb\u00f3n activado <br \/> El producto ideal para limpiar y prevenir el agua turbia. <br \/> Atrapa las part\u00edculas de suciedad que flotan libremente, materiales pesados, pat\u00f3genos, cloro, fluoruro y otros contaminantes. <\/p>\n<p>MSPF-1 a\u00edsla peque\u00f1as part\u00edculas s\u00f3lidas suspendidas en la filtraci\u00f3n del agua. Limpia las impurezas del cilindro y optimiza la microcirculaci\u00f3n ecol\u00f3gica del acuario. Es uno de los suministros esenciales para el acuario. <\/p>\n<p>&amp;Nbsp; para <\/p>\n<p>MSPF-2: ESPONJA SIN FOSFATO excepto algod\u00f3n con filtro de fosfato <br \/> El producto ideal para reducir el nutriente fosfato que las algas necesitan para estimular el crecimiento. Adem\u00e1s, ayuda a prevenir el agua verde y la maleza y es seguro para las plantas pisc\u00edcolas. <\/p>\n<p>MSPF-2 puede reducir eficazmente los niveles de fosfato en el agua del acuario para evitar la producci\u00f3n de algas o musgo y otros grados, calidad estable, prevenci\u00f3n del deterioro y eliminaci\u00f3n de productos qu\u00edmicos de fosfato. Su estructura molecular \u00fanica tambi\u00e9n ayuda a la filtraci\u00f3n y purificaci\u00f3n de impurezas del acuario. <\/p>\n<p>&amp;Nbsp; para <\/p>\n<p>MSPF-3: NITRITO Y ESPONJA ABSORBENTE DE NITRATO para nitrato\/filtros de algod\u00f3n de nitrito <br \/> La innovadora t\u00e9cnica de nano spray, una mezcla de resinas de intercambio de lon naturales y sint\u00e9ticas elimina y elimina r\u00e1pidamente el nitrito y el nitrato en el agua. Ayuda a controlar los aumentos repentinos de amon\u00edaco y nitrito causados \u200b\u200bpor la adici\u00f3n de nuevos peces, o cada vez que se detecta nitrito o nitrato <\/p>\n<p>MSPF-3 utiliza una tecnolog\u00eda de nano-recubrimiento \u00fanica, la mezcla de iones moleculares naturales puede eliminar r\u00e1pidamente y reducir el contenido de nitrato y nitrito en el agua, el amon\u00edaco y puede controlar r\u00e1pidamente el elemento debido al nuevo elemento adicional causado biol\u00f3gicamente \/ <span>amon\u00edaco <\/span>Un aumento repentino (amon\u00edaco, es decir, amon\u00edaco) y los valores de nitrato. Tambi\u00e9n puede controlar y suprimir la generaci\u00f3n y reducir los niveles de nitrato o nitrito en circunstancias normales. Su estructura molecular \u00fanica tambi\u00e9n ayuda a la filtraci\u00f3n y purificaci\u00f3n de impurezas del acuario. <\/p>\n<p>&amp;Nbsp;MSPF-4: ESPONJA REDUCTORA DE AMON\u00cdACO Potente algod\u00f3n absorbente de amon\u00edaco <br \/> El producto ideal para reducir la toxicidad del amon\u00edaco en el agua de un acuario. Resina especial que absorbe el amon\u00edaco y extrae el amon\u00edaco del agua impidiendo el intercambio entre NO2 y NO3. Ayuda a controlar las toxinas asociadas con la introducci\u00f3n de nuevos peces en un acuario, la sobrealimentaci\u00f3n y la sobrealimentaci\u00f3n. <\/p>\n<p>MSPF-4, que utiliza una tecnolog\u00eda de nano-recubrimiento \u00fanica, puede tener un elemento eficaz de absorci\u00f3n de amon\u00edaco\/<span>amon\u00edaco <\/span> (amon\u00edaco, es decir). amon\u00edaco) que puede prevenir el intercambio de materiales peligrosos generados por di\u00f3xido de nitr\u00f3geno y tri\u00f3xido de nitr\u00f3geno, y capaz de absorber la prevenci\u00f3n y el control de la adici\u00f3n de nuevos peces de acuario, o el apareamiento, etc., sustancias peligrosas generadas. Su estructura molecular \u00fanica tambi\u00e9n ayuda a la filtraci\u00f3n y purificaci\u00f3n de impurezas del acuario. <\/p>\n<\/p><\/div><\/div><\/div><\/div><\/div>\n<div class=\" widget-custom=\"><\/div><\/div><\/div><\/div><\/div><\/div><\/div><\/div>\n<div class=\" mod=\">\n<div>\n<div>\n<div class=\" detalle-inside=\">\n<div>\n<div>\n<div class=\" regi\u00f3n-custom=\">\n<div class=\" widget-custom=\">\n<div> &lt;div class=&quot; mod-detail-dealrecord=&quot; mod-info&quot;=&quot; id=&quot; mod-detail-dealrecord&quot;=&quot; estilo=&quot; margen:=&quot; 0px=&quot; 0px=&quot; 32px;=&quot; posici\u00f3n:=&quot; relativa;&quot;=&quot; data-mod-config=&#039;{&quot;showOn&quot;:[&quot;mod-detail-description&quot;,&quot;mod-detail-dealrecord&quot;],&quot;title&quot;:&quot;\ufffd\u027d\ufffd<em>0<\/em>\u00ab,\u00bbtabConfig\u00bb:{\u00abtrace\u00bb:\u00bbtabdealrecord\u00bb,\u00bbshowKey\u00bb:\u00bbmod-detail-dealrecord \u00ab},\u00bbremarkListUrl\u00bb:\u00bbhttp:\/\/rate.1688.com\/remark\/offerDetail\/saleRecords.json?offerId=41188401245&#8243;,\u00bbtotal\u00bb:\u00bb0&#8243;,\u00bbhalfYearTotal\u00bb:\u00bb0&#8243;,\u00bbtotalRate\u00bb:\u00bb0&#8243;,\u00bbisTgcSKUOffer\u00bb:\u00bbfalse\u00bb}&#8217;&gt; <\/p>\n<div class=\" header=\">\n<h2>Registro de transacciones <\/h2>\n<\/p><\/div><\/div><\/div><\/div><\/div><\/div><\/div><\/div><\/div><\/div><\/div><\/div>\n","protected":false},"excerpt":{"rendered":"<p>Material filtrante MSPF-03 para eliminar nitrato nitrito de algod\u00f3n<\/p>\n","protected":false},"featured_media":6203,"comment_status":"open","ping_status":"closed","template":"","meta":[],"product_brand":[],"product_cat":[1188],"product_tag":[],"class_list":{"0":"post-30196","1":"product","2":"type-product","3":"status-publish","4":"has-post-thumbnail","6":"product_cat-espumadores-de-proteinas","8":"first","9":"instock","10":"shipping-taxable","11":"purchasable","12":"product-type-simple"},"_links":{"self":[{"href":"https:\/\/www.myaquastore.com\/es\/wp-json\/wp\/v2\/product\/30196","targetHints":{"allow":["GET"]}}],"collection":[{"href":"https:\/\/www.myaquastore.com\/es\/wp-json\/wp\/v2\/product"}],"about":[{"href":"https:\/\/www.myaquastore.com\/es\/wp-json\/wp\/v2\/types\/product"}],"replies":[{"embeddable":true,"href":"https:\/\/www.myaquastore.com\/es\/wp-json\/wp\/v2\/comments?post=30196"}],"wp:featuredmedia":[{"embeddable":true,"href":"https:\/\/www.myaquastore.com\/es\/wp-json\/wp\/v2\/media\/6203"}],"wp:attachment":[{"href":"https:\/\/www.myaquastore.com\/es\/wp-json\/wp\/v2\/media?parent=30196"}],"wp:term":[{"taxonomy":"product_brand","embeddable":true,"href":"https:\/\/www.myaquastore.com\/es\/wp-json\/wp\/v2\/product_brand?post=30196"},{"taxonomy":"product_cat","embeddable":true,"href":"https:\/\/www.myaquastore.com\/es\/wp-json\/wp\/v2\/product_cat?post=30196"},{"taxonomy":"product_tag","embeddable":true,"href":"https:\/\/www.myaquastore.com\/es\/wp-json\/wp\/v2\/product_tag?post=30196"}],"curies":[{"name":"wp","href":"https:\/\/api.w.org\/{rel}","templated":true}]}}