{"id":30198,"date":"2016-12-27T16:03:42","date_gmt":"2016-12-27T16:03:42","guid":{"rendered":"https:\/\/www.myaquastore.com\/product\/anillo-de-ceramica-de-infrarrojo-lejano-de-calidad-del-material-del-filtro-volcanico\/"},"modified":"2025-03-16T07:13:02","modified_gmt":"2025-03-16T07:13:02","slug":"anillo-de-ceramica-de-infrarrojo-lejano-de-calidad-del-material-del-filtro-volcanico","status":"publish","type":"product","link":"https:\/\/www.myaquastore.com\/es\/producto\/anillo-de-ceramica-de-infrarrojo-lejano-de-calidad-del-material-del-filtro-volcanico\/","title":{"rendered":"Anillo de cer\u00e1mica de infrarrojo lejano de calidad del material del filtro volc\u00e1nico"},"content":{"rendered":"<h2>Descripci\u00f3n del producto <\/h2>\n<p><img><br class=\"\"><br class=\"\"><\/p>\n<p><br class=\"\"><br class=\"\"><img decoding=\"async\" width=\"\" height=\"\" class=\"\" alt=\"\" src=\"\"><br class=\"\"><br class=\"\"><br class=\"\"><br class=\"\"><\/p>\n<p align=\"\">\n<p align=\"\"><strong>Fuente Mar \/ Mar \ufffd\ufffd fuente \/ FUENTES MARINAS Casa de bacterias de anillo de cer\u00e1mica porosa volc\u00e1nica de infrarrojo lejano coleccionables <\/strong>Es la versi\u00f3n de exportaci\u00f3n del filtro de nivel superior, es una casa de bacterias de infrarrojo lejano rica en funciones, acompa\u00f1ada de poros finos caracter\u00edsticos m\u00e1s transpirables. Su fina estructura de panal porosa, bacterias m\u00e1s beneficiosas. Mediante el uso de un mineral poroso, bacterias biol\u00f3gicas, ricas en minerales y cenizas volc\u00e1nicas microporosas y refinadas. Ofrece un buen ambiente a los microorganismos par\u00e1sitos m\u00e1s adecuados, puede formar un gran n\u00famero de bacterias beneficiosas, reconstruir la calidad ecol\u00f3gica original del agua, una descomposici\u00f3n m\u00e1s r\u00e1pida debido a la sobrealimentaci\u00f3n o aumentar la carga de alimento para peces causada por el nitrito. Adecuado para todo uso a largo plazo de cilindros de tanque de agua dulce y agua de mar. y puede promover el metabolismo de los peces y del cuerpo de sustancias nocivas. Aumenta eficazmente la cantidad de ox\u00edgeno disuelto en el agua. el agua y la eliminaci\u00f3n de elementos met\u00e1licos pesados \u200b\u200bnocivos. Proporcionan la mayor residencia de bacterias digestivas beneficiosas. Calor de 1600 grados despu\u00e9s de aprovechar el procesamiento de la calidad del agua y luego activarlo. inducir el color del pelo de pescado. es un material de filtrado ideal <\/p>\n<p align=\"\">\n<p align=\"\">El efecto de filtrado es el efecto de las bacterias comunes que albergan 10 veces, cambiar el agua puede extender el tiempo para mantener el agua del acuario limpia. <\/p>\n<p align=\"\">\n<p align=\"\"><strong>Perfil de eficacia: <\/strong><\/p>\n<p align=\"\">Anillo de cer\u00e1mica de infrarrojo lejano volc\u00e1n rojo, el volc\u00e1nico agrega elementos especiales y los anillos tradicionales de biovidrio y otros anillos de filtro de cer\u00e1mica blanca, en comparaci\u00f3n, contienen minerales y oligoelementos m\u00e1s abundantes, para proporcionar un nivel m\u00e1s estable de valor de PH, pueden mantener eficazmente la salud del amor. A trav\u00e9s de la superficie porosa del proceso de sinterizaci\u00f3n a alta temperatura, el \u00e1rea de superficie espec\u00edfica del cultivo de bacterias fue 100 veces mayor que la del filtro cer\u00e1mico general, aceler\u00f3 efectivamente el establecimiento del sistema de nitrificaci\u00f3n y regeneraci\u00f3n con una estructura de poros de alta penetraci\u00f3n para facilitar una r\u00e1pida cobertura de saturaci\u00f3n de agua, proporcionando espacio aer\u00f3bico y anaer\u00f3bico, poblaciones bacterianas activas de flora bacteriana aer\u00f3bica y anaer\u00f3bica, controlando efectivamente la acumulaci\u00f3n de nitrito y nitrato. <\/p>\n<p align=\"\">\n<p align=\"\"> <strong>Comparado con el filtro general: <\/strong><\/p>\n<p align=\"\"><strong>&amp;Nbsp; para <\/strong><\/p>\n<ul>\n<li>Dado que los poros ten\u00edan forma abierta, incluso despu\u00e9s de un uso prolongado se obstruyen. <\/li>\n<li>Elemento volc\u00e1nico particular agregado, contenido mineral m\u00e1s rico, el valor de PH es m\u00e1s estable. <\/li>\n<li>El efecto de filtrado es el efecto de las bacterias comunes que se alojan 10 veces; cambiar el agua puede prolongar el tiempo para mantener el agua del acuario limpia. <\/li>\n<li>\u00a1La descomposici\u00f3n de sustancias nocivas es m\u00e1s de 10 veces la velocidad de un anillo normal de vidrio o cer\u00e1mica! <\/li>\n<li>\u00a1La superficie biol\u00f3gica es 300 veces la pelota! <\/li>\n<li>\u00a1Intrincada estructura capilar con fijaci\u00f3n m\u00e1s eficaz de bacterias nitrificantes! <\/li>\n<li>Una gran cantidad de poros ultrafinos proporcionan un caldo de cultivo ideal para las bacterias desnitrificantes. <\/li>\n<li>Superficie cubierta con poros muy finos, es 10 veces mayor que el bucle de cultivo de bacterias desnitrificantes biol\u00f3gicas comunes <\/li>\n<li>Embalaje para la versi\u00f3n de exportaci\u00f3n del empaque de caja s\u00faper dura, hermoso y mejor resistencia a la compresi\u00f3n (productos no comerciales y empaques de caja blanda baratos, m\u00e1s capaces de proteger la integridad del anillo de cer\u00e1mica) <\/li>\n<\/ul>\n<p align=\"\">\n<p align=\"\">Part\u00edcula Tama\u00f1o: aproximadamente 16 X 16 MM <\/p>\n<p align=\"\">Embalaje: Capacidad del filtro: 1L \/ 2,5L <\/p>\n<p align=\"\">\n<p align=\"\">Enjuague con agua y d\u00e9jelo en remojo durante media hora despu\u00e9s de desempacar 1: Recordatorio <\/p>\n<p align=\"\">2 Dado que el filtro es un elemento fr\u00e1gil, colisiona Durante la producci\u00f3n, el transporte puede provocar que el anillo cer\u00e1mico est\u00e9 incompleto o astillado, esto es normal y no afecta el uso normal del producto. <\/p>\n<p><br class=\"\"><br class=\"\"><img decoding=\"async\" width=\"\" height=\"\" class=\"\" alt=\"\" src=\"\"><\/p>\n<p><br class=\"\"><br class=\"\"><img decoding=\"async\" width=\"\" alt=\"\" src=\"\"><br class=\"\"><br class=\"\"><br class=\"\"><img decoding=\"async\" width=\"\" height=\"\" class=\"\" alt=\"\" src=\"\"><\/p>\n<\/p><\/div>\n<p>\u00ab<\/p>\n","protected":false},"excerpt":{"rendered":"<p>Anillo de cer\u00e1mica de infrarrojo lejano de calidad del material del filtro volc\u00e1nico<\/p>\n","protected":false},"featured_media":6215,"comment_status":"open","ping_status":"closed","template":"","meta":[],"product_brand":[],"product_cat":[1188],"product_tag":[],"class_list":{"0":"post-30198","1":"product","2":"type-product","3":"status-publish","4":"has-post-thumbnail","6":"product_cat-espumadores-de-proteinas","8":"first","9":"instock","10":"shipping-taxable","11":"purchasable","12":"product-type-simple"},"_links":{"self":[{"href":"https:\/\/www.myaquastore.com\/es\/wp-json\/wp\/v2\/product\/30198","targetHints":{"allow":["GET"]}}],"collection":[{"href":"https:\/\/www.myaquastore.com\/es\/wp-json\/wp\/v2\/product"}],"about":[{"href":"https:\/\/www.myaquastore.com\/es\/wp-json\/wp\/v2\/types\/product"}],"replies":[{"embeddable":true,"href":"https:\/\/www.myaquastore.com\/es\/wp-json\/wp\/v2\/comments?post=30198"}],"wp:featuredmedia":[{"embeddable":true,"href":"https:\/\/www.myaquastore.com\/es\/wp-json\/wp\/v2\/media\/6215"}],"wp:attachment":[{"href":"https:\/\/www.myaquastore.com\/es\/wp-json\/wp\/v2\/media?parent=30198"}],"wp:term":[{"taxonomy":"product_brand","embeddable":true,"href":"https:\/\/www.myaquastore.com\/es\/wp-json\/wp\/v2\/product_brand?post=30198"},{"taxonomy":"product_cat","embeddable":true,"href":"https:\/\/www.myaquastore.com\/es\/wp-json\/wp\/v2\/product_cat?post=30198"},{"taxonomy":"product_tag","embeddable":true,"href":"https:\/\/www.myaquastore.com\/es\/wp-json\/wp\/v2\/product_tag?post=30198"}],"curies":[{"name":"wp","href":"https:\/\/api.w.org\/{rel}","templated":true}]}}