{"id":30200,"date":"2016-12-27T16:03:42","date_gmt":"2016-12-27T16:03:42","guid":{"rendered":"https:\/\/www.myaquastore.com\/product\/coral-mar-sal-mar-%ef%bf%bd%ef%bf%bdfuente-fuente-sal-de-coral-bidones-de-20-kg\/"},"modified":"2025-03-16T07:13:04","modified_gmt":"2025-03-16T07:13:04","slug":"coral-mar-sal-mar-%ef%bf%bd%ef%bf%bdfuente-fuente-sal-de-coral-bidones-de-20-kg","status":"publish","type":"product","link":"https:\/\/www.myaquastore.com\/es\/producto\/coral-mar-sal-mar-%ef%bf%bd%ef%bf%bdfuente-fuente-sal-de-coral-bidones-de-20-kg\/","title":{"rendered":"Coral Mar sal mar \ufffd?\ufffd?fuente fuente sal de coral bidones de 20 kg"},"content":{"rendered":"<h2>Descripci\u00f3n del producto <\/h2>\n<p><a><img class=\" size-large=\"><\/a><\/p>\n<p>FUENTES MARINAS Fuente: Coral La sal marina utiliza una formulaci\u00f3n alemana modificada de \u00faltimo desarrollo, se compromete a replicar el est\u00e1ndar de coral de agua de mar natural, que contiene los elementos b\u00e1sicos y oligoelementos necesarios para las aguas naturales de un arrecife de coral. Se puede proporcionar una versi\u00f3n mejorada de calcio, magnesio y estroncio para satisfacer todas las necesidades del crecimiento del coral y puede acelerar el crecimiento de la estructura del esqueleto del coral, mejorar la vitalidad y la resistencia del coral. <br \/> R\u00e1pida disoluci\u00f3n, libre de fosfatos y nitratos. <br \/> Advertencia: s\u00f3lo para uso en acuicultura. <br \/> \u00a1Mant\u00e9ngase fuera del alcance de los art\u00edculos infantiles del lugar! <br \/> Especificaciones: barril de 20 kg <br \/> Componente de configuraci\u00f3n: 20 kg se aplican a 525 ~ 550 litros de agua de mar <\/p>\n<p>&amp;Nbsp; para <\/p>\n<p><a><img class=\" size-full=\"><\/a><\/p>\n<p><\/p>\n<p><a><img class=\" size-full=\"><\/a><\/p>\n<p><a><img><\/a><\/p>\n<p><a><img class=\" size-full=\"><\/a><\/p>\n<\/p><\/div>\n","protected":false},"excerpt":{"rendered":"<p>Coral Mar sal mar \ufffd?\ufffd?fuente fuente sal de coral bidones de 20 kg<\/p>\n","protected":false},"featured_media":6224,"comment_status":"open","ping_status":"closed","template":"","meta":[],"product_brand":[],"product_cat":[1188],"product_tag":[],"class_list":{"0":"post-30200","1":"product","2":"type-product","3":"status-publish","4":"has-post-thumbnail","6":"product_cat-espumadores-de-proteinas","8":"first","9":"instock","10":"shipping-taxable","11":"purchasable","12":"product-type-simple"},"_links":{"self":[{"href":"https:\/\/www.myaquastore.com\/es\/wp-json\/wp\/v2\/product\/30200","targetHints":{"allow":["GET"]}}],"collection":[{"href":"https:\/\/www.myaquastore.com\/es\/wp-json\/wp\/v2\/product"}],"about":[{"href":"https:\/\/www.myaquastore.com\/es\/wp-json\/wp\/v2\/types\/product"}],"replies":[{"embeddable":true,"href":"https:\/\/www.myaquastore.com\/es\/wp-json\/wp\/v2\/comments?post=30200"}],"wp:featuredmedia":[{"embeddable":true,"href":"https:\/\/www.myaquastore.com\/es\/wp-json\/wp\/v2\/media\/6224"}],"wp:attachment":[{"href":"https:\/\/www.myaquastore.com\/es\/wp-json\/wp\/v2\/media?parent=30200"}],"wp:term":[{"taxonomy":"product_brand","embeddable":true,"href":"https:\/\/www.myaquastore.com\/es\/wp-json\/wp\/v2\/product_brand?post=30200"},{"taxonomy":"product_cat","embeddable":true,"href":"https:\/\/www.myaquastore.com\/es\/wp-json\/wp\/v2\/product_cat?post=30200"},{"taxonomy":"product_tag","embeddable":true,"href":"https:\/\/www.myaquastore.com\/es\/wp-json\/wp\/v2\/product_tag?post=30200"}],"curies":[{"name":"wp","href":"https:\/\/api.w.org\/{rel}","templated":true}]}}