{"id":30205,"date":"2016-12-27T16:03:42","date_gmt":"2016-12-27T16:03:42","guid":{"rendered":"https:\/\/www.myaquastore.com\/product\/barril-de-zeolita-zeolita-dzr-200h\/"},"modified":"2025-03-16T07:13:06","modified_gmt":"2025-03-16T07:13:06","slug":"barril-de-zeolita-zeolita-dzr-200h","status":"publish","type":"product","link":"https:\/\/www.myaquastore.com\/es\/producto\/barril-de-zeolita-zeolita-dzr-200h\/","title":{"rendered":"Barril de zeolita zeolita DZR-200H"},"content":{"rendered":"<h2>Descripci\u00f3n del producto <\/h2>\n<div><a><img class=\" alignnone=\"><\/a><\/p>\n<\/div>\n<div><\/div>\n<div>\n<p>Y la fuente del barril de zeolita MARINE SOURCES (bomba Devil) DZR-200H <\/p>\n<div>Modelo:. DZR-200H <br \/> Tipo de lugar: Incorporado <br \/> Especificaciones del producto (di\u00e1metro \/ altura MM): 200\/700 <br \/> Bomba de uso: Devil D4000 <\/div>\n<div>Potencia \/ Flujo: 55W \/ 4000L \/ H <br \/> Agua m\u00e1xima tratada: 3300L: <\/div>\n<div>Especificaci\u00f3n de \u00e1rea (MM):, 370\/220 <\/div><\/div>\n<div><\/div>\n<div><\/div>\n<div>\n<div><\/div>\n<div>Barril de zeolita Descripci\u00f3n de uso: <\/div>\n<div>(En adelante, datos de zeolita de Internet, como referencia) <\/div>\n<div><\/div>\n<div>Fuente de zeolita marina que utiliza una tina acr\u00edlica de alta calidad y una producci\u00f3n avanzada de tuber\u00edas, es una nueva generaci\u00f3n de equipos de filtraci\u00f3n de tanques de agua de mar, el sistema est\u00e1 construido con equipos esenciales Zeovit. El sistema es actualmente reconocido por los c\u00edrculos Zeovit en el pa\u00eds y en el extranjero, los corales de peces marinos, en particular, son los sistemas de soporte vital de corales SPS m\u00e1s perfectos.<\/div>\n<div><\/div>\n<div>\n<p>PS: fuente de barril de zeolita mar con tanta flexibilidad ajuste la bomba de acuerdo con las bombas de agua del tanque al uso de flujo m\u00e1ximo recomendado, como el tanque del cliente es relativamente peque\u00f1o, se recomienda v\u00e1lvulas de bola adicionales de 20 mm (consulte tambi\u00e9n la necesidad de comprar una conexi\u00f3n viva de 20 mm, conexi\u00f3n), <\/p>\n<p>&amp;Nbsp; <\/p>\n<p>Tambi\u00e9n conocidas como rocas volc\u00e1nicas zeol\u00edticas, las rocas sedimentarias de la erupci\u00f3n volc\u00e1nica se forman a partir de materia org\u00e1nica sedimentaria que se licua o vaporiza para generar agujeros finos, y estos agujeros son generalmente mol\u00e9culas org\u00e1nicas del mismo tama\u00f1o, peque\u00f1as como un nan\u00f3metro, que es similar a la estructura interna de poros densos de la esponja, por lo que la materia org\u00e1nica en el agua tiene una fuerte adsorci\u00f3n. Esta es una zeolita con principio de filtraci\u00f3n f\u00edsica. <\/p>\n<p>Roca sedimentaria formada a partir de sales minerales de zeolita de aluminio, como el selenio, compuesta, bas\u00e1ndose en el principio de intercambio i\u00f3nico, en cationes de zeolita que tienen una fuerte adsorci\u00f3n. Esta es una zeolita con principio de filtraci\u00f3n qu\u00edmica. <\/p>\n<p>La zeolita puede ser adsorci\u00f3n de mol\u00e9culas org\u00e1nicas e inorg\u00e1nicas, com\u00fanmente metanol, amon\u00edaco y otras mol\u00e9culas m\u00e1s peque\u00f1as, la mayor\u00eda de estas sustancias son el skimmer y el carb\u00f3n activado puede manejar fuera del rango. Por tanto, la zeolita en aplicaciones de agua de mar puede ralentizar en gran medida el envejecimiento de la calidad del agua. <\/p>\n<p>Los beneficios de la aplicaci\u00f3n de zeolita en tanques de agua de mar son los siguientes: <br \/> 1, para mantener una concentraci\u00f3n relativamente baja de NO3 y NO4 + (amon\u00edaco\/amonio), las condiciones \u00f3ptimas de vida de las criaturas marinas NH3 + (NH4 +) &lt;0,02 ppm o menos, y una variedad de m\u00e9todos de filtrado tradicionales pueden crear dicho ambiente, pero quieren caer m\u00e1s bajo para depender de la zeolita, que es muy importante para mantener los corales SPS. <br \/> 2, porque la zeolita adsorbe la funci\u00f3n org\u00e1nica, reduciendo as\u00ed la generaci\u00f3n de sales inorg\u00e1nicas. <br \/> 3, evite el contenido excesivo de elementos met\u00e1licos en el agua de mar. <br \/> 4, el balance h\u00eddrico de las concentraciones de carbono org\u00e1nico, nitr\u00f3geno org\u00e1nico y f\u00f3sforo org\u00e1nico. Estas tres sustancias, cuanto m\u00e1s estables sean los microorganismos del cilindro, cuanto m\u00e1s fuerte sea el sonido, mejor ser\u00e1 el estado del coral. <br \/> 5, aumenta la transparencia del tanque <br \/> 6, adsorci\u00f3n excesiva de aditivos, para construir el mejor buffer. <br \/> 7, un agente blanqueador natural <\/p>\n<p>Pero la zeolita tiene desventajas, como ocurre con todos los filtros biol\u00f3gicos durante su uso, la superficie se adherir\u00e1 a una gran cantidad de bacterias beneficiosas, porque los poros de la zeolita son extremadamente peque\u00f1os, por lo que es f\u00e1cil de bloquear y, finalmente, pierde por completo su funci\u00f3n adecuada. Por lo tanto, el uso de zeolita en el mar en el tanque debe cumplir con el principio de limpieza frecuente (limpieza), y en el proceso de limpieza, cuanto m\u00e1s intenso, mejor rodar\u00e1 la zeolita. Si el producto de barril de zeolita ZF-140 proporciona un ajuste preciso al entorno de trabajo de la zeolita, la zeolita en barril acr\u00edlico, menor ser\u00e1 el uso de una bomba sumergible con un flujo constante de entrada de agua de mar y luego saldr\u00e1 desde la parte superior. Para fortalecer la zeolita rodante, este producto est\u00e1 especialmente dise\u00f1ado con asas, se recomienda empujar y tirar al menos 30 veces al d\u00eda. <\/p>\n<p>Precauci\u00f3n: <br \/> 1, el uso de este producto reducir\u00e1 los nutrientes en el agua de mar, para no tener que alimentar el blanqueamiento del coral, pero de repente una gran cantidad de alimentaci\u00f3n aumentar\u00e1 la carga en el sistema de filtro debe ser gradual para reducir los nutrientes y la alimentaci\u00f3n debe ser equilibrada. <br \/> 2, una pecera nueva que utilice este producto, debe durar al menos dos meses para mantener el agua lentamente en el organismo. Las peceras viejas para usar este producto deben filtrarse durante un per\u00edodo m\u00e1s prolongado, ya que este producto absorber\u00e1 nutrientes, lo que provocar\u00e1 la muerte de los microorganismos del cilindro porque no hay alimento y, por lo tanto, los tanques de filtraci\u00f3n biol\u00f3gica m\u00e1s dependientes de la transici\u00f3n ya no ser\u00e1n necesarios. <br \/> 3, dado que el funcionamiento del producto existe un cierto grado de dificultad, por lo que est\u00e1 decidido a comprar, advierta a los clientes: esto solo se aplica a equipos que tienen una experiencia considerable y un nivel de entusiasta, pero no es adecuado para el contacto con tanques de agua de mar para principiantes. <\/p>\n<\/p><\/div><\/div>\n<div><a><img class=\" size-full=\"><\/a><\/p>\n<p><\/div><\/div>\n","protected":false},"excerpt":{"rendered":"<p>Barril de zeolita zeolita DZR-200H<\/p>\n","protected":false},"featured_media":6230,"comment_status":"open","ping_status":"closed","template":"","meta":[],"product_brand":[],"product_cat":[1188],"product_tag":[],"class_list":{"0":"post-30205","1":"product","2":"type-product","3":"status-publish","4":"has-post-thumbnail","6":"product_cat-espumadores-de-proteinas","8":"first","9":"instock","10":"shipping-taxable","11":"purchasable","12":"product-type-simple"},"_links":{"self":[{"href":"https:\/\/www.myaquastore.com\/es\/wp-json\/wp\/v2\/product\/30205","targetHints":{"allow":["GET"]}}],"collection":[{"href":"https:\/\/www.myaquastore.com\/es\/wp-json\/wp\/v2\/product"}],"about":[{"href":"https:\/\/www.myaquastore.com\/es\/wp-json\/wp\/v2\/types\/product"}],"replies":[{"embeddable":true,"href":"https:\/\/www.myaquastore.com\/es\/wp-json\/wp\/v2\/comments?post=30205"}],"wp:featuredmedia":[{"embeddable":true,"href":"https:\/\/www.myaquastore.com\/es\/wp-json\/wp\/v2\/media\/6230"}],"wp:attachment":[{"href":"https:\/\/www.myaquastore.com\/es\/wp-json\/wp\/v2\/media?parent=30205"}],"wp:term":[{"taxonomy":"product_brand","embeddable":true,"href":"https:\/\/www.myaquastore.com\/es\/wp-json\/wp\/v2\/product_brand?post=30205"},{"taxonomy":"product_cat","embeddable":true,"href":"https:\/\/www.myaquastore.com\/es\/wp-json\/wp\/v2\/product_cat?post=30205"},{"taxonomy":"product_tag","embeddable":true,"href":"https:\/\/www.myaquastore.com\/es\/wp-json\/wp\/v2\/product_tag?post=30205"}],"curies":[{"name":"wp","href":"https:\/\/api.w.org\/{rel}","templated":true}]}}