{"id":30212,"date":"2016-12-27T16:03:43","date_gmt":"2016-12-27T16:03:43","guid":{"rendered":"https:\/\/www.myaquastore.com\/product\/ademas-de-la-caja-fuente-silenciador-de-espuma-marina-caja-silenciadora-antivaho-btb-2\/"},"modified":"2025-03-16T07:13:09","modified_gmt":"2025-03-16T07:13:09","slug":"ademas-de-la-caja-fuente-silenciador-de-espuma-marina-caja-silenciadora-antivaho-btb-2","status":"publish","type":"product","link":"https:\/\/www.myaquastore.com\/es\/producto\/ademas-de-la-caja-fuente-silenciador-de-espuma-marina-caja-silenciadora-antivaho-btb-2\/","title":{"rendered":"Adem\u00e1s de la caja fuente Silenciador de espuma marina Caja silenciadora antivaho BTB-2"},"content":{"rendered":"<h2>Descripci\u00f3n del producto <\/h2>\n<div>\n<p>Adem\u00e1s de lanzar caja de silenciador de espuma <\/p>\n<div>\n<div>Especificaciones: <\/div>\n<div>Modelo: BTB-2 <\/div>\n<div>Caudal: 3800 L\/H <\/div>\n<div>Altura t: 520MM <\/div>\n<div>Especificaciones de la cubierta: 240MM\/ 140 mm <\/div>\n<div>Especificaci\u00f3n de entrada: 40 mm <\/div><\/div>\n<div><a><img class=\" wp-image-3133=\"><\/a><\/p>\n<\/div>\n<div>MS lanzando una caja silenciadora de espuma con procesos de producci\u00f3n de materiales acr\u00edlicos de alta calidad, mediante la conexi\u00f3n de tuber\u00edas de agua de acuario, puede resolver eficazmente problemas comunes adem\u00e1s de los siguientes <\/div>\n<div>1 para reducir la salida de una gran cantidad de espuma <\/div>\n<div>2 reducir las salpicaduras de sal marina <\/div>\n<div>3 reducir eficazmente el volumen de agua <\/div>\n<div>4 al golpear un cuerpo de agua, aumentar el contenido de ox\u00edgeno. <\/div>\n<div>\n<div>Di\u00e1metro de entrada de 32 mm. En el momento de la instalaci\u00f3n, conexi\u00f3n de manguera o tuber\u00eda dura de 30 mm. <\/div>\n<div>\n<\/div><\/div>\n<div>Esquema <\/div><\/div>\n<div><a><img class=\" alignnone=\"><\/a><\/div>\n<div>\n<div>\n<\/div>\n<div>? <\/div><\/div>\n<div><\/div>\n<div>\n<\/div>\n<div><\/div>\n<div><\/div><\/div>\n","protected":false},"excerpt":{"rendered":"<p>Adem\u00e1s de la caja fuente Silenciador de espuma marina Caja silenciadora antivaho BTB-2<\/p>\n","protected":false},"featured_media":6251,"comment_status":"open","ping_status":"closed","template":"","meta":[],"product_brand":[],"product_cat":[1188],"product_tag":[],"class_list":{"0":"post-30212","1":"product","2":"type-product","3":"status-publish","4":"has-post-thumbnail","6":"product_cat-espumadores-de-proteinas","8":"first","9":"instock","10":"shipping-taxable","11":"purchasable","12":"product-type-simple"},"_links":{"self":[{"href":"https:\/\/www.myaquastore.com\/es\/wp-json\/wp\/v2\/product\/30212","targetHints":{"allow":["GET"]}}],"collection":[{"href":"https:\/\/www.myaquastore.com\/es\/wp-json\/wp\/v2\/product"}],"about":[{"href":"https:\/\/www.myaquastore.com\/es\/wp-json\/wp\/v2\/types\/product"}],"replies":[{"embeddable":true,"href":"https:\/\/www.myaquastore.com\/es\/wp-json\/wp\/v2\/comments?post=30212"}],"wp:featuredmedia":[{"embeddable":true,"href":"https:\/\/www.myaquastore.com\/es\/wp-json\/wp\/v2\/media\/6251"}],"wp:attachment":[{"href":"https:\/\/www.myaquastore.com\/es\/wp-json\/wp\/v2\/media?parent=30212"}],"wp:term":[{"taxonomy":"product_brand","embeddable":true,"href":"https:\/\/www.myaquastore.com\/es\/wp-json\/wp\/v2\/product_brand?post=30212"},{"taxonomy":"product_cat","embeddable":true,"href":"https:\/\/www.myaquastore.com\/es\/wp-json\/wp\/v2\/product_cat?post=30212"},{"taxonomy":"product_tag","embeddable":true,"href":"https:\/\/www.myaquastore.com\/es\/wp-json\/wp\/v2\/product_tag?post=30212"}],"curies":[{"name":"wp","href":"https:\/\/api.w.org\/{rel}","templated":true}]}}