{"id":30220,"date":"2016-12-27T16:03:48","date_gmt":"2016-12-27T16:03:48","guid":{"rendered":"https:\/\/www.myaquastore.com\/product\/skimmer-red-devil-skimmer-de-botella-recta-sdp-serie-sdp-750-el-cuerpo-de-agua-mas-grande-de-red-devil-adecuado-para-750l\/"},"modified":"2025-03-16T07:13:59","modified_gmt":"2025-03-16T07:13:59","slug":"skimmer-red-devil-skimmer-de-botella-recta-sdp-serie-sdp-750-el-cuerpo-de-agua-mas-grande-de-red-devil-adecuado-para-750l","status":"publish","type":"product","link":"https:\/\/www.myaquastore.com\/es\/producto\/skimmer-red-devil-skimmer-de-botella-recta-sdp-serie-sdp-750-el-cuerpo-de-agua-mas-grande-de-red-devil-adecuado-para-750l\/","title":{"rendered":"Skimmer Red Devil skimmer de botella recta SDP Serie SDP-750 El cuerpo de agua m\u00e1s grande de Red Devil adecuado para 750L"},"content":{"rendered":"<h2>Descripci\u00f3n del producto <\/h2>\n<p>&amp;Nbsp; para <\/p>\n<p><strong>Especificaciones: <\/strong><\/p>\n<div>\n<div>\n<div>Modelo: SDP-750 <\/div>\n<div>Tipo de lugar: Incorporado <\/div>\n<div>Tama\u00f1o (di\u00e1metro\/alto MM): 120\/510 <\/div>\n<div>Equipado con bomba de agua: Red Devil SP2 (Red Devil SP2) <\/div>\n<div>Potencia de funcionamiento: 13W <\/div>\n<div>Capacidad inspiratoria m\u00e1xima: 400L\/H <\/div>\n<div>El tanque m\u00e1ximo recomendado (L): 750 <\/div>\n<div>Acuario recomendado: 300 ~ 750L <\/div><\/div>\n<div>Especificaciones del muelle (MM): 270\/160 <\/p>\n<p><a><img class=\" size-full=\"><\/a><\/p>\n<\/div>\n<div><\/div>\n<div>\n<div><strong>Y la fuente del skimmer con bomba Super Devil SUPER DEVIL PRO (SDP) de MARINE SOURCES (unidad de nitr\u00f3geno) Caracter\u00edsticas de la serie profesional de botella recta: <\/strong><\/div>\n<div>Un nuevo y mejorado dise\u00f1o de campana grande con cuerpo de cono alto y un dise\u00f1o en comparaci\u00f3n con el skimmer de prote\u00ednas convencional, la espuma se recolecta m\u00e1s suavemente. <\/div>\n<div>2 m\u00e1s que eficiencia, est\u00e1 configurado espec\u00edficamente para la bomba de cepillo de aguja del diablo desarrollada por el skimmer de nitr\u00f3geno\/prote\u00edna. <\/div>\n<div>Bomba de cepillo de 3 pines del diablo con accionamiento SP2 (hasta el volumen inspiratorio m\u00e1ximo: 400 L\/H, consumo de energ\u00eda de aproximadamente 13 W. <\/div>\n<div>4 est\u00e1 equipado con un peque\u00f1o deflector de burbujas de cono que puede generar espuma rica y reducir eficazmente el cuerpo del amortiguador. <\/div>\n<div>5 el \u00faltimo molde modificado de los puertos de admisi\u00f3n Venturi (Venturi) que otros productos similares tienen una mayor cantidad de admisi\u00f3n. <\/div>\n<div>6 dise\u00f1os \u00fanicos de silenciador de doble porosidad, reducen el ruido y un funcionamiento m\u00e1s silencioso de la m\u00e1quina. <\/div>\n<div>7 Taza de recolecci\u00f3n con dise\u00f1o de tapa de bloqueo desmontable, gira suavemente en sentido antihorario, puede quitar la taza de recolecci\u00f3n, es clara y extremadamente conveniente. con un tap\u00f3n y el desag\u00fce de aguas residuales, el mantenimiento de rutina ya no es una preocupaci\u00f3n. <\/div>\n<div>8 Todas las piezas acr\u00edlicas fabricadas con tecnolog\u00eda l\u00e1ser avanzada garantizan de manera efectiva no solo el grado de mano de obra, sino tambi\u00e9n la calidad y estabilidad del producto. <\/div>\n<div><\/div>\n<div><\/div>\n<div><a><img class=\" size-full=\"><\/a><\/div>\n<div><a><img class=\" size-full=\"><\/a><\/p>\n<p>SDP otro modelo <\/div>\n<div><a><img class=\" size-full=\"><\/a><\/div><\/div><\/div>\n<p>&amp;Nbsp; para <\/p>\n<\/p><\/div>\n","protected":false},"excerpt":{"rendered":"<p>Skimmer Red Devil skimmer de botella recta SDP Serie SDP-750 El cuerpo de agua m\u00e1s grande de Red Devil adecuado para 750L<\/p>\n","protected":false},"featured_media":6549,"comment_status":"open","ping_status":"closed","template":"","meta":[],"product_brand":[],"product_cat":[1188],"product_tag":[],"class_list":{"0":"post-30220","1":"product","2":"type-product","3":"status-publish","4":"has-post-thumbnail","6":"product_cat-espumadores-de-proteinas","8":"first","9":"instock","10":"shipping-taxable","11":"purchasable","12":"product-type-simple"},"_links":{"self":[{"href":"https:\/\/www.myaquastore.com\/es\/wp-json\/wp\/v2\/product\/30220","targetHints":{"allow":["GET"]}}],"collection":[{"href":"https:\/\/www.myaquastore.com\/es\/wp-json\/wp\/v2\/product"}],"about":[{"href":"https:\/\/www.myaquastore.com\/es\/wp-json\/wp\/v2\/types\/product"}],"replies":[{"embeddable":true,"href":"https:\/\/www.myaquastore.com\/es\/wp-json\/wp\/v2\/comments?post=30220"}],"wp:featuredmedia":[{"embeddable":true,"href":"https:\/\/www.myaquastore.com\/es\/wp-json\/wp\/v2\/media\/6549"}],"wp:attachment":[{"href":"https:\/\/www.myaquastore.com\/es\/wp-json\/wp\/v2\/media?parent=30220"}],"wp:term":[{"taxonomy":"product_brand","embeddable":true,"href":"https:\/\/www.myaquastore.com\/es\/wp-json\/wp\/v2\/product_brand?post=30220"},{"taxonomy":"product_cat","embeddable":true,"href":"https:\/\/www.myaquastore.com\/es\/wp-json\/wp\/v2\/product_cat?post=30220"},{"taxonomy":"product_tag","embeddable":true,"href":"https:\/\/www.myaquastore.com\/es\/wp-json\/wp\/v2\/product_tag?post=30220"}],"curies":[{"name":"wp","href":"https:\/\/api.w.org\/{rel}","templated":true}]}}