{"id":30225,"date":"2016-12-27T16:03:48","date_gmt":"2016-12-27T16:03:48","guid":{"rendered":"https:\/\/www.myaquastore.com\/product\/accesorios-de-instalacion-acuario-acrilico-anexo-tlb-1-tapa-del-tanque-un-paquete-de-4-bahias\/"},"modified":"2025-03-16T07:13:53","modified_gmt":"2025-03-16T07:13:53","slug":"accesorios-de-instalacion-acuario-acrilico-anexo-tlb-1-tapa-del-tanque-un-paquete-de-4-bahias","status":"publish","type":"product","link":"https:\/\/www.myaquastore.com\/es\/producto\/accesorios-de-instalacion-acuario-acrilico-anexo-tlb-1-tapa-del-tanque-un-paquete-de-4-bahias\/","title":{"rendered":"Accesorios de instalaci\u00f3n acuario acr\u00edlico Anexo TLB-1 tapa del tanque un paquete de 4 bah\u00edas"},"content":{"rendered":"<h2>Descripci\u00f3n del producto <\/h2>\n<p><a><img class=\" alignnone=\"><\/a><\/p>\n<p>Y la fuente de MARINE SOURCES bandeja de cubierta del tanque producto importado madera de plexigl\u00e1s transparente como el cristal Tu <\/p>\n<p>Exposici\u00f3n a una variedad de cilindro ultra blanco, tanque, cilindro de hierba y la necesidad de aislamiento del tanque Guiyi, acuario y otras mascotas para <\/p>\n<p>&amp;Nbsp;Este producto es un conjunto de cuatro, como soporte de tapa, la fuerza m\u00e1s uniforme <\/p>\n<p>Caracter\u00edsticas: <\/p>\n<p>Para una variedad de exposici\u00f3n sin refuerzo, se debe estampar la placa del tanque\/perrera <\/p>\n<p>Acero doblado de l\u00e1mina acr\u00edlica importada, hermoso y duradero <\/p>\n<p>Se puede colgar en vidrio de 6 a 12 mm de espesor, se pueden apretar dos tornillos acr\u00edlicos para hacerlo m\u00e1s estable <\/p>\n<\/p><\/div>\n","protected":false},"excerpt":{"rendered":"<p>Accesorios de instalaci\u00f3n acuario acr\u00edlico Anexo TLB-1 tapa del tanque un paquete de 4 bah\u00edas<\/p>\n","protected":false},"featured_media":6435,"comment_status":"open","ping_status":"closed","template":"","meta":[],"product_brand":[],"product_cat":[1188],"product_tag":[],"class_list":{"0":"post-30225","1":"product","2":"type-product","3":"status-publish","4":"has-post-thumbnail","6":"product_cat-espumadores-de-proteinas","8":"first","9":"instock","10":"shipping-taxable","11":"purchasable","12":"product-type-simple"},"_links":{"self":[{"href":"https:\/\/www.myaquastore.com\/es\/wp-json\/wp\/v2\/product\/30225","targetHints":{"allow":["GET"]}}],"collection":[{"href":"https:\/\/www.myaquastore.com\/es\/wp-json\/wp\/v2\/product"}],"about":[{"href":"https:\/\/www.myaquastore.com\/es\/wp-json\/wp\/v2\/types\/product"}],"replies":[{"embeddable":true,"href":"https:\/\/www.myaquastore.com\/es\/wp-json\/wp\/v2\/comments?post=30225"}],"wp:featuredmedia":[{"embeddable":true,"href":"https:\/\/www.myaquastore.com\/es\/wp-json\/wp\/v2\/media\/6435"}],"wp:attachment":[{"href":"https:\/\/www.myaquastore.com\/es\/wp-json\/wp\/v2\/media?parent=30225"}],"wp:term":[{"taxonomy":"product_brand","embeddable":true,"href":"https:\/\/www.myaquastore.com\/es\/wp-json\/wp\/v2\/product_brand?post=30225"},{"taxonomy":"product_cat","embeddable":true,"href":"https:\/\/www.myaquastore.com\/es\/wp-json\/wp\/v2\/product_cat?post=30225"},{"taxonomy":"product_tag","embeddable":true,"href":"https:\/\/www.myaquastore.com\/es\/wp-json\/wp\/v2\/product_tag?post=30225"}],"curies":[{"name":"wp","href":"https:\/\/api.w.org\/{rel}","templated":true}]}}