{"id":30228,"date":"2016-12-27T16:03:48","date_gmt":"2016-12-27T16:03:48","guid":{"rendered":"https:\/\/www.myaquastore.com\/product\/instalacion-de-acuario-que-fija-la-caja-de-interruptor-de-aire-del-ajuste-de-la-valvula-del-tubo-de-conexion-con-desbordamiento\/"},"modified":"2025-03-16T07:13:54","modified_gmt":"2025-03-16T07:13:54","slug":"instalacion-de-acuario-que-fija-la-caja-de-interruptor-de-aire-del-ajuste-de-la-valvula-del-tubo-de-conexion-con-desbordamiento","status":"publish","type":"product","link":"https:\/\/www.myaquastore.com\/es\/producto\/instalacion-de-acuario-que-fija-la-caja-de-interruptor-de-aire-del-ajuste-de-la-valvula-del-tubo-de-conexion-con-desbordamiento\/","title":{"rendered":"Instalaci\u00f3n de acuario que fija la caja de interruptor de aire del ajuste de la v\u00e1lvula del tubo de conexi\u00f3n con desbordamiento"},"content":{"rendered":"<h2>Descripci\u00f3n del producto <\/h2>\n<p>Especificaciones: Di\u00e1metro 3 mm di\u00e1metro exterior 4 mm <a><img class=\" alignnone=\"><\/a><\/p>\n<p><\/p>\n<\/p><\/div>\n","protected":false},"excerpt":{"rendered":"<p>Instalaci\u00f3n de acuario que fija la caja de interruptor de aire del ajuste de la v\u00e1lvula del tubo de conexi\u00f3n con desbordamiento<\/p>\n","protected":false},"featured_media":6448,"comment_status":"open","ping_status":"closed","template":"","meta":[],"product_brand":[],"product_cat":[1188],"product_tag":[],"class_list":{"0":"post-30228","1":"product","2":"type-product","3":"status-publish","4":"has-post-thumbnail","6":"product_cat-espumadores-de-proteinas","8":"first","9":"instock","10":"shipping-taxable","11":"purchasable","12":"product-type-simple"},"_links":{"self":[{"href":"https:\/\/www.myaquastore.com\/es\/wp-json\/wp\/v2\/product\/30228","targetHints":{"allow":["GET"]}}],"collection":[{"href":"https:\/\/www.myaquastore.com\/es\/wp-json\/wp\/v2\/product"}],"about":[{"href":"https:\/\/www.myaquastore.com\/es\/wp-json\/wp\/v2\/types\/product"}],"replies":[{"embeddable":true,"href":"https:\/\/www.myaquastore.com\/es\/wp-json\/wp\/v2\/comments?post=30228"}],"wp:featuredmedia":[{"embeddable":true,"href":"https:\/\/www.myaquastore.com\/es\/wp-json\/wp\/v2\/media\/6448"}],"wp:attachment":[{"href":"https:\/\/www.myaquastore.com\/es\/wp-json\/wp\/v2\/media?parent=30228"}],"wp:term":[{"taxonomy":"product_brand","embeddable":true,"href":"https:\/\/www.myaquastore.com\/es\/wp-json\/wp\/v2\/product_brand?post=30228"},{"taxonomy":"product_cat","embeddable":true,"href":"https:\/\/www.myaquastore.com\/es\/wp-json\/wp\/v2\/product_cat?post=30228"},{"taxonomy":"product_tag","embeddable":true,"href":"https:\/\/www.myaquastore.com\/es\/wp-json\/wp\/v2\/product_tag?post=30228"}],"curies":[{"name":"wp","href":"https:\/\/api.w.org\/{rel}","templated":true}]}}