{"id":30233,"date":"2016-12-27T16:03:48","date_gmt":"2016-12-27T16:03:48","guid":{"rendered":"https:\/\/www.myaquastore.com\/product\/accesorios-de-instalacion-accesorio-acrilico-acuario-cristal-camarones-peces-ornamentales-shen-tubo-de-alimentacion-de-grano\/"},"modified":"2025-03-16T07:13:55","modified_gmt":"2025-03-16T07:13:55","slug":"accesorios-de-instalacion-accesorio-acrilico-acuario-cristal-camarones-peces-ornamentales-shen-tubo-de-alimentacion-de-grano","status":"publish","type":"product","link":"https:\/\/www.myaquastore.com\/es\/producto\/accesorios-de-instalacion-accesorio-acrilico-acuario-cristal-camarones-peces-ornamentales-shen-tubo-de-alimentacion-de-grano\/","title":{"rendered":"Accesorios de instalaci\u00f3n accesorio acr\u00edlico acuario cristal camarones peces ornamentales Shen tubo de alimentaci\u00f3n de grano"},"content":{"rendered":"<h2>Descripci\u00f3n del producto <\/h2>\n<p><a><img class=\" size-large=\"><\/a><\/p>\n<p>Descripci\u00f3n del producto: <\/p>\n<p>Y la fuente de FUENTES MARINAS Shen Alimentador esof\u00e1gico fundido con tubo de alimentaci\u00f3n para peces ornamentales de camarones de cristal de grano, adecuado para instalaci\u00f3n en el tanque, a trav\u00e9s del tubo interior para servir alimento de grano para peces o camarones, el alimento para peces llegar\u00e1 al fondo del es\u00f3fago para votar hacia abajo en la bandeja, lo que facilitar\u00e1 la alimentaci\u00f3n de los ni\u00f1os, los peces y los camarones, el alimento no provocar\u00e1 que los peces se liberen a la atm\u00f3sfera para evitar el desperdicio, pero tambi\u00e9n es m\u00e1s conveniente de observar. <\/p>\n<p>&amp;Nbsp; para <\/p>\n<p>Caracter\u00edsticas del producto: <\/p>\n<p>Productos con dos ventosas fijas y con una bandeja llena de material acr\u00edlico, la bandeja se puede fijar mediante tornillos y tuercas montados en el es\u00f3fago, f\u00e1cil de instalar. Otras especificaciones de paleta para aumentar el di\u00e1metro de 7 cm, y puede ser m\u00e1s ventajoso sacar, no guardar comida para peces, pescado, camarones y m\u00e1s conveniente para que los ni\u00f1os coman. <\/p>\n<p>&amp;Nbsp; para <\/p>\n<p><a><img class=\" size-large=\"><\/a><\/p>\n<p>&amp;Nbsp; para <\/p>\n<p>Instrucciones: <\/p>\n<p>Primero con tornillos y tuercas a los tubos de alimentaci\u00f3n de la bandeja, los tubos de alimentaci\u00f3n y luego se fijan a la pecera con ventosa, seg\u00fan la altura y la ubicaci\u00f3n de los h\u00e1bitos del ni\u00f1o de peces o camarones pueden ser flexibles. Generalmente recomendado en las actividades habituales de los peces locales, tambi\u00e9n se puede colocar en un lugar mejor en la l\u00ednea de visi\u00f3n para facilitar la visualizaci\u00f3n. <\/p>\n<p>&amp;Nbsp; para <\/p>\n<p>Tenemos cuatro longitudes de tuber\u00eda seg\u00fan las especificaciones que pueden elegir, y los amigos pueden seleccionar la altura apropiada seg\u00fan el tama\u00f1o de la profundidad de su propio tanque <\/p>\n<p>Modelo: FST-20 Longitud de red Guan: 20 CM Di\u00e1metro de bandeja: 7 CM <\/p>\n<p>Modelo: FST-25 Longitud de red Guan: 25 CM Di\u00e1metro de bandeja: 7 CM <\/p>\n<p>Modelo: FST-32 Longitud de red Guan: Bandeja de 32 CM Di\u00e1metro: 7 cm <\/p>\n<p>Modelo: FST-40 Longitud de la red Guan: 40 cm Di\u00e1metro de la bandeja: 7 cm <\/p>\n<\/p><\/div>\n","protected":false},"excerpt":{"rendered":"<p>Accesorios de instalaci\u00f3n accesorio acr\u00edlico acuario cristal camarones peces ornamentales Shen tubo de alimentaci\u00f3n de grano<\/p>\n","protected":false},"featured_media":6473,"comment_status":"open","ping_status":"closed","template":"","meta":[],"product_brand":[],"product_cat":[1188],"product_tag":[],"class_list":{"0":"post-30233","1":"product","2":"type-product","3":"status-publish","4":"has-post-thumbnail","6":"product_cat-espumadores-de-proteinas","8":"first","9":"instock","10":"shipping-taxable","11":"purchasable","12":"product-type-simple"},"_links":{"self":[{"href":"https:\/\/www.myaquastore.com\/es\/wp-json\/wp\/v2\/product\/30233","targetHints":{"allow":["GET"]}}],"collection":[{"href":"https:\/\/www.myaquastore.com\/es\/wp-json\/wp\/v2\/product"}],"about":[{"href":"https:\/\/www.myaquastore.com\/es\/wp-json\/wp\/v2\/types\/product"}],"replies":[{"embeddable":true,"href":"https:\/\/www.myaquastore.com\/es\/wp-json\/wp\/v2\/comments?post=30233"}],"wp:featuredmedia":[{"embeddable":true,"href":"https:\/\/www.myaquastore.com\/es\/wp-json\/wp\/v2\/media\/6473"}],"wp:attachment":[{"href":"https:\/\/www.myaquastore.com\/es\/wp-json\/wp\/v2\/media?parent=30233"}],"wp:term":[{"taxonomy":"product_brand","embeddable":true,"href":"https:\/\/www.myaquastore.com\/es\/wp-json\/wp\/v2\/product_brand?post=30233"},{"taxonomy":"product_cat","embeddable":true,"href":"https:\/\/www.myaquastore.com\/es\/wp-json\/wp\/v2\/product_cat?post=30233"},{"taxonomy":"product_tag","embeddable":true,"href":"https:\/\/www.myaquastore.com\/es\/wp-json\/wp\/v2\/product_tag?post=30233"}],"curies":[{"name":"wp","href":"https:\/\/api.w.org\/{rel}","templated":true}]}}