{"id":30236,"date":"2016-12-27T16:03:48","date_gmt":"2016-12-27T16:03:48","guid":{"rendered":"https:\/\/www.myaquastore.com\/product\/accesorios-de-instalacion-de-sistema-de-acuario-acrilico-caja-de-barrera-litera-de-fsb-2a\/"},"modified":"2025-03-16T07:13:56","modified_gmt":"2025-03-16T07:13:56","slug":"accesorios-de-instalacion-de-sistema-de-acuario-acrilico-caja-de-barrera-litera-de-fsb-2a","status":"publish","type":"product","link":"https:\/\/www.myaquastore.com\/es\/producto\/accesorios-de-instalacion-de-sistema-de-acuario-acrilico-caja-de-barrera-litera-de-fsb-2a\/","title":{"rendered":"Accesorios de instalaci\u00f3n de sistema de acuario acr\u00edlico, caja de barrera, litera de FSB-2A"},"content":{"rendered":"<h2>Descripci\u00f3n del producto <\/h2>\n<div class=\" mod=\">\n<div>\n<div>\n<div class=\" detalle-inside=\">\n<div>\n<div>\n<div class=\" regi\u00f3n-custom=\">\n<div class=\" widget-custom=\">\n<div>\n<div class=\" mod-detail-description=\" data-mod-config='{\"showOn\":[\"mod-detail-description\"],\"title\":\"\ufffd\ufffd\u03f8\ufffd\ufffd\u03e2\",\"tabConfig\":{\"trace\":\"tabdetail\",\"showKey\":\"mod-detail-description\"}}'>\n<div class=\" de-description-detail=\">\n<div>\n<p>Manual del producto <\/p>\n<p>Modelo: FSB-2A <\/p>\n<p>Tama\u00f1o (largo\/ancho\/alto): 200\/120\/130 MM (especificaciones de la caja de red de aislamiento sin soporte) <\/p>\n<p>Rejilla de la caja de aislamiento: 2 formatos con puerta de entrada y claraboya (techo) <\/p>\n<p><a><img class=\" alignnone=\"><\/a><\/p>\n<p>&amp;Nbsp; para <\/p>\n<\/p>\n<p>&amp;Nbsp; para <\/p>\n<p>Fuente de caja de barrera marina Caracter\u00edsticas <\/p>\n<p>1 materiales de lentes acr\u00edlicos de alto brillo, tecnolog\u00eda de producci\u00f3n de procesamiento l\u00e1ser profesional, productos refinados y alto sentido de perspectiva. <\/p>\n<p>El dise\u00f1o \u00fanico del colgante 2, se aplica a todos los tanques abiertos o con estiramiento\/tracci\u00f3n de la pecera, la altura se puede ajustar libremente. <\/p>\n<p>3 orificios de agua en ambos lados de un dise\u00f1o de tira larga que permite que el agua fluya a trav\u00e9s de una caja de aislamiento m\u00e1s suave, no es probable que cause agua estancada, para garantizar que el efecto de aislamiento y adaptaci\u00f3n de los peces reci\u00e9n agregado (despu\u00e9s del experimento, los orificios redondos tradicionales, el agua fluye f\u00e1cilmente acumulan gotas de agua, causando bloqueo, bloqueando el flujo suave del intercambio y el flujo de agua dentro y fuera del cuerpo) que se muestra a continuaci\u00f3n <\/p>\n<p><a><img class=\" size-large=\"><\/a><\/p>\n<p>4 envueltos individualmente (a diferencia de algunas marcas de cajas de aislamiento, las l\u00e1minas acr\u00edlicas deben volver a ensamblarse, pero tambi\u00e9n es f\u00e1cil de cortar accidentalmente debido a problemas causados \u200b\u200bpor la l\u00e1mina acr\u00edlica que no se puede combinar con \u00e9xito o romperse hasta la mitad), listo para usar, f\u00e1cil de usar. <\/p>\n<p>Se han considerado completamente 5 especificaciones diferentes y el tama\u00f1o cient\u00edfico com\u00fan del pez y el alcance girado, la relaci\u00f3n de aspecto de profundidad es razonable. <\/p>\n<p>Caja de aislamiento de 6 con tapa plegable, la tapa se puede abrir y cerrar libremente y es f\u00e1cil de mantener. (Ver m\u00e1s abajo) <\/p>\n<p><a><img class=\" alignnone=\"><\/a><\/p>\n<p>7 modelos de gran formato como el 2A. Los modelos 2B, 3A, 3B est\u00e1n equipados con actividad de pesca en la puerta frontal, se puede subir y bajar y es f\u00e1cil de pescar. (Ver m\u00e1s abajo) <\/p>\n<p><a><img class=\" alignnone=\"><\/a><\/p>\n<p><strong>Agregue peces nuevos, el primer per\u00edodo de aislamiento, para prevenir y combatir los peces originales y ayudar a los reci\u00e9n llegados a adaptarse al nuevo entorno, la cantidad de peces, la siguiente imagen muestra ejemplos <\/strong><\/p>\n<p><a><img class=\" alignnone=\"><\/a> <a><img class=\" alignnone=\"><\/a> <a><img class=\" alignnone=\"><\/a> <a><img class=\" alignnone=\"><\/a> <a><img class=\" alignnone=\"><\/a><\/p>\n<p><p><strong>Elija una de tres opciones: <\/strong><\/p>\n<p><a><img class=\" alignnone=\"><\/a><\/p>\n<\/p><\/div><\/div><\/div><\/div><\/div>\n<div class=\" widget-custom=\"><\/div><\/div><\/div><\/div><\/div><\/div><\/div><\/div>\n<div class=\" mod=\">\n<div>\n<div>\n<div class=\" detalle-inside=\">\n<div>\n<div>\n<div class=\" regi\u00f3n-custom=\">\n<div class=\" widget-custom=\">\n<div> &lt;div class=&quot; mod-detail-dealrecord=&quot; mod-info&quot;=&quot; id=&quot; mod-detail-dealrecord&quot;=&quot; estilo=&quot; margen:=&quot; 0px=&quot; 0px=&quot; 32px;=&quot; posici\u00f3n:=&quot; relativa;&quot;=&quot; data-mod-config=&#039;{&quot;showOn&quot;:[&quot;mod-detail-description&quot;,&quot;mod-detail-dealrecord&quot;],&quot;title&quot;:&quot;\ufffd\u027d\ufffd<em>0<\/em>\u00ab,\u00bbtabConfig\u00bb:{\u00abtrace\u00bb:\u00bbtabdealrecord\u00bb,\u00bbshowKey\u00bb:\u00bbmod-detail-dealrecord\u00bb },\u00bbremarkListUrl\u00bb:\u00bbhttp:\/\/rate.1688.com\/remark\/offerDetail\/saleRecords.json?offerId=523308774131&#8243;,\u00bbtotal\u00bb:\u00bb0&#8243;,\u00bbhalfYearTotal\u00bb:\u00bb0&#8243;,\u00bbtotalRate\u00bb:\u00bb0&#8243;,\u00bbisTgcSKUOffer\u00bb:\u00bbfalse\u00bb}&#8217;&gt; <\/p>\n<div class=\" header=\">\n<h2>Registro de transacciones <\/h2>\n<\/p><\/div><\/div><\/div><\/div><\/div><\/div><\/div><\/div><\/div><\/div><\/div><\/div>\n","protected":false},"excerpt":{"rendered":"<p>Accesorios de instalaci\u00f3n de sistema de acuario acr\u00edlico, caja de barrera, litera de FSB-2A<\/p>\n","protected":false},"featured_media":6483,"comment_status":"open","ping_status":"closed","template":"","meta":[],"product_brand":[],"product_cat":[1188],"product_tag":[],"class_list":{"0":"post-30236","1":"product","2":"type-product","3":"status-publish","4":"has-post-thumbnail","6":"product_cat-espumadores-de-proteinas","8":"first","9":"instock","10":"shipping-taxable","11":"purchasable","12":"product-type-simple"},"_links":{"self":[{"href":"https:\/\/www.myaquastore.com\/es\/wp-json\/wp\/v2\/product\/30236","targetHints":{"allow":["GET"]}}],"collection":[{"href":"https:\/\/www.myaquastore.com\/es\/wp-json\/wp\/v2\/product"}],"about":[{"href":"https:\/\/www.myaquastore.com\/es\/wp-json\/wp\/v2\/types\/product"}],"replies":[{"embeddable":true,"href":"https:\/\/www.myaquastore.com\/es\/wp-json\/wp\/v2\/comments?post=30236"}],"wp:featuredmedia":[{"embeddable":true,"href":"https:\/\/www.myaquastore.com\/es\/wp-json\/wp\/v2\/media\/6483"}],"wp:attachment":[{"href":"https:\/\/www.myaquastore.com\/es\/wp-json\/wp\/v2\/media?parent=30236"}],"wp:term":[{"taxonomy":"product_brand","embeddable":true,"href":"https:\/\/www.myaquastore.com\/es\/wp-json\/wp\/v2\/product_brand?post=30236"},{"taxonomy":"product_cat","embeddable":true,"href":"https:\/\/www.myaquastore.com\/es\/wp-json\/wp\/v2\/product_cat?post=30236"},{"taxonomy":"product_tag","embeddable":true,"href":"https:\/\/www.myaquastore.com\/es\/wp-json\/wp\/v2\/product_tag?post=30236"}],"curies":[{"name":"wp","href":"https:\/\/api.w.org\/{rel}","templated":true}]}}