{"id":34637,"date":"2014-06-21T15:54:00","date_gmt":"2014-06-21T15:54:00","guid":{"rendered":"https:\/\/www.myaquastore.com\/product\/la-pompe-doseuse-marine-color-mcd-3-m-gere-jusqua-6-canaux-dexpansion\/"},"modified":"2025-03-16T09:15:05","modified_gmt":"2025-03-16T09:15:05","slug":"la-pompe-doseuse-marine-color-mcd-3-m-gere-jusqua-6-canaux-dexpansion","status":"publish","type":"product","link":"https:\/\/www.myaquastore.com\/fr\/product\/la-pompe-doseuse-marine-color-mcd-3-m-gere-jusqua-6-canaux-dexpansion\/","title":{"rendered":"La pompe doseuse Marine Color MCD-3-M g\u00e8re jusqu&rsquo;\u00e0 6 canaux d&rsquo;expansion"},"content":{"rendered":"<p><strong>Fonctionnalit\u00e9<\/strong><\/p>\n<ul style=\"list-style-type : aucun\">\n<li style=\"background: url('http:\/\/www.reefshops.com\/skins\/default_blue\/customer\/images\/icons\/dot_dark.gif') sans r\u00e9p\u00e9tition 1px 7px;padding-bottom: 6px;padding-top: 1px;padding-left: 11px;padding-right: 0px\"><strong>Contr\u00f4le automatique par micro-ordinateur<\/strong><\/li>\n<li style=\"background: url('http:\/\/www.reefshops.com\/skins\/default_blue\/customer\/images\/icons\/dot_dark.gif') no-repeat 1px 7px;padding-bottom: 6px;padding-top: 1px;padding-left: 11px;padding-right: 0px\"><strong>La pompe est fournie avec une longue dur\u00e9e de vie Pharmed tuyau (dur\u00e9e de vie 60 fois sup\u00e9rieure \u00e0 celle des tubes en silicone)<br \/><\/strong><\/li>\n<li style=\"background: url('http:\/\/www.reefshops.com\/skins\/default_blue\/customer\/images\/icons\/dot_dark.gif') no-repeat 1px 7px;padding-bottom: 6px;padding-top: 1px;padding-left: 11px;padding-right: 0px\"><strong>Param\u00e8tres des param\u00e8tres de l&rsquo;interface interactive<\/strong><\/li>\n<li><strong><span>Utilisez le syst\u00e8me d&rsquo;\u00e9talonnage pour calibrer les pompes de mani\u00e8re plus pr\u00e9cise<\/span><\/strong><\/li>\n<li style=\"background: url('http:\/\/www.reefshops.com\/skins\/default_blue\/customer\/images\/icons\/dot_dark.gif') sans r\u00e9p\u00e9tition 1px 7px;padding-bottom: 6px;padding-top: 1px;padding-left: 11px;padding-right: 0px\"><strong>Peut g\u00e9rer jusqu&rsquo;\u00e0 6 canaux de expansion<\/strong><\/li>\n<li><strong><span>La pompe peut \u00eatre r\u00e9gl\u00e9e s\u00e9par\u00e9ment pour l&rsquo;heure de d\u00e9marrage et d&rsquo;arr\u00eat<\/span><\/strong><\/li>\n<\/ul>\n<p> &lt;p style=&quot;espace blanc\u00a0: normal\u00a0; transformation de texte\u00a0: aucun\u00a0; espacement des mots\u00a0: 0px\u00a0; couleur\u00a0: #2c2b2b\u00a0; padding-bottom\u00a0: 6px\u00a0; padding-top\u00a0: 6px\u00a0; police\u00a0: 12px Tahoma, Arial, Helvetica, sans-serif\u00a0; padding-left\u00a0: 0px\u00a0; marge\u00a0: 0px\u00a0; espacement des lettres\u00a0: normal\u00a0; padding-right\u00a0: 0px\u00a0; couleur d&#039;arri\u00e8re-plan\u00a0: #fefefe ;<\/p>\n<ul style=\"list-style-type : aucun\">\n<li style=\"background: url('http:\/\/www.reefshops.com\/skins\/default_blue\/customer\/images\/icons\/dot_dark.gif') sans r\u00e9p\u00e9tition 1px 7px\"><strong>Mod\u00e8le\u00a0: MCD-3-M<\/strong><\/li>\n<li style=\"background: url('http:\/\/www.reefshops.com\/skins\/default_blue\/customer\/images\/icons\/dot_dark.gif') sans r\u00e9p\u00e9tition 1px 7px\"><strong><strong><span lang=\"EN-US\"><span style=\"font-size: small\">Alimentation\u00a0: 12\u00a0V 2A (livr\u00e9 avec l&rsquo;adaptateur secteur pour le monde entier)<\/span><\/span><\/strong><\/strong><\/li>\n<li style=\"background: url('http:\/\/www.reefshops.com\/skins\/default_blue\/customer\/images\/icons\/dot_dark.gif') sans r\u00e9p\u00e9tition 1px 7px;padding-bottom: 6px;padding-top: 1px;padding-left: 11px;padding-right: 0px\"><strong>Pr\u00e9cision\u00a0: meilleure que \u00b1 3\u00a0%<\/strong><\/li>\n<li style=\"background: url('http:\/\/www.reefshops.com\/skins\/default_blue\/customer\/images\/icons\/dot_dark.gif') sans r\u00e9p\u00e9tition 1px 7px;padding-bottom: 6px;padding-top: 1px;padding-left: 11px;padding-right: 0px\"><strong>Taille\u00a0: 220x140x60mm<\/strong><\/li>\n<li><strong>D\u00e9bit\u00a0:\u00a01-4999\u00a0ml<\/strong><\/li>\n<li style=\"background: url('http:\/\/www.reefshops.com\/skins\/default_blue\/customer\/images\/icons\/dot_dark.gif') sans r\u00e9p\u00e9tition 1px 7px;padding-bottom: 6px;padding-top: 1px;padding-left: 11px;padding-right: 0px\"><strong>Cycle\u00a0: Max\u00a0: 24 cycles par jour<\/strong><\/li>\n<li style=\"background: url('http:\/\/www.reefshops.com\/skins\/default_blue\/customer\/images\/icons\/dot_dark.gif') sans r\u00e9p\u00e9tition 1px 7px\"><strong>Silicium 6M\u00a0?<\/strong><strong>Tube inclure<\/strong><\/li>\n<li style=\"background: url('http:\/\/www.reefshops.com\/skins\/default_blue\/customer\/images\/icons\/dot_dark.gif') no-repeat 1px 7px;padding-bottom: 6px;padding-top: 1px;padding-left: 11px;padding-right: 0px\"><strong>Un cylindre de mesure comprend<\/strong><\/li>\n<\/ul>\n","protected":false},"excerpt":{"rendered":"<p>Utilisez le syst\u00e8me d&rsquo;\u00e9talonnage pour calibrer les pompes, plus pr\u00e9cis\u00e9ment, la pompe peut \u00eatre r\u00e9gl\u00e9e s\u00e9par\u00e9ment pour l&rsquo;heure de d\u00e9marrage et d&rsquo;arr\u00eat.<\/p>\n","protected":false},"featured_media":71,"comment_status":"open","ping_status":"closed","template":"","meta":[],"product_brand":[],"product_cat":[306],"product_tag":[],"class_list":{"0":"post-34637","1":"product","2":"type-product","3":"status-publish","4":"has-post-thumbnail","6":"product_cat-pompe-doseuse-et-accessoire","8":"first","9":"instock","10":"shipping-taxable","11":"purchasable","12":"product-type-simple"},"_links":{"self":[{"href":"https:\/\/www.myaquastore.com\/fr\/wp-json\/wp\/v2\/product\/34637","targetHints":{"allow":["GET"]}}],"collection":[{"href":"https:\/\/www.myaquastore.com\/fr\/wp-json\/wp\/v2\/product"}],"about":[{"href":"https:\/\/www.myaquastore.com\/fr\/wp-json\/wp\/v2\/types\/product"}],"replies":[{"embeddable":true,"href":"https:\/\/www.myaquastore.com\/fr\/wp-json\/wp\/v2\/comments?post=34637"}],"wp:featuredmedia":[{"embeddable":true,"href":"https:\/\/www.myaquastore.com\/fr\/wp-json\/wp\/v2\/media\/71"}],"wp:attachment":[{"href":"https:\/\/www.myaquastore.com\/fr\/wp-json\/wp\/v2\/media?parent=34637"}],"wp:term":[{"taxonomy":"product_brand","embeddable":true,"href":"https:\/\/www.myaquastore.com\/fr\/wp-json\/wp\/v2\/product_brand?post=34637"},{"taxonomy":"product_cat","embeddable":true,"href":"https:\/\/www.myaquastore.com\/fr\/wp-json\/wp\/v2\/product_cat?post=34637"},{"taxonomy":"product_tag","embeddable":true,"href":"https:\/\/www.myaquastore.com\/fr\/wp-json\/wp\/v2\/product_tag?post=34637"}],"curies":[{"name":"wp","href":"https:\/\/api.w.org\/{rel}","templated":true}]}}