{"id":34645,"date":"2014-06-24T06:49:22","date_gmt":"2014-06-24T06:49:22","guid":{"rendered":"https:\/\/www.myaquastore.com\/product\/filtre-externe-pour-cartouche-daquarium-atman-at-3338\/"},"modified":"2025-03-16T08:34:03","modified_gmt":"2025-03-16T08:34:03","slug":"filtre-externe-pour-cartouche-daquarium-atman-at-3338","status":"publish","type":"product","link":"https:\/\/www.myaquastore.com\/fr\/product\/filtre-externe-pour-cartouche-daquarium-atman-at-3338\/","title":{"rendered":"Filtre externe pour cartouche d&rsquo;aquarium ATMAN AT-3338"},"content":{"rendered":"<p><span style=\"font-size: small\">Fabricant\u00a0: Atman<\/span><br \/><span style=\"font-size: small\">Nom de la marque Atman<\/span><br \/><span style=\"font-size: small\">Num\u00e9ro de mod\u00e8le AT-3338<\/span><br \/><span style=\"font-size: small\">Style filtre externe<\/span><br \/><span style=\"font-size: small\">d\u00e9bit d&rsquo;eau maximum 1250L\/H<\/span><br \/><span style=\"font-size: small\">puissance 35w<\/span><br \/><span style=\"font-size: small\">hauteur maximale 2,1 m\u00e8tres<\/span><br \/><span style=\"font-size: small\">mesures <strong><span>450*230*230mm<\/span><\/strong><\/span><br \/><span style=\"font-size: small\">pi\u00e8ces\/carton 3<\/span><br \/><span style=\"font-size: small\">convient pour un r\u00e9servoir de 50Gal = 185 litres<\/span><\/p>\n<hr \/>\n<p><span style=\"font-size: small\"><img loading=\"lazy\" decoding=\"async\" class=\" size-full wp-image-126\" src=\"http:\/\/localhost\/wp-content\/uploads\/2014\/06\/t2u4p9xzhxxxxxxxxx-96111444.jpg\" alt=\"\" width=\"750\" height=\"1487\" srcset=\"https:\/\/www.myaquastore.com\/wp-content\/uploads\/2014\/06\/t2u4p9xzhxxxxxxxxx-96111444.jpg 750w, https:\/\/www.myaquastore.com\/wp-content\/uploads\/2014\/06\/t2u4p9xzhxxxxxxxxx-96111444-600x1190.jpg 600w, https:\/\/www.myaquastore.com\/wp-content\/uploads\/2014\/06\/t2u4p9xzhxxxxxxxxx-96111444-151x300.jpg 151w, https:\/\/www.myaquastore.com\/wp-content\/uploads\/2014\/06\/t2u4p9xzhxxxxxxxxx-96111444-516x1024.jpg 516w\" sizes=\"auto, (max-width: 750px) 100vw, 750px\" \/><\/span><\/p>\n<p><span style=\"font-size: small\"><img loading=\"lazy\" decoding=\"async\" class=\" size-full wp-image-128\" src=\"http:\/\/localhost\/wp-content\/uploads\/2014\/06\/t2aaj9x2xxxxxxxxxx-96111444.png\" alt=\"\" width=\"750\" height=\"1246\" srcset=\"https:\/\/www.myaquastore.com\/wp-content\/uploads\/2014\/06\/t2aaj9x2xxxxxxxxxx-96111444.png 750w, https:\/\/www.myaquastore.com\/wp-content\/uploads\/2014\/06\/t2aaj9x2xxxxxxxxxx-96111444-600x997.png 600w, https:\/\/www.myaquastore.com\/wp-content\/uploads\/2014\/06\/t2aaj9x2xxxxxxxxxx-96111444-181x300.png 181w, https:\/\/www.myaquastore.com\/wp-content\/uploads\/2014\/06\/t2aaj9x2xxxxxxxxxx-96111444-616x1024.png 616w\" sizes=\"auto, (max-width: 750px) 100vw, 750px\" \/><\/span><\/p>\n<p><span style=\"font-size: small\"><img loading=\"lazy\" decoding=\"async\" class=\" size-full wp-image-128\" src=\"http:\/\/localhost\/wp-content\/uploads\/2014\/06\/t2aaj9x2xxxxxxxxxx-96111444.png\" alt=\"\" width=\"750\" height=\"1246\" srcset=\"https:\/\/www.myaquastore.com\/wp-content\/uploads\/2014\/06\/t2aaj9x2xxxxxxxxxx-96111444.png 750w, https:\/\/www.myaquastore.com\/wp-content\/uploads\/2014\/06\/t2aaj9x2xxxxxxxxxx-96111444-600x997.png 600w, https:\/\/www.myaquastore.com\/wp-content\/uploads\/2014\/06\/t2aaj9x2xxxxxxxxxx-96111444-181x300.png 181w, https:\/\/www.myaquastore.com\/wp-content\/uploads\/2014\/06\/t2aaj9x2xxxxxxxxxx-96111444-616x1024.png 616w\" sizes=\"auto, (max-width: 750px) 100vw, 750px\" \/><\/span><\/p>\n<p><span style=\"font-size: small\"><br \/><\/span><\/p>\n","protected":false},"excerpt":{"rendered":"<p>filtre \u00e0 cartouche silencieux \u00e0 haut effet, longue dur\u00e9e de vie, facile \u00e0 nettoyer<\/p>\n","protected":false},"featured_media":125,"comment_status":"open","ping_status":"closed","template":"","meta":[],"product_brand":[],"product_cat":[254],"product_tag":[],"class_list":{"0":"post-34645","1":"product","2":"type-product","3":"status-publish","4":"has-post-thumbnail","6":"product_cat-filtres-daquarium-a-cartouche","8":"first","9":"instock","10":"shipping-taxable","11":"purchasable","12":"product-type-simple"},"_links":{"self":[{"href":"https:\/\/www.myaquastore.com\/fr\/wp-json\/wp\/v2\/product\/34645","targetHints":{"allow":["GET"]}}],"collection":[{"href":"https:\/\/www.myaquastore.com\/fr\/wp-json\/wp\/v2\/product"}],"about":[{"href":"https:\/\/www.myaquastore.com\/fr\/wp-json\/wp\/v2\/types\/product"}],"replies":[{"embeddable":true,"href":"https:\/\/www.myaquastore.com\/fr\/wp-json\/wp\/v2\/comments?post=34645"}],"wp:featuredmedia":[{"embeddable":true,"href":"https:\/\/www.myaquastore.com\/fr\/wp-json\/wp\/v2\/media\/125"}],"wp:attachment":[{"href":"https:\/\/www.myaquastore.com\/fr\/wp-json\/wp\/v2\/media?parent=34645"}],"wp:term":[{"taxonomy":"product_brand","embeddable":true,"href":"https:\/\/www.myaquastore.com\/fr\/wp-json\/wp\/v2\/product_brand?post=34645"},{"taxonomy":"product_cat","embeddable":true,"href":"https:\/\/www.myaquastore.com\/fr\/wp-json\/wp\/v2\/product_cat?post=34645"},{"taxonomy":"product_tag","embeddable":true,"href":"https:\/\/www.myaquastore.com\/fr\/wp-json\/wp\/v2\/product_tag?post=34645"}],"curies":[{"name":"wp","href":"https:\/\/api.w.org\/{rel}","templated":true}]}}