{"id":34653,"date":"2014-06-24T07:59:44","date_gmt":"2014-06-24T07:59:44","guid":{"rendered":"https:\/\/www.myaquastore.com\/product\/sunsun-hw-603b-mini-aquarium-filtre-a-cartouche-externe-106-gph-jusqua-20-gallons-utilisation-de-reservoir-nano\/"},"modified":"2025-03-16T08:34:04","modified_gmt":"2025-03-16T08:34:04","slug":"sunsun-hw-603b-mini-aquarium-filtre-a-cartouche-externe-106-gph-jusqua-20-gallons-utilisation-de-reservoir-nano","status":"publish","type":"product","link":"https:\/\/www.myaquastore.com\/fr\/product\/sunsun-hw-603b-mini-aquarium-filtre-a-cartouche-externe-106-gph-jusqua-20-gallons-utilisation-de-reservoir-nano\/","title":{"rendered":"SUNSUN HW-603B MINI AQUARIUM filtre \u00e0 cartouche externe 106 GPH jusqu&rsquo;\u00e0 20 gallons utilisation de r\u00e9servoir nano"},"content":{"rendered":"<p><span style=\"font-family: Arial\">Le filtre \u00e0 cartouche multi-\u00e9tages SunSun HW-603B est id\u00e9al pour les r\u00e9servoirs jusqu&rsquo;\u00e0 20 gallons. Il g\u00e8re jusqu&rsquo;\u00e0 106 gallons par heure. Le SunSun HW-603B comprend des tampons filtrants, des tuyaux et toutes les pi\u00e8ces dont vous avez besoin pour commencer. Il y a de l&rsquo;espace au-dessus et au-dessous des tampons filtrants o\u00f9 vous pouvez ajouter des m\u00e9dias de filtration tels que des charbons actifs, des anneaux en c\u00e9ramique ou des bio-billes (vendus s\u00e9par\u00e9ment) pour obtenir une excellente filtration m\u00e9canique, chimique et biologique. Pour siphonner l&rsquo;eau dans le filtre, remplissez simplement le filtre d&rsquo;eau et allumez l&rsquo;appareil. Le SunSun HW-603B peut \u00e9galement \u00eatre utilis\u00e9 comme pr\u00e9-filtre pour d&rsquo;autres filtres \u00e0 cartouche SunSun.<\/span><\/p>\n<div class=\"content\">\n<ul>\n<li><span style=\"font-family: Arial\">Convient aux aquariums jusqu&rsquo;\u00e0 20 gallons<\/span><\/li>\n<li><span style=\"font-family: Arial\">Dimension\u00a0: 6,5&Prime; L X 6,5&Prime; L X 11&Prime; H<\/span><\/li>\n<li><span style=\"font-family: Arial\">D\u00e9bit\u00a0: 106 GPH (400\u00a0L\/h)<\/span><\/li>\n<li><span style=\"font-family: Arial\">Puissance de la pompe\u00a0: 6\u00a0W<\/span><\/li>\n<li><span style=\"font-family: Arial\">Tension\u00a0: 220\u00a0V\/50\u00a0hz<\/span><\/li>\n<li><span style=\"font-family: Arial\">Des m\u00e9dias suppl\u00e9mentaires peuvent \u00eatre plac\u00e9s dans l&rsquo;espace au-dessus et au-dessous des tampons filtrants<\/span><\/li>\n<li><span style=\"font-family: Arial\">Capable de filtration m\u00e9canique, biologique et chimique<\/span><\/li>\n<li><span style=\"font-family: Arial\">Installation facile, pas d&rsquo;assemblage compliqu\u00e9<\/span><\/li>\n<li><span style=\"font-family: Arial\">Comprend des tampons filtrants, des tuyaux et toutes les pi\u00e8ces pour commencer<\/span><\/li>\n<li><span style=\"font-family: Arial\">Convient aux eaux douces et marines<\/span><\/li>\n<\/ul>\n<p><span style=\"font-family: Arial\">Inclure\u00a0:<\/span><\/p>\n<p><span style=\"font-family: Arial;font-size: medium\">1x discr\u00e9tion d&rsquo;entr\u00e9e et de sortie<\/span><\/p>\n<p><span style=\"font-family: Arial;font-size: medium\">1x t\u00eate de barillet<\/span><\/p>\n<p><span style=\"font-family: Arial;font-size: medium\">1x filtre \u00e0 cartouche<\/span><\/p>\n<p><span style=\"font-family: Arial\">1<\/span><span style=\"font-family: Arial;font-size: medium\">x pompe \u00e0 eau<\/span><\/p>\n<p><span style=\"font-family: Arial;font-size: medium\">1x connecteur d&rsquo;entr\u00e9e d&rsquo;eau avec vanne de contr\u00f4le de d\u00e9bit<\/span><\/p>\n<p><span style=\"font-family: Arial\">1<\/span><span style=\"font-family: Arial;font-size: medium\">x Panneau de filtre sup\u00e9rieur<\/span><\/p>\n<p><span style=\"font-family: Arial;font-size: medium\">1x Sous le panneau de filtre<\/span><\/p>\n<p><span style=\"font-family: Arial;font-size: medium\">1x barre courbe d&rsquo;entr\u00e9e<\/span><\/p>\n<p>1x barre courbe de sortie<\/p>\n<p><span style=\"font-family: Arial\">1<\/span><span style=\"font-family: Arial;font-size: medium\">x barres de pulv\u00e9risation<\/span><\/p>\n<p><span style=\"font-family: Arial;font-size: medium\">1x Sortie d&rsquo;eau<\/span><\/p>\n<p><span style=\"font-family: Arial\">2<\/span><span style=\"font-family: Arial;font-size: medium\">x barres de saisie<\/span><\/p>\n<p><span style=\"font-family: Arial;font-size: medium\">1x couverture d&rsquo;entr\u00e9e<\/span><\/p>\n<p><span style=\"font-family: Arial;font-size: medium\">3x \u00e9ponges filtrantes grossi\u00e8res<\/span><\/p>\n<p><span style=\"font-size: medium\">4x ventouse<\/span><\/p>\n<\/p><\/div>\n","protected":false},"excerpt":{"rendered":"<p>pour une utilisation en mini-r\u00e9servoir nano,<br \/>\n id\u00e9e pour r\u00e9servoir frais et marin<br \/>\n \u00e9conomie d&rsquo;\u00e9nergie et effet \u00e9lev\u00e9<\/p>\n","protected":false},"featured_media":169,"comment_status":"open","ping_status":"closed","template":"","meta":[],"product_brand":[],"product_cat":[254],"product_tag":[],"class_list":{"0":"post-34653","1":"product","2":"type-product","3":"status-publish","4":"has-post-thumbnail","6":"product_cat-filtres-daquarium-a-cartouche","8":"first","9":"instock","10":"shipping-taxable","11":"purchasable","12":"product-type-simple"},"_links":{"self":[{"href":"https:\/\/www.myaquastore.com\/fr\/wp-json\/wp\/v2\/product\/34653","targetHints":{"allow":["GET"]}}],"collection":[{"href":"https:\/\/www.myaquastore.com\/fr\/wp-json\/wp\/v2\/product"}],"about":[{"href":"https:\/\/www.myaquastore.com\/fr\/wp-json\/wp\/v2\/types\/product"}],"replies":[{"embeddable":true,"href":"https:\/\/www.myaquastore.com\/fr\/wp-json\/wp\/v2\/comments?post=34653"}],"wp:featuredmedia":[{"embeddable":true,"href":"https:\/\/www.myaquastore.com\/fr\/wp-json\/wp\/v2\/media\/169"}],"wp:attachment":[{"href":"https:\/\/www.myaquastore.com\/fr\/wp-json\/wp\/v2\/media?parent=34653"}],"wp:term":[{"taxonomy":"product_brand","embeddable":true,"href":"https:\/\/www.myaquastore.com\/fr\/wp-json\/wp\/v2\/product_brand?post=34653"},{"taxonomy":"product_cat","embeddable":true,"href":"https:\/\/www.myaquastore.com\/fr\/wp-json\/wp\/v2\/product_cat?post=34653"},{"taxonomy":"product_tag","embeddable":true,"href":"https:\/\/www.myaquastore.com\/fr\/wp-json\/wp\/v2\/product_tag?post=34653"}],"curies":[{"name":"wp","href":"https:\/\/api.w.org\/{rel}","templated":true}]}}