{"id":34659,"date":"2014-06-26T04:55:39","date_gmt":"2014-06-26T04:55:39","guid":{"rendered":"https:\/\/www.myaquastore.com\/product\/sunsun-hqj-900g-pompe-immergee-suspendue-pompe-a-air-supplementaire-pompe-a-filtre\/"},"modified":"2025-03-16T08:34:05","modified_gmt":"2025-03-16T08:34:05","slug":"sunsun-hqj-900g-pompe-immergee-suspendue-pompe-a-air-supplementaire-pompe-a-filtre","status":"publish","type":"product","link":"https:\/\/www.myaquastore.com\/fr\/product\/sunsun-hqj-900g-pompe-immergee-suspendue-pompe-a-air-supplementaire-pompe-a-filtre\/","title":{"rendered":"Sunsun HQJ-900G pompe immerg\u00e9e suspendue, pompe \u00e0 air suppl\u00e9mentaire, pompe \u00e0 filtre"},"content":{"rendered":"<p><span style=\"font-size: large\">pompe immerg\u00e9e suspendue Sunsun HQJ-900G, pompe \u00e0 air suppl\u00e9mentaire, pompe \u00e0 filtre <\/span><\/p>\n<p><span style=\"font-size: large\">volts\u00a0:\u00a0220\u00a0v 50\u00a0hz<\/span><\/p>\n<p><span style=\"font-size: large\">puissance\u00a0: 12\u00a0w<\/span><\/p>\n<p><span style=\"font-size: large\">hauteur de sortie\u00a0: 1,2\u00a0m\u00e8tre<\/span><\/p>\n<p><span style=\"font-size: large\">d\u00e9bit\u00a0:\u00a0900\u00a0litres\/heure<\/span><\/p>\n<p><span style=\"font-size: large\">Protection contre l&rsquo;eau \u00e0 8 niveaux IPX <\/span><\/p>\n","protected":false},"excerpt":{"rendered":"<p>installation facile<br \/>\n r\u00e9servoir frais et marin<\/p>\n","protected":false},"featured_media":221,"comment_status":"open","ping_status":"closed","template":"","meta":[],"product_brand":[],"product_cat":[403],"product_tag":[],"class_list":{"0":"post-34659","1":"product","2":"type-product","3":"status-publish","4":"has-post-thumbnail","6":"product_cat-tetes-motrices","8":"first","9":"instock","10":"shipping-taxable","11":"purchasable","12":"product-type-simple"},"_links":{"self":[{"href":"https:\/\/www.myaquastore.com\/fr\/wp-json\/wp\/v2\/product\/34659","targetHints":{"allow":["GET"]}}],"collection":[{"href":"https:\/\/www.myaquastore.com\/fr\/wp-json\/wp\/v2\/product"}],"about":[{"href":"https:\/\/www.myaquastore.com\/fr\/wp-json\/wp\/v2\/types\/product"}],"replies":[{"embeddable":true,"href":"https:\/\/www.myaquastore.com\/fr\/wp-json\/wp\/v2\/comments?post=34659"}],"wp:featuredmedia":[{"embeddable":true,"href":"https:\/\/www.myaquastore.com\/fr\/wp-json\/wp\/v2\/media\/221"}],"wp:attachment":[{"href":"https:\/\/www.myaquastore.com\/fr\/wp-json\/wp\/v2\/media?parent=34659"}],"wp:term":[{"taxonomy":"product_brand","embeddable":true,"href":"https:\/\/www.myaquastore.com\/fr\/wp-json\/wp\/v2\/product_brand?post=34659"},{"taxonomy":"product_cat","embeddable":true,"href":"https:\/\/www.myaquastore.com\/fr\/wp-json\/wp\/v2\/product_cat?post=34659"},{"taxonomy":"product_tag","embeddable":true,"href":"https:\/\/www.myaquastore.com\/fr\/wp-json\/wp\/v2\/product_tag?post=34659"}],"curies":[{"name":"wp","href":"https:\/\/api.w.org\/{rel}","templated":true}]}}