{"id":34663,"date":"2014-06-26T05:57:27","date_gmt":"2014-06-26T05:57:27","guid":{"rendered":"https:\/\/www.myaquastore.com\/product\/sunsun-jvp110-pompe-a-vague-pour-reservoir-nano-2-5w-2000l-h-version-110v-220v\/"},"modified":"2025-03-16T08:34:06","modified_gmt":"2025-03-16T08:34:06","slug":"sunsun-jvp110-pompe-a-vague-pour-reservoir-nano-2-5w-2000l-h-version-110v-220v","status":"publish","type":"product","link":"https:\/\/www.myaquastore.com\/fr\/product\/sunsun-jvp110-pompe-a-vague-pour-reservoir-nano-2-5w-2000l-h-version-110v-220v\/","title":{"rendered":"Sunsun jvp110 pompe \u00e0 vague pour r\u00e9servoir nano 2.5w 2000L\/h version 110v\/220v"},"content":{"rendered":"<p><span style=\"font-size: small;color: #0000ff\"><strong>pompe sunsun jvp110 Wave Maker<\/strong><\/span><\/p>\n<ul>\n<li><span style=\"font-size: small;color: #0000ff\">Direction des vagues r\u00e9glable<\/span><\/li>\n<li><span style=\"font-size: small;color: #0000ff\">puissance\u00a0: 2,5\u00a0w<\/span><\/li>\n<li><span style=\"font-size: small;color: #0000ff\">d\u00e9bit\u00a0: 2\u00a0000\u00a0L\/H<\/span><\/li>\n<li><span style=\"font-size: small;color: #0000ff\">Ventouse puissante pour fixer le g\u00e9n\u00e9rateur de vagues au r\u00e9servoir<\/span><\/li>\n<li><span style=\"font-size: small;color: #0000ff\">Conception d&rsquo;h\u00e9lice unique pour cr\u00e9er une vague naturelle dans les aquariums<\/span><\/li>\n<li><span style=\"font-size: small;color: #0000ff\">taille 4 cm x 5,8 cm x 7 cm<\/span><\/li>\n<li><span style=\"font-size: small;color: #0000ff\">Alimentation 220\u00a0v\/110\u00a0v 50\u00a0hz\/60\u00a0hz<\/span><\/li>\n<\/ul>\n","protected":false},"excerpt":{"rendered":"<p>pour le r\u00e9servoir nano,<br \/>\n utilisation facile<\/p>\n","protected":false},"featured_media":255,"comment_status":"open","ping_status":"closed","template":"","meta":[],"product_brand":[],"product_cat":[422],"product_tag":[],"class_list":{"0":"post-34663","1":"product","2":"type-product","3":"status-publish","4":"has-post-thumbnail","6":"product_cat-faiseurs-de-vagues","8":"first","9":"instock","10":"shipping-taxable","11":"purchasable","12":"product-type-simple"},"_links":{"self":[{"href":"https:\/\/www.myaquastore.com\/fr\/wp-json\/wp\/v2\/product\/34663","targetHints":{"allow":["GET"]}}],"collection":[{"href":"https:\/\/www.myaquastore.com\/fr\/wp-json\/wp\/v2\/product"}],"about":[{"href":"https:\/\/www.myaquastore.com\/fr\/wp-json\/wp\/v2\/types\/product"}],"replies":[{"embeddable":true,"href":"https:\/\/www.myaquastore.com\/fr\/wp-json\/wp\/v2\/comments?post=34663"}],"wp:featuredmedia":[{"embeddable":true,"href":"https:\/\/www.myaquastore.com\/fr\/wp-json\/wp\/v2\/media\/255"}],"wp:attachment":[{"href":"https:\/\/www.myaquastore.com\/fr\/wp-json\/wp\/v2\/media?parent=34663"}],"wp:term":[{"taxonomy":"product_brand","embeddable":true,"href":"https:\/\/www.myaquastore.com\/fr\/wp-json\/wp\/v2\/product_brand?post=34663"},{"taxonomy":"product_cat","embeddable":true,"href":"https:\/\/www.myaquastore.com\/fr\/wp-json\/wp\/v2\/product_cat?post=34663"},{"taxonomy":"product_tag","embeddable":true,"href":"https:\/\/www.myaquastore.com\/fr\/wp-json\/wp\/v2\/product_tag?post=34663"}],"curies":[{"name":"wp","href":"https:\/\/api.w.org\/{rel}","templated":true}]}}