{"id":34702,"date":"2014-06-29T02:21:40","date_gmt":"2014-06-29T02:21:40","guid":{"rendered":"https:\/\/www.myaquastore.com\/product\/pompe-a-air-sunsun-aco-008-138w\/"},"modified":"2025-03-16T08:34:14","modified_gmt":"2025-03-16T08:34:14","slug":"pompe-a-air-sunsun-aco-008-138w","status":"publish","type":"product","link":"https:\/\/www.myaquastore.com\/fr\/product\/pompe-a-air-sunsun-aco-008-138w\/","title":{"rendered":"pompe \u00e0 air sunsun ACO-008 138w"},"content":{"rendered":"<p><span>volts\u00a0: 220\u00a0v\/240\u00a0v 50\u00a0hz<\/span><\/p>\n<p><span>puissance 138\u00a0w<\/span><\/p>\n<p><span style=\"color: #0000ff;font-size: small\">d\u00e9bit d&rsquo;air\u00a0: 100 litres\/minute <\/span><\/p>\n<p><span style=\"color: #0000ff;font-size: small\">taille\u00a0: 259\u00a0mm\u00a0X 135\u00a0mm X 167\u00a0mm<\/span><\/p>\n<p><span style=\"color: #0000ff;font-size: small\"><a class=\"clickable js-inline-clickable\"><span style=\"color: #0000ff\">air<\/span><\/a> <a class=\"clickable js-inline-clickable\"><span style=\"color: #0000ff\">pression\u00a0: 0,04 Mpa<\/span><\/a><\/span><\/p>\n","protected":false},"excerpt":{"rendered":"<p>Pompe \u00e0 air puissante et \u00e0 grand rendement 138w pour grand r\u00e9servoir<\/p>\n","protected":false},"featured_media":508,"comment_status":"open","ping_status":"closed","template":"","meta":[],"product_brand":[],"product_cat":[1340],"product_tag":[],"class_list":{"0":"post-34702","1":"product","2":"type-product","3":"status-publish","4":"has-post-thumbnail","6":"product_cat-pompes-a-air-pour-aquariums","8":"first","9":"instock","10":"shipping-taxable","11":"purchasable","12":"product-type-simple"},"_links":{"self":[{"href":"https:\/\/www.myaquastore.com\/fr\/wp-json\/wp\/v2\/product\/34702","targetHints":{"allow":["GET"]}}],"collection":[{"href":"https:\/\/www.myaquastore.com\/fr\/wp-json\/wp\/v2\/product"}],"about":[{"href":"https:\/\/www.myaquastore.com\/fr\/wp-json\/wp\/v2\/types\/product"}],"replies":[{"embeddable":true,"href":"https:\/\/www.myaquastore.com\/fr\/wp-json\/wp\/v2\/comments?post=34702"}],"wp:featuredmedia":[{"embeddable":true,"href":"https:\/\/www.myaquastore.com\/fr\/wp-json\/wp\/v2\/media\/508"}],"wp:attachment":[{"href":"https:\/\/www.myaquastore.com\/fr\/wp-json\/wp\/v2\/media?parent=34702"}],"wp:term":[{"taxonomy":"product_brand","embeddable":true,"href":"https:\/\/www.myaquastore.com\/fr\/wp-json\/wp\/v2\/product_brand?post=34702"},{"taxonomy":"product_cat","embeddable":true,"href":"https:\/\/www.myaquastore.com\/fr\/wp-json\/wp\/v2\/product_cat?post=34702"},{"taxonomy":"product_tag","embeddable":true,"href":"https:\/\/www.myaquastore.com\/fr\/wp-json\/wp\/v2\/product_tag?post=34702"}],"curies":[{"name":"wp","href":"https:\/\/api.w.org\/{rel}","templated":true}]}}