{"id":34705,"date":"2014-06-29T02:56:11","date_gmt":"2014-06-29T02:56:11","guid":{"rendered":"https:\/\/www.myaquastore.com\/product\/sunsun-hj-532-filtre-filtre-interne-suspendu\/"},"modified":"2025-03-16T08:34:15","modified_gmt":"2025-03-16T08:34:15","slug":"sunsun-hj-532-filtre-filtre-interne-suspendu","status":"publish","type":"product","link":"https:\/\/www.myaquastore.com\/fr\/product\/sunsun-hj-532-filtre-filtre-interne-suspendu\/","title":{"rendered":"Sunsun HJ-532 filtre filtre interne suspendu"},"content":{"rendered":"<p><span style=\"font-size: small;color: #0000ff\">volts\u00a0: 220\u00a0v\/240\u00a0v 50\u00a0hz<\/span><\/p>\n<p><span style=\"font-size: small;color: #0000ff\">puissance\u00a0: 5\u00a0w<\/span><\/p>\n<p><span style=\"font-size: small;color: #0000ff\">ascenseur\u00a0: 0,6\u00a0m\u00e8tre<\/span><\/p>\n<p><span style=\"font-size: small;color: #0000ff\">d\u00e9bit\u00a0: 350 L\/H<\/span><\/p>\n<p><span style=\"font-size: small;color: #0000ff\">taille\u00a0: 60mmX42mmX170mm<\/span><\/p>\n","protected":false},"excerpt":{"rendered":"<p>convient aux petits r\u00e9servoirs, facile \u00e0 nettoyer, \u00e9conomise de l&rsquo;\u00e9nergie<\/p>\n","protected":false},"featured_media":534,"comment_status":"open","ping_status":"closed","template":"","meta":[],"product_brand":[],"product_cat":[256],"product_tag":[],"class_list":{"0":"post-34705","1":"product","2":"type-product","3":"status-publish","4":"has-post-thumbnail","6":"product_cat-filtres-internes-daquarium","8":"first","9":"instock","10":"shipping-taxable","11":"purchasable","12":"product-type-simple"},"_links":{"self":[{"href":"https:\/\/www.myaquastore.com\/fr\/wp-json\/wp\/v2\/product\/34705","targetHints":{"allow":["GET"]}}],"collection":[{"href":"https:\/\/www.myaquastore.com\/fr\/wp-json\/wp\/v2\/product"}],"about":[{"href":"https:\/\/www.myaquastore.com\/fr\/wp-json\/wp\/v2\/types\/product"}],"replies":[{"embeddable":true,"href":"https:\/\/www.myaquastore.com\/fr\/wp-json\/wp\/v2\/comments?post=34705"}],"wp:featuredmedia":[{"embeddable":true,"href":"https:\/\/www.myaquastore.com\/fr\/wp-json\/wp\/v2\/media\/534"}],"wp:attachment":[{"href":"https:\/\/www.myaquastore.com\/fr\/wp-json\/wp\/v2\/media?parent=34705"}],"wp:term":[{"taxonomy":"product_brand","embeddable":true,"href":"https:\/\/www.myaquastore.com\/fr\/wp-json\/wp\/v2\/product_brand?post=34705"},{"taxonomy":"product_cat","embeddable":true,"href":"https:\/\/www.myaquastore.com\/fr\/wp-json\/wp\/v2\/product_cat?post=34705"},{"taxonomy":"product_tag","embeddable":true,"href":"https:\/\/www.myaquastore.com\/fr\/wp-json\/wp\/v2\/product_tag?post=34705"}],"curies":[{"name":"wp","href":"https:\/\/api.w.org\/{rel}","templated":true}]}}