{"id":34707,"date":"2014-06-29T03:16:52","date_gmt":"2014-06-29T03:16:52","guid":{"rendered":"https:\/\/www.myaquastore.com\/product\/filtre-externe-a-4-etages-sunsun-hw-404b\/"},"modified":"2025-03-16T08:34:16","modified_gmt":"2025-03-16T08:34:16","slug":"filtre-externe-a-4-etages-sunsun-hw-404b","status":"publish","type":"product","link":"https:\/\/www.myaquastore.com\/fr\/product\/filtre-externe-a-4-etages-sunsun-hw-404b\/","title":{"rendered":"FILTRE EXTERNE \u00c0 4 \u00c9TAGES SUNSUN HW-404B"},"content":{"rendered":"<p>Le syst\u00e8me de filtre externe pour aquarium SunSun HW-404B utilise une approche de filtration en plusieurs \u00e9tapes. Filtrage de l&rsquo;eau du r\u00e9servoir d&rsquo;aquarium \u00e0 travers quatre (4) paniers internes en couches remplis de mat\u00e9riaux filtrants assortis pour une filtration biologique, m\u00e9canique et chimique extr\u00eamement approfondie. <\/p>\n<p>Cette cartouche aspire l&rsquo;eau dans le filtre \u00e0 travers un tube d&rsquo;entr\u00e9e et renvoie de l&rsquo;eau cristalline via un tube de sortie (tous deux fournis). Le tube de sortie est \u00e9quip\u00e9 d&rsquo;une barre de pulv\u00e9risation pour aider \u00e0 augmenter les niveaux d&rsquo;a\u00e9ration de l&rsquo;oxyg\u00e8ne dans votre r\u00e9servoir. Ces filtres sont absolument id\u00e9aux pour lib\u00e9rer de l&rsquo;espace dans votre r\u00e9servoir et offrent une \u00e9norme capacit\u00e9 interne pour les m\u00e9dias filtrants, ce qui les rend adapt\u00e9s aux r\u00e9servoirs de plus grand volume.<\/p>\n<p>Les quatre plateaux de m\u00e9dia flexibles vous permettent d&rsquo;ajouter d&rsquo;autres m\u00e9dias de filtration tels que du charbon actif SunSun, des anneaux en c\u00e9ramique ou des bio-billes (vendus s\u00e9par\u00e9ment). En filtrant votre r\u00e9servoir \u00e0 l&rsquo;aide du m\u00e9dia filtrant, vous observerez un niveau d&rsquo;eau sans d\u00e9chets consid\u00e9rablement am\u00e9lior\u00e9 gr\u00e2ce \u00e0 une purification biologique extr\u00eamement puissante. Le panier de m\u00e9dias filtrants en couches facile d&rsquo;acc\u00e8s du filtre facilite la personnalisation de vos choix de m\u00e9dias en fonction des besoins de votre aquarium et de votre \u00e9levage de poissons.<\/p>\n<p>Le st\u00e9rilisateur UV int\u00e9gr\u00e9 expose l&rsquo;eau qui passe \u00e0 des doses mortelles de lumi\u00e8re ultraviolette, tuant, st\u00e9rilisant ou endommageant de mani\u00e8re irr\u00e9parable de nombreux micro-organismes. L&rsquo;eau de votre aquarium est pomp\u00e9e devant la lumi\u00e8re UV qui est scell\u00e9e \u00e0 l&rsquo;int\u00e9rieur d&rsquo;un manchon en verre de quartz con\u00e7u pour permettre \u00e0 la quantit\u00e9 maximale d&rsquo;UV de traverser l&rsquo;eau.<\/p>\n<p>L&rsquo;entretien du filtre est tr\u00e8s simple. Le robinet d&rsquo;arr\u00eat anti-goutte vous permet de retirer le filtre et de le transporter loin de votre aquarium vers une zone plus adapt\u00e9e au nettoyage. Chaque panier de m\u00e9dia filtrant se soul\u00e8ve doucement hors de l&rsquo;unit\u00e9 et peut \u00eatre facilement rinc\u00e9 et remis pour continuer son fonctionnement.<\/p>\n<\/p>\n<div class=\"content\">\n<ul>\n<li><span style=\"font-family: Arial\">Convient aux aquariums jusqu&rsquo;\u00e0 150 gallons<\/span><\/li>\n<li><span style=\"font-family: Arial\">Dimension\u00a0: 11&Prime; L X 11&Prime; L X 19&Prime; H<\/span><\/li>\n<li><span style=\"font-family: Arial\">D\u00e9bit\u00a0: 525 GPH (2\u00a0000\u00a0L\/h)<\/span><\/li>\n<li><span style=\"font-family: Arial\">Puissance de la pompe\u00a0: 55\u00a0W<\/span><\/li>\n<li><span style=\"font-family: Arial\">4 plateaux m\u00e9dia capables de g\u00e9rer votre choix de m\u00e9dia de filtration<\/span><\/li>\n<li><span style=\"font-family: Arial\">Capable de filtration m\u00e9canique, biologique et chimique<\/span><\/li>\n<li><span style=\"font-family: Arial\">Installation facile, pas d&rsquo;assemblage compliqu\u00e9<\/span><\/li>\n<li><span style=\"font-family: Arial\">Comprend des tampons filtrants, des tuyaux et toutes les pi\u00e8ces pour commencer<\/span><\/li>\n<li><span style=\"font-family: Arial\">Convient aux eaux douces et marines<\/span><\/li>\n<li><span style=\"font-family: Arial\">Fiche \u00e0 3 broches standard am\u00e9ricaine (achat aupr\u00e8s de TechnToy uniquement)<\/span><\/li>\n<li><span style=\"font-family: Arial\">Syst\u00e8me d&rsquo;amor\u00e7age am\u00e9lior\u00e9<\/span><\/li>\n<li><span style=\"font-family: Arial\">Poign\u00e9e de transport am\u00e9lior\u00e9e<\/span><\/li>\n<\/ul>\n<p><span style=\"font-family: Arial\">Inclure\u00a0:<\/span><\/p>\n<p><span style=\"font-family: Arial;font-size: medium\">1x discr\u00e9tion d&rsquo;entr\u00e9e et de sortie<\/span><\/p>\n<p><span style=\"font-family: Arial;font-size: medium\">1x t\u00eate de barillet<\/span><\/p>\n<p><span style=\"font-family: Arial;font-size: medium\">1x filtre \u00e0 cartouche<\/span><\/p>\n<p><span style=\"font-family: Arial;font-size: medium\">2x 5 pieds de longueur de tube flexible<\/span><\/p>\n<p><span style=\"font-family: Arial;font-size: medium\">1x couvercle de bac d&rsquo;\u00e9gouttage<\/span><\/p>\n<p><span style=\"font-family: Arial;font-size: medium\">4x plateaux de drainage<\/span><\/p>\n<p><span style=\"font-family: Arial;font-size: medium\">1x barre courbe de sortie<\/span><\/p>\n<p><span style=\"font-family: Arial;font-size: medium\">1x barre courbe d&rsquo;entr\u00e9e<\/span><\/p>\n<p><span style=\"font-family: Arial;font-size: medium\">2x barres connect\u00e9es<\/span><\/p>\n<p><span style=\"font-family: Arial;font-size: medium\">2x barres de pulv\u00e9risation<\/span><\/p>\n<p><span style=\"font-family: Arial;font-size: medium\">1x couvercle de barre de pulv\u00e9risation<\/span><\/p>\n<p><span style=\"font-family: Arial;font-size: medium\">1x entr\u00e9e sale<\/span><\/p>\n<p><span style=\"font-family: Arial;font-size: medium\">1x entr\u00e9e de joint de salet\u00e9<\/span><\/p>\n<p><span style=\"font-family: Arial;font-size: medium\">1x barres de saisie<\/span><\/p>\n<p><span style=\"font-family: Arial;font-size: medium\">1x couverture d&rsquo;entr\u00e9e<\/span><\/p>\n<p><span style=\"font-family: Arial;font-size: medium\">3x tampons de coton blancs fins<\/span><\/p>\n<p><span style=\"font-size: medium\">4x ventouse<\/span><\/p>\n<p><span style=\"font-size: medium\">1 ampoule UV 9\u00a0W<\/span><\/p>\n<\/p><\/div>\n","protected":false},"excerpt":{"rendered":"<p>Lampe UV incluse, filtre \u00e0 haut effet<br \/>\n facile \u00e0 nettoyer et \u00e0 installer<\/p>\n","protected":false},"featured_media":548,"comment_status":"open","ping_status":"closed","template":"","meta":[],"product_brand":[],"product_cat":[254],"product_tag":[],"class_list":{"0":"post-34707","1":"product","2":"type-product","3":"status-publish","4":"has-post-thumbnail","6":"product_cat-filtres-daquarium-a-cartouche","8":"first","9":"instock","10":"shipping-taxable","11":"purchasable","12":"product-type-simple"},"_links":{"self":[{"href":"https:\/\/www.myaquastore.com\/fr\/wp-json\/wp\/v2\/product\/34707","targetHints":{"allow":["GET"]}}],"collection":[{"href":"https:\/\/www.myaquastore.com\/fr\/wp-json\/wp\/v2\/product"}],"about":[{"href":"https:\/\/www.myaquastore.com\/fr\/wp-json\/wp\/v2\/types\/product"}],"replies":[{"embeddable":true,"href":"https:\/\/www.myaquastore.com\/fr\/wp-json\/wp\/v2\/comments?post=34707"}],"wp:featuredmedia":[{"embeddable":true,"href":"https:\/\/www.myaquastore.com\/fr\/wp-json\/wp\/v2\/media\/548"}],"wp:attachment":[{"href":"https:\/\/www.myaquastore.com\/fr\/wp-json\/wp\/v2\/media?parent=34707"}],"wp:term":[{"taxonomy":"product_brand","embeddable":true,"href":"https:\/\/www.myaquastore.com\/fr\/wp-json\/wp\/v2\/product_brand?post=34707"},{"taxonomy":"product_cat","embeddable":true,"href":"https:\/\/www.myaquastore.com\/fr\/wp-json\/wp\/v2\/product_cat?post=34707"},{"taxonomy":"product_tag","embeddable":true,"href":"https:\/\/www.myaquastore.com\/fr\/wp-json\/wp\/v2\/product_tag?post=34707"}],"curies":[{"name":"wp","href":"https:\/\/api.w.org\/{rel}","templated":true}]}}