{"id":34726,"date":"2014-05-06T19:18:59","date_gmt":"2014-05-06T19:18:59","guid":{"rendered":"https:\/\/www.myaquastore.com\/product\/bio-eponge-filtre-elevage-frite-betta-crevettes-nano-aquarium-jusqua-20-gal\/"},"modified":"2025-03-16T08:34:23","modified_gmt":"2025-03-16T08:34:23","slug":"bio-eponge-filtre-elevage-frite-betta-crevettes-nano-aquarium-jusqua-20-gal","status":"publish","type":"product","link":"https:\/\/www.myaquastore.com\/fr\/product\/bio-eponge-filtre-elevage-frite-betta-crevettes-nano-aquarium-jusqua-20-gal\/","title":{"rendered":"Bio \u00e9ponge filtre \u00e9levage frite Betta crevettes Nano Aquarium jusqu&rsquo;\u00e0 20 Gal"},"content":{"rendered":"<p><span style=\"font-size: large;color: #3366ff\">Filtre biologique facile \u00e0 utiliser pour poissons d&rsquo;aquarium tropicaux<\/span><\/p>\n<p><span style=\"font-size: large;color: #3366ff\">\u00c9ponge filtrante d&rsquo;aquarium pour une filtration biologique efficace<\/span><\/p>\n<p><span style=\"font-size: large;color: #3366ff\">Excellent filtre biologique pour les aquariums de reproduction ou de frai<\/span><\/p>\n<p><span style=\"font-size: large;color: #3366ff\">Fabriqu\u00e9 \u00e0 partir d&rsquo;un mat\u00e9riau filtrant hydrophile de haute qualit\u00e9. La conception multistrate offre une grande surface pour une filtration optimale.<\/span><\/p>\n<p><span style=\"font-size: large;color: #3366ff\">Fournit l&#8217;emplacement id\u00e9al pour la colonisation bact\u00e9rienne.<\/span><\/p>\n<p><span style=\"font-size: large;color: #3366ff\">Fonctionn\u00e9 par une pompe \u00e0 air pour cr\u00e9er de nombreuses bulles minuscules afin d&rsquo;augmenter la teneur en oxyg\u00e8ne dissous.<\/span><\/p>\n<p><span style=\"font-size: large;color: #3366ff\">L&rsquo;\u00e9ponge filtrante rempla\u00e7able permet une utilisation durable.<\/span><\/p>\n<p><span style=\"font-size: large;color: #3366ff\">Ne pi\u00e8ge pas les alevins de poisson. Filtre appropri\u00e9 lors de la reproduction et du frai des Discus, des cichlid\u00e9s nains, des guppys et des killifish.<\/span><\/p>\n<p><span> <\/span><\/p>\n<p><span style=\"font-size: large;color: #3366ff\">Ces filtres vous permettent de cultiver des bact\u00e9ries nitrifiantes pour une superbe filtration biologique. Id\u00e9al pour les aquariums d&rsquo;alevins et les \u00e9closeries d&rsquo;art\u00e9mias, car ils emp\u00eachent les jeunes alevins d&rsquo;\u00eatre pi\u00e9g\u00e9s dans le m\u00e9dia filtrant. Fonctionne silencieusement, cr\u00e9ant de nombreuses bulles minuscules pour augmenter le d\u00e9bit d&rsquo;oxyg\u00e8ne.<\/span><\/p>\n<p><span> <\/span><\/p>\n<p><span style=\"font-size: large;color: #3366ff\">Chacun n\u00e9cessite une pompe \u00e0 air et un tube d&rsquo;air, vendus s\u00e9par\u00e9ment.<\/span><\/p>\n<p><span> <\/span><\/p>\n<p><span style=\"font-size: large;color: #3366ff\">Maintenance<\/span><\/p>\n<p><span> <\/span><\/p>\n<p><span style=\"font-size: large;color: #3366ff\">Rincez l&rsquo;\u00e9ponge chaque semaine \u00e0 l&rsquo;eau courante froide ou ti\u00e8de. N&rsquo;utilisez PAS d&rsquo;eau chaude ou tr\u00e8s froide car cela d\u00e9truirait les bact\u00e9ries qui colonisent l&rsquo;\u00e9ponge.<\/span><\/p>\n<p><span style=\"font-size: large;color: #3366ff\">N&rsquo;utilisez pas de savon ou de d\u00e9tergent pour rincer l&rsquo;\u00e9ponge.<\/span><\/p>\n","protected":false},"excerpt":{"rendered":"<p>petit filtre \u00e9ponge Bio pour petit r\u00e9servoir<\/p>\n","protected":false},"featured_media":708,"comment_status":"open","ping_status":"closed","template":"","meta":[],"product_brand":[],"product_cat":[1342],"product_tag":[],"class_list":{"0":"post-34726","1":"product","2":"type-product","3":"status-publish","4":"has-post-thumbnail","6":"product_cat-filtres-daquarium-en-eponge","8":"first","9":"instock","10":"shipping-taxable","11":"purchasable","12":"product-type-simple"},"_links":{"self":[{"href":"https:\/\/www.myaquastore.com\/fr\/wp-json\/wp\/v2\/product\/34726","targetHints":{"allow":["GET"]}}],"collection":[{"href":"https:\/\/www.myaquastore.com\/fr\/wp-json\/wp\/v2\/product"}],"about":[{"href":"https:\/\/www.myaquastore.com\/fr\/wp-json\/wp\/v2\/types\/product"}],"replies":[{"embeddable":true,"href":"https:\/\/www.myaquastore.com\/fr\/wp-json\/wp\/v2\/comments?post=34726"}],"wp:featuredmedia":[{"embeddable":true,"href":"https:\/\/www.myaquastore.com\/fr\/wp-json\/wp\/v2\/media\/708"}],"wp:attachment":[{"href":"https:\/\/www.myaquastore.com\/fr\/wp-json\/wp\/v2\/media?parent=34726"}],"wp:term":[{"taxonomy":"product_brand","embeddable":true,"href":"https:\/\/www.myaquastore.com\/fr\/wp-json\/wp\/v2\/product_brand?post=34726"},{"taxonomy":"product_cat","embeddable":true,"href":"https:\/\/www.myaquastore.com\/fr\/wp-json\/wp\/v2\/product_cat?post=34726"},{"taxonomy":"product_tag","embeddable":true,"href":"https:\/\/www.myaquastore.com\/fr\/wp-json\/wp\/v2\/product_tag?post=34726"}],"curies":[{"name":"wp","href":"https:\/\/api.w.org\/{rel}","templated":true}]}}