{"id":34766,"date":"2014-09-10T20:51:13","date_gmt":"2014-09-10T20:51:13","guid":{"rendered":"https:\/\/www.myaquastore.com\/product\/puce-led-3-w-6500-k\/"},"modified":"2025-03-16T08:34:39","modified_gmt":"2025-03-16T08:34:39","slug":"puce-led-3-w-6500-k","status":"publish","type":"product","link":"https:\/\/www.myaquastore.com\/fr\/product\/puce-led-3-w-6500-k\/","title":{"rendered":"Puce LED 3 W 6500 K."},"content":{"rendered":"<p><span><strong>puissance\u00a0: 3\u00a0w<\/strong><\/span><\/p>\n<p><span><strong>volts\u00a0: 3,2-3,4\u00a0volts<\/strong><\/span><\/p>\n<p><span><strong>LM\u00a0: 80-90<\/strong><\/span><\/p>\n<p><span><strong>devise\u00a0: 600-700\u00a0mA<\/strong><\/span><\/p>\n<p><span><strong>longueur d&rsquo;onde\u00a0: 460\u00a0nm<\/strong><\/span><\/p>\n<p><span style=\"color: #0000ff;font-size: large\"><strong>TEMP\u00c9RATURE DE TRAVAIL\u00a0:\u00a0-20&#8211;70\u00a0degr\u00e9s<\/strong><\/span><\/p>\n<p><span style=\"color: #0000ff;font-size: large\"><strong>Angle de vision\u00a0: 120\u00a0degr\u00e9s adapt\u00e9 \u00e0 l&rsquo;\u00e9clairage de culture des plantes en r\u00e9servoir fra\u00eeches<\/strong><\/span><\/p>\n","protected":false},"excerpt":{"rendered":"<p>Puce LED 3 W 6500 K pour la culture des plantes<\/p>\n","protected":false},"featured_media":1008,"comment_status":"open","ping_status":"closed","template":"","meta":[],"product_brand":[],"product_cat":[1347],"product_tag":[],"class_list":{"0":"post-34766","1":"product","2":"type-product","3":"status-publish","4":"has-post-thumbnail","6":"product_cat-pilotes-led-accessoires","8":"first","9":"instock","10":"shipping-taxable","11":"purchasable","12":"product-type-simple"},"_links":{"self":[{"href":"https:\/\/www.myaquastore.com\/fr\/wp-json\/wp\/v2\/product\/34766","targetHints":{"allow":["GET"]}}],"collection":[{"href":"https:\/\/www.myaquastore.com\/fr\/wp-json\/wp\/v2\/product"}],"about":[{"href":"https:\/\/www.myaquastore.com\/fr\/wp-json\/wp\/v2\/types\/product"}],"replies":[{"embeddable":true,"href":"https:\/\/www.myaquastore.com\/fr\/wp-json\/wp\/v2\/comments?post=34766"}],"wp:featuredmedia":[{"embeddable":true,"href":"https:\/\/www.myaquastore.com\/fr\/wp-json\/wp\/v2\/media\/1008"}],"wp:attachment":[{"href":"https:\/\/www.myaquastore.com\/fr\/wp-json\/wp\/v2\/media?parent=34766"}],"wp:term":[{"taxonomy":"product_brand","embeddable":true,"href":"https:\/\/www.myaquastore.com\/fr\/wp-json\/wp\/v2\/product_brand?post=34766"},{"taxonomy":"product_cat","embeddable":true,"href":"https:\/\/www.myaquastore.com\/fr\/wp-json\/wp\/v2\/product_cat?post=34766"},{"taxonomy":"product_tag","embeddable":true,"href":"https:\/\/www.myaquastore.com\/fr\/wp-json\/wp\/v2\/product_tag?post=34766"}],"curies":[{"name":"wp","href":"https:\/\/api.w.org\/{rel}","templated":true}]}}