{"id":34769,"date":"2014-08-11T21:30:35","date_gmt":"2014-08-11T21:30:35","guid":{"rendered":"https:\/\/www.myaquastore.com\/product\/idee-led-de-couleur-bleue-3w-460nm-pour-reservoir-marin\/"},"modified":"2025-03-16T08:34:41","modified_gmt":"2025-03-16T08:34:41","slug":"idee-led-de-couleur-bleue-3w-460nm-pour-reservoir-marin","status":"publish","type":"product","link":"https:\/\/www.myaquastore.com\/fr\/product\/idee-led-de-couleur-bleue-3w-460nm-pour-reservoir-marin\/","title":{"rendered":"Id\u00e9e LED de couleur bleue 3w 460nm pour r\u00e9servoir marin"},"content":{"rendered":"<p><span><strong>puissance\u00a0: 3\u00a0w<\/strong><\/span><\/p>\n<p><span style=\"font-size: large;color: #0000ff\"><strong>volts\u00a0: 3,2-3,4\u00a0volts<\/strong><\/span><\/p>\n<p><span style=\"font-size: large;color: #0000ff\"><strong>LM\u00a0: 80-90<\/strong><\/span><\/p>\n<p><span style=\"font-size: large;color: #0000ff\"><strong>devise\u00a0: 600-700\u00a0mA<\/strong><\/span><\/p>\n<p><span style=\"font-size: large;color: #0000ff\"><strong>longueur d&rsquo;onde\u00a0: 460\u00a0nm<\/strong><\/span><\/p>\n<p><span style=\"font-size: large;color: #0000ff\"><strong>TEMP\u00c9RATURE de travail\u00a0: -20 \u00e0 70\u00a0degr\u00e9s<\/strong><\/span><\/p>\n<p><span style=\"font-size: large;color: #0000ff\"><strong>Angle de vision\u00a0:\u00a0120\u00a0degr\u00e9s adapt\u00e9 \u00e0 l&rsquo;\u00e9clairage de culture des plantes en r\u00e9servoir de plantes fra\u00eeches<\/strong><\/span><\/p>\n","protected":false},"excerpt":{"rendered":"<p>Id\u00e9e led 3w 20000k pour r\u00e9servoir marin<\/p>\n","protected":false},"featured_media":1023,"comment_status":"open","ping_status":"closed","template":"","meta":[],"product_brand":[],"product_cat":[1347],"product_tag":[],"class_list":{"0":"post-34769","1":"product","2":"type-product","3":"status-publish","4":"has-post-thumbnail","6":"product_cat-pilotes-led-accessoires","8":"first","9":"instock","10":"shipping-taxable","11":"purchasable","12":"product-type-simple"},"_links":{"self":[{"href":"https:\/\/www.myaquastore.com\/fr\/wp-json\/wp\/v2\/product\/34769","targetHints":{"allow":["GET"]}}],"collection":[{"href":"https:\/\/www.myaquastore.com\/fr\/wp-json\/wp\/v2\/product"}],"about":[{"href":"https:\/\/www.myaquastore.com\/fr\/wp-json\/wp\/v2\/types\/product"}],"replies":[{"embeddable":true,"href":"https:\/\/www.myaquastore.com\/fr\/wp-json\/wp\/v2\/comments?post=34769"}],"wp:featuredmedia":[{"embeddable":true,"href":"https:\/\/www.myaquastore.com\/fr\/wp-json\/wp\/v2\/media\/1023"}],"wp:attachment":[{"href":"https:\/\/www.myaquastore.com\/fr\/wp-json\/wp\/v2\/media?parent=34769"}],"wp:term":[{"taxonomy":"product_brand","embeddable":true,"href":"https:\/\/www.myaquastore.com\/fr\/wp-json\/wp\/v2\/product_brand?post=34769"},{"taxonomy":"product_cat","embeddable":true,"href":"https:\/\/www.myaquastore.com\/fr\/wp-json\/wp\/v2\/product_cat?post=34769"},{"taxonomy":"product_tag","embeddable":true,"href":"https:\/\/www.myaquastore.com\/fr\/wp-json\/wp\/v2\/product_tag?post=34769"}],"curies":[{"name":"wp","href":"https:\/\/api.w.org\/{rel}","templated":true}]}}