{"id":34777,"date":"2014-07-13T21:53:27","date_gmt":"2014-07-13T21:53:27","guid":{"rendered":"https:\/\/www.myaquastore.com\/product\/pompe-daquarium-pour-aquarium-filtre-dangle-bio-a-air-eponge-pour-friture-betta-xy-2010\/"},"modified":"2025-03-16T08:34:46","modified_gmt":"2025-03-16T08:34:46","slug":"pompe-daquarium-pour-aquarium-filtre-dangle-bio-a-air-eponge-pour-friture-betta-xy-2010","status":"publish","type":"product","link":"https:\/\/www.myaquastore.com\/fr\/product\/pompe-daquarium-pour-aquarium-filtre-dangle-bio-a-air-eponge-pour-friture-betta-xy-2010\/","title":{"rendered":"Pompe d&rsquo;aquarium pour Aquarium, filtre d&rsquo;angle Bio \u00e0 Air, \u00e9ponge pour friture Betta, XY-2010"},"content":{"rendered":"<p><span style=\"font-size: large;color: #0000ff\"><strong>Sp\u00e9cifications\u00a0:<\/strong><\/span><\/p>\n<p><span style=\"font-size: large;color: #0000ff\"> Description\u00a0:<\/span><\/p>\n<p><span style=\"font-size: large;color: #0000ff\">Il s&rsquo;agit d&rsquo;un filtre int\u00e9gr\u00e9, utilisant une \u00e9ponge senior respectueuse de l&rsquo;environnement, une pompe \u00e0 air ou des pompes peuvent \u00eatre connect\u00e9es pour obtenir le double effet d&rsquo;a\u00e9ration et de filtration afin d&rsquo;augmenter le taux de survie des poissons.<\/span><\/p>\n<p><span style=\"font-size: large;color: #0000ff\"> <\/span><\/p>\n<p><span style=\"font-size: large;color: #0000ff\">M\u00e9dias filtrants\u00a0:<\/span><\/p>\n<p><span style=\"font-size: large;color: #0000ff\">1, coton filtrant, coton biochimique grossier, filtre en coton fin, pierre filtrante, anneau en c\u00e9ramique.<\/span><\/p>\n<p><span style=\"font-size: large;color: #0000ff\">2, coton filtrant multicouche + deux pierres filtrantes, filtration plus scientifique et plus approfondie<\/span><\/p>\n<p><span style=\"font-size: large;color: #0000ff\">3, Forme incurv\u00e9e de l&rsquo;angle du cylindre, cylindre peu encombrant.<\/span><\/p>\n<p><span style=\"font-size: large;color: #0000ff\">4, Angle de sortie r\u00e9glable<\/span><\/p>\n","protected":false},"excerpt":{"rendered":"<p>utilisation facile, fonctionnant avec un r\u00e9servoir nano<\/p>\n","protected":false},"featured_media":1081,"comment_status":"open","ping_status":"closed","template":"","meta":[],"product_brand":[],"product_cat":[1342],"product_tag":[],"class_list":{"0":"post-34777","1":"product","2":"type-product","3":"status-publish","4":"has-post-thumbnail","6":"product_cat-filtres-daquarium-en-eponge","8":"first","9":"instock","10":"shipping-taxable","11":"purchasable","12":"product-type-simple"},"_links":{"self":[{"href":"https:\/\/www.myaquastore.com\/fr\/wp-json\/wp\/v2\/product\/34777","targetHints":{"allow":["GET"]}}],"collection":[{"href":"https:\/\/www.myaquastore.com\/fr\/wp-json\/wp\/v2\/product"}],"about":[{"href":"https:\/\/www.myaquastore.com\/fr\/wp-json\/wp\/v2\/types\/product"}],"replies":[{"embeddable":true,"href":"https:\/\/www.myaquastore.com\/fr\/wp-json\/wp\/v2\/comments?post=34777"}],"wp:featuredmedia":[{"embeddable":true,"href":"https:\/\/www.myaquastore.com\/fr\/wp-json\/wp\/v2\/media\/1081"}],"wp:attachment":[{"href":"https:\/\/www.myaquastore.com\/fr\/wp-json\/wp\/v2\/media?parent=34777"}],"wp:term":[{"taxonomy":"product_brand","embeddable":true,"href":"https:\/\/www.myaquastore.com\/fr\/wp-json\/wp\/v2\/product_brand?post=34777"},{"taxonomy":"product_cat","embeddable":true,"href":"https:\/\/www.myaquastore.com\/fr\/wp-json\/wp\/v2\/product_cat?post=34777"},{"taxonomy":"product_tag","embeddable":true,"href":"https:\/\/www.myaquastore.com\/fr\/wp-json\/wp\/v2\/product_tag?post=34777"}],"curies":[{"name":"wp","href":"https:\/\/api.w.org\/{rel}","templated":true}]}}