{"id":34794,"date":"2014-07-17T21:40:12","date_gmt":"2014-07-17T21:40:12","guid":{"rendered":"https:\/\/www.myaquastore.com\/product\/pompe-a-filtre-submersible-pour-sterilisateur-uv-sunsun-jup-01-9w\/"},"modified":"2025-03-16T08:34:52","modified_gmt":"2025-03-16T08:34:52","slug":"pompe-a-filtre-submersible-pour-sterilisateur-uv-sunsun-jup-01-9w","status":"publish","type":"product","link":"https:\/\/www.myaquastore.com\/fr\/product\/pompe-a-filtre-submersible-pour-sterilisateur-uv-sunsun-jup-01-9w\/","title":{"rendered":"Pompe \u00e0 filtre submersible pour st\u00e9rilisateur UV SunSun JUP-01 9W"},"content":{"rendered":"<p><span style=\"font-size: large;color: #0000ff\"><strong>JUP- 01 UV est une nouvelle marque qui combine une pompe de filtrage et une lumi\u00e8re UV, un petit cubage et une belle apparence. algues \u00e0 grande vitesse. En outre, cette pompe peut \u00eatre install\u00e9e n&rsquo;importe o\u00f9 dans l&rsquo;aquarium et l&rsquo;\u00e9tang \u00e0 poissons.<\/strong><\/span><\/p>\n<p><span style=\"font-size: large;color: #0000ff\"><strong>Ne pas irradier les poissons, les plantes aquatiques et les personnes\u00a0!<\/strong><\/span><\/p>\n<p><span style=\"font-size: large;color: #0000ff\"><strong>Doit \u00eatre dans un r\u00e9cipient scell\u00e9 lors de l&rsquo;utilisation de la lumi\u00e8re UV dans l&rsquo;aquarium\u00a0!<\/strong><\/span><\/p>\n<p><span><strong> <\/strong><\/span><\/p>\n<p><span style=\"font-size: large;color: #0000ff\"><strong>Pas de temps \u00e0 travailler avec la lumi\u00e8re UV, une demi-heure par jour ou par semaine, c&rsquo;est bien\u00a0!<\/strong><\/span><\/p>\n<p><span><strong> <\/strong><\/span><\/p>\n<p><span style=\"font-size: large;color: #0000ff\"><strong>param\u00e8tre<\/strong><\/span><\/p>\n<p><span style=\"font-size: large;color: #0000ff\"><strong>Mod\u00e8le\u00a0: JUP- 01 UV<\/strong><\/span><\/p>\n<p><span style=\"font-size: large;color: #0000ff\"><strong>Tension\u00a0:\u00a0AC 220-240\u00a0V\/50-60\u00a0Hz<\/strong><\/span><\/p>\n<p><span style=\"font-size: large;color: #0000ff\"><strong>Puissance de la lumi\u00e8re UV\u00a0: 9\u00a0w<\/strong><\/span><\/p>\n<p><span style=\"font-size: large;color: #0000ff\"><strong>Puissance de la pompe\u00a0: 8\u00a0w<\/strong><\/span><\/p>\n<p><span style=\"font-size: large;color: #0000ff\"><strong>Quantit\u00e9 de d\u00e9bit la plus \u00e9lev\u00e9e\u00a0: 800\u00a0L\/h<\/strong><\/span><\/p>\n<p><span style=\"font-size: large;color: #0000ff\"><strong>T\u00eate de pompage la plus haute\u00a0: 0,6\u00a0m<\/strong><\/span><\/p>\n<p><span style=\"font-size: large;color: #0000ff\"><strong>Poids\u00a0: 1kg<\/strong><\/span><\/p>\n<p><span style=\"font-size: large;color: #0000ff\"><strong>Taille\u00a0: 98*90*305mm<\/strong><\/span><\/p>\n","protected":false},"excerpt":{"rendered":"<p>9w uv avec t\u00eate de pompe<br \/>\n utilisation facile meilleure qualit\u00e9<\/p>\n","protected":false},"featured_media":1181,"comment_status":"open","ping_status":"closed","template":"","meta":[],"product_brand":[],"product_cat":[399],"product_tag":[],"class_list":{"0":"post-34794","1":"product","2":"type-product","3":"status-publish","4":"has-post-thumbnail","6":"product_cat-sterilisateurs-uv","8":"first","9":"instock","10":"shipping-taxable","11":"purchasable","12":"product-type-simple"},"_links":{"self":[{"href":"https:\/\/www.myaquastore.com\/fr\/wp-json\/wp\/v2\/product\/34794","targetHints":{"allow":["GET"]}}],"collection":[{"href":"https:\/\/www.myaquastore.com\/fr\/wp-json\/wp\/v2\/product"}],"about":[{"href":"https:\/\/www.myaquastore.com\/fr\/wp-json\/wp\/v2\/types\/product"}],"replies":[{"embeddable":true,"href":"https:\/\/www.myaquastore.com\/fr\/wp-json\/wp\/v2\/comments?post=34794"}],"wp:featuredmedia":[{"embeddable":true,"href":"https:\/\/www.myaquastore.com\/fr\/wp-json\/wp\/v2\/media\/1181"}],"wp:attachment":[{"href":"https:\/\/www.myaquastore.com\/fr\/wp-json\/wp\/v2\/media?parent=34794"}],"wp:term":[{"taxonomy":"product_brand","embeddable":true,"href":"https:\/\/www.myaquastore.com\/fr\/wp-json\/wp\/v2\/product_brand?post=34794"},{"taxonomy":"product_cat","embeddable":true,"href":"https:\/\/www.myaquastore.com\/fr\/wp-json\/wp\/v2\/product_cat?post=34794"},{"taxonomy":"product_tag","embeddable":true,"href":"https:\/\/www.myaquastore.com\/fr\/wp-json\/wp\/v2\/product_tag?post=34794"}],"curies":[{"name":"wp","href":"https:\/\/api.w.org\/{rel}","templated":true}]}}