{"id":34797,"date":"2014-07-17T22:34:26","date_gmt":"2014-07-17T22:34:26","guid":{"rendered":"https:\/\/www.myaquastore.com\/product\/filtre-interne-sunsun-jup-22-9w-avec-sterilisateur-uv-facile-a-installer-et-a-nettoyer\/"},"modified":"2025-03-16T08:34:54","modified_gmt":"2025-03-16T08:34:54","slug":"filtre-interne-sunsun-jup-22-9w-avec-sterilisateur-uv-facile-a-installer-et-a-nettoyer","status":"publish","type":"product","link":"https:\/\/www.myaquastore.com\/fr\/product\/filtre-interne-sunsun-jup-22-9w-avec-sterilisateur-uv-facile-a-installer-et-a-nettoyer\/","title":{"rendered":"Filtre interne sunsun JUP-22 9w avec st\u00e9rilisateur uv, facile \u00e0 installer et \u00e0 nettoyer"},"content":{"rendered":"<p><span style=\"font-size: large;color: #0000ff\"><strong>VOLTS\u00a0: 220V\/240V 50hz<br \/>puissance\u00a0: 9W<br \/>Puissance de la lampe UV\u00a0:9W<br \/>ascenseur:0,6 m<br \/>d\u00e9bit\u00a0: 800\u00a0L\/h<\/strong><\/span><br \/><span><strong>taille\u00a0: 95x80x310mm<\/strong><\/span><\/p>\n","protected":false},"excerpt":{"rendered":"<p>facile \u00e0 utiliser bonne qualit\u00e9<\/p>\n","protected":false},"featured_media":1207,"comment_status":"open","ping_status":"closed","template":"","meta":[],"product_brand":[],"product_cat":[399],"product_tag":[],"class_list":{"0":"post-34797","1":"product","2":"type-product","3":"status-publish","4":"has-post-thumbnail","6":"product_cat-sterilisateurs-uv","8":"first","9":"instock","10":"shipping-taxable","11":"purchasable","12":"product-type-simple"},"_links":{"self":[{"href":"https:\/\/www.myaquastore.com\/fr\/wp-json\/wp\/v2\/product\/34797","targetHints":{"allow":["GET"]}}],"collection":[{"href":"https:\/\/www.myaquastore.com\/fr\/wp-json\/wp\/v2\/product"}],"about":[{"href":"https:\/\/www.myaquastore.com\/fr\/wp-json\/wp\/v2\/types\/product"}],"replies":[{"embeddable":true,"href":"https:\/\/www.myaquastore.com\/fr\/wp-json\/wp\/v2\/comments?post=34797"}],"wp:featuredmedia":[{"embeddable":true,"href":"https:\/\/www.myaquastore.com\/fr\/wp-json\/wp\/v2\/media\/1207"}],"wp:attachment":[{"href":"https:\/\/www.myaquastore.com\/fr\/wp-json\/wp\/v2\/media?parent=34797"}],"wp:term":[{"taxonomy":"product_brand","embeddable":true,"href":"https:\/\/www.myaquastore.com\/fr\/wp-json\/wp\/v2\/product_brand?post=34797"},{"taxonomy":"product_cat","embeddable":true,"href":"https:\/\/www.myaquastore.com\/fr\/wp-json\/wp\/v2\/product_cat?post=34797"},{"taxonomy":"product_tag","embeddable":true,"href":"https:\/\/www.myaquastore.com\/fr\/wp-json\/wp\/v2\/product_tag?post=34797"}],"curies":[{"name":"wp","href":"https:\/\/api.w.org\/{rel}","templated":true}]}}