{"id":34818,"date":"2014-07-19T21:48:52","date_gmt":"2014-07-19T21:48:52","guid":{"rendered":"https:\/\/www.myaquastore.com\/product\/valeur-de-reglage-fin-du-co2-adaptee-au-reglage-de-la-sortie-du-tube-de-co2\/"},"modified":"2025-03-16T08:35:04","modified_gmt":"2025-03-16T08:35:04","slug":"valeur-de-reglage-fin-du-co2-adaptee-au-reglage-de-la-sortie-du-tube-de-co2","status":"publish","type":"product","link":"https:\/\/www.myaquastore.com\/fr\/product\/valeur-de-reglage-fin-du-co2-adaptee-au-reglage-de-la-sortie-du-tube-de-co2\/","title":{"rendered":"Valeur de r\u00e9glage fin du co2, adapt\u00e9e au r\u00e9glage de la sortie du tube de co2"},"content":{"rendered":"<\/p>\n<p><span style=\"font-size: large;color: #0000ff\"><strong>valeur de r\u00e9glage fin du co2, adapt\u00e9e au r\u00e9glage de la sortie du tube de co2<\/strong><\/span><br \/><span style=\"font-size: large;color: #0000ff\"><strong>fabriqu\u00e9 en plastique<\/strong><\/span><\/p>\n","protected":false},"excerpt":{"rendered":"<p>Valeur de r\u00e9glage fin du co2, adapt\u00e9e au r\u00e9glage de la sortie du tube de co2<\/p>\n","protected":false},"featured_media":1361,"comment_status":"open","ping_status":"closed","template":"","meta":[],"product_brand":[],"product_cat":[1363],"product_tag":[],"class_list":{"0":"post-34818","1":"product","2":"type-product","3":"status-publish","4":"has-post-thumbnail","6":"product_cat-supplements-de-plantes-aquatiques","8":"first","9":"instock","10":"shipping-taxable","11":"purchasable","12":"product-type-simple"},"_links":{"self":[{"href":"https:\/\/www.myaquastore.com\/fr\/wp-json\/wp\/v2\/product\/34818","targetHints":{"allow":["GET"]}}],"collection":[{"href":"https:\/\/www.myaquastore.com\/fr\/wp-json\/wp\/v2\/product"}],"about":[{"href":"https:\/\/www.myaquastore.com\/fr\/wp-json\/wp\/v2\/types\/product"}],"replies":[{"embeddable":true,"href":"https:\/\/www.myaquastore.com\/fr\/wp-json\/wp\/v2\/comments?post=34818"}],"wp:featuredmedia":[{"embeddable":true,"href":"https:\/\/www.myaquastore.com\/fr\/wp-json\/wp\/v2\/media\/1361"}],"wp:attachment":[{"href":"https:\/\/www.myaquastore.com\/fr\/wp-json\/wp\/v2\/media?parent=34818"}],"wp:term":[{"taxonomy":"product_brand","embeddable":true,"href":"https:\/\/www.myaquastore.com\/fr\/wp-json\/wp\/v2\/product_brand?post=34818"},{"taxonomy":"product_cat","embeddable":true,"href":"https:\/\/www.myaquastore.com\/fr\/wp-json\/wp\/v2\/product_cat?post=34818"},{"taxonomy":"product_tag","embeddable":true,"href":"https:\/\/www.myaquastore.com\/fr\/wp-json\/wp\/v2\/product_tag?post=34818"}],"curies":[{"name":"wp","href":"https:\/\/api.w.org\/{rel}","templated":true}]}}