{"id":34822,"date":"2014-07-20T20:28:49","date_gmt":"2014-07-20T20:28:49","guid":{"rendered":"https:\/\/www.myaquastore.com\/product\/xilong-7w-11w-clip-sur-idee-declairage-pour-petit-reservoir-de-plantes\/"},"modified":"2025-03-16T08:35:06","modified_gmt":"2025-03-16T08:35:06","slug":"xilong-7w-11w-clip-sur-idee-declairage-pour-petit-reservoir-de-plantes","status":"publish","type":"product","link":"https:\/\/www.myaquastore.com\/fr\/product\/xilong-7w-11w-clip-sur-idee-declairage-pour-petit-reservoir-de-plantes\/","title":{"rendered":"Xilong 7w 11w clip sur id\u00e9e d&rsquo;\u00e9clairage pour petit r\u00e9servoir de plantes"},"content":{"rendered":"<p><span style=\"font-size: large;color: #0000ff\"><strong>xilong 7w 11w clip sur id\u00e9e d&rsquo;\u00e9clairage pour petit r\u00e9servoir de plantes<\/strong><\/span><\/p>\n<p><span style=\"font-size: large;color: #0000ff\"><strong>puissance\u00a0: 7\u00a0w 11\u00a0w<\/strong><\/span><\/p>\n<p><span style=\"font-size: large;color: #0000ff\"><strong>volts\u00a0: 220\/240 volts 50\u00a0hz<\/strong><\/span><\/p>\n<p><span style=\"font-size: large;color: #0000ff\"><strong>couleur de la lampe\u00a0: 6\u00a0500\u00a0k<\/strong><\/span><\/p>\n<p><span style=\"font-size: large;color: #0000ff\"><strong>taille du clip\u00a0: 5\u00a0cm peut contenir du verre d&rsquo;une \u00e9paisseur inf\u00e9rieure \u00e0 0,7\u00a0cm<\/strong><\/span><\/p>\n","protected":false},"excerpt":{"rendered":"<p>Xilong 7w 11w clip sur id\u00e9e d&rsquo;\u00e9clairage pour petit r\u00e9servoir de plantes<br \/>\n installation facile<\/p>\n","protected":false},"featured_media":1404,"comment_status":"open","ping_status":"closed","template":"","meta":[],"product_brand":[],"product_cat":[1363],"product_tag":[],"class_list":{"0":"post-34822","1":"product","2":"type-product","3":"status-publish","4":"has-post-thumbnail","6":"product_cat-supplements-de-plantes-aquatiques","8":"first","9":"instock","10":"shipping-taxable","11":"purchasable","12":"product-type-simple"},"_links":{"self":[{"href":"https:\/\/www.myaquastore.com\/fr\/wp-json\/wp\/v2\/product\/34822","targetHints":{"allow":["GET"]}}],"collection":[{"href":"https:\/\/www.myaquastore.com\/fr\/wp-json\/wp\/v2\/product"}],"about":[{"href":"https:\/\/www.myaquastore.com\/fr\/wp-json\/wp\/v2\/types\/product"}],"replies":[{"embeddable":true,"href":"https:\/\/www.myaquastore.com\/fr\/wp-json\/wp\/v2\/comments?post=34822"}],"wp:featuredmedia":[{"embeddable":true,"href":"https:\/\/www.myaquastore.com\/fr\/wp-json\/wp\/v2\/media\/1404"}],"wp:attachment":[{"href":"https:\/\/www.myaquastore.com\/fr\/wp-json\/wp\/v2\/media?parent=34822"}],"wp:term":[{"taxonomy":"product_brand","embeddable":true,"href":"https:\/\/www.myaquastore.com\/fr\/wp-json\/wp\/v2\/product_brand?post=34822"},{"taxonomy":"product_cat","embeddable":true,"href":"https:\/\/www.myaquastore.com\/fr\/wp-json\/wp\/v2\/product_cat?post=34822"},{"taxonomy":"product_tag","embeddable":true,"href":"https:\/\/www.myaquastore.com\/fr\/wp-json\/wp\/v2\/product_tag?post=34822"}],"curies":[{"name":"wp","href":"https:\/\/api.w.org\/{rel}","templated":true}]}}