{"id":34828,"date":"2014-07-24T22:00:54","date_gmt":"2014-07-24T22:00:54","guid":{"rendered":"https:\/\/www.myaquastore.com\/product\/controleur-numerique-de-chauffage-et-de-refroidissement-dual-mode-atc800\/"},"modified":"2025-03-16T08:35:08","modified_gmt":"2025-03-16T08:35:08","slug":"controleur-numerique-de-chauffage-et-de-refroidissement-dual-mode-atc800","status":"publish","type":"product","link":"https:\/\/www.myaquastore.com\/fr\/product\/controleur-numerique-de-chauffage-et-de-refroidissement-dual-mode-atc800\/","title":{"rendered":"Contr\u00f4leur num\u00e9rique de chauffage et de refroidissement DUAL MODE ATC800+"},"content":{"rendered":"<p><span style=\"font-size: large;color: #0000ff\"><strong>Caract\u00e9ristiques\u00a0: <\/strong><\/span><br \/><span style=\"font-size: large;color: #0000ff\"><strong>Commutation automatique entre le mod\u00e8le de r\u00e9frig\u00e9ration et de chauffage, alarme d&rsquo;erreur de sonde, alarme de d\u00e9passement de limite de temp\u00e9rature, r\u00e9frig\u00e9ration forc\u00e9e pendant 3 minutes pour prot\u00e9ger, temp\u00e9rature plage : 0\u2103\u223d+45\u2103, plage de temp\u00e9rature de contr\u00f4le : 5\u2103\u223d+40\u2103, pr\u00e9cision : 5\u2103\u223d, appliqu\u00e9e \u00e0 la temp\u00e9rature constante de l&rsquo;armoire \u00e0 fruits de mer. <\/strong><\/span><\/p>\n<p><span style=\"font-size: large;color: #0000ff\"><strong>Le contr\u00f4leur de temp\u00e9rature double mode ATC800 est un ensemble tout-en-un qui contr\u00f4le non seulement le chauffage de votre aquarium\/environnement mais \u00e9galement le refroidissement. <\/strong><\/span><\/p>\n<p><span style=\"font-size: large;color: #0000ff\"><strong>Pour faire fonctionner l&rsquo;unit\u00e9, connectez simplement votre \u00e9quipement de chauffage et de refroidissement \u00e0 l&rsquo;ATC800 et r\u00e9glez la temp\u00e9rature souhait\u00e9e, puis configurez simplement votre temp\u00e9rature diff\u00e9rentielle (la quantit\u00e9 que vous souhaitez que le contr\u00f4leur aille au-dessus ou en dessous de votre valeur d\u00e9finie avant d&rsquo;allumer l&rsquo;un ou l&rsquo;autre appareil), puis laissez l&rsquo;unit\u00e9 automatiser votre aquarium\/environnement automatiquement. <\/strong><\/span><\/p>\n<p><span style=\"font-size: large;color: #0000ff\"><strong>l&rsquo;ATC800 est \u00e9quip\u00e9 d&rsquo;un circuit de s\u00e9curit\u00e9 en cas de panne du capteur, et le circuit de refroidissement a un d\u00e9lai int\u00e9gr\u00e9 de 3 minutes entre les commutations pour prot\u00e9ger tout compresseur de refroidisseur contre une commutation continue <\/strong><\/span><\/p>\n<p><span style=\"font-size: large;color: #0000ff\"><strong>Sonde enti\u00e8rement s\u00fbre pour l&rsquo;eau sal\u00e9e &#8211; id\u00e9ale pour une utilisation sur les r\u00e9cifs marins ainsi que dans tous les environnements d&rsquo;eau douce <\/strong><\/span><\/p>\n<p><span style=\"font-size: large;color: #0000ff\"><strong>l&rsquo;unit\u00e9 est con\u00e7ue pour un montage sur panneau et n\u00e9cessite un montage dans une bo\u00eete appropri\u00e9e <\/strong><\/span><\/p>\n<p><span style=\"font-size: large;#0000ff\"><strong>Param\u00e8tre technique\u00a0: <\/strong><\/span><br \/><span style=\"font-size: large;color: #0000ff\"><strong>Plage de mesure\u00a0: 0\u2103\u223d+45\u2103 <\/strong><\/span><br \/><span style=\"font-size: large color: #0000ff\"><strong>Taux distinctif\u00a0: 0,1\u2103 <\/strong><\/span><br \/><span style=\"font-size: large;color: #0000ff\"><strong>Plage de contr\u00f4le\u00a0: 5\u2103\u223d+40\u2103 <\/strong><\/span><br \/><span><strong>Diff\u00e9rence de r\u00e9gulation de temp\u00e9rature\u00a0:\u00a01\u2103\u223d5\u2103 <\/strong><\/span><br \/><span><strong>r\u00e9glable <\/strong><\/span><br \/><span style=\"color: #0000ff\"><strong>D\u00e9lai de protection du compresseur\u00a0: 3 minutes <\/strong><\/span><br \/><span style=\"font-size: large\"><strong>Puissance : 220 V CA : 50 Hz <\/strong><\/span><br \/><span style=\"font-size : large\"><strong>Consommation \u00e9lectrique\u00a0: 5 W <\/strong><\/span><br \/><span style=\"color: #0000ff\"><strong>Capacit\u00e9 du contact Pelay : chauffage 10A max <\/strong><\/span><br \/><span style=\"font-size: large;color: #0000ff\"><strong>r\u00e9frig\u00e9ration 25A max <\/strong><\/span><br \/><span style=\"font-size: large\"><strong>Taille du produit\u00a0: 180 00 4<\/strong><\/span><\/p>\n","protected":false},"excerpt":{"rendered":"<p>facile \u00e0 utiliser<br \/>\n bonne qualit\u00e9<\/p>\n","protected":false},"featured_media":1444,"comment_status":"open","ping_status":"closed","template":"","meta":[],"product_brand":[],"product_cat":[1361],"product_tag":[],"class_list":{"0":"post-34828","1":"product","2":"type-product","3":"status-publish","4":"has-post-thumbnail","6":"product_cat-chauffage-et-amp-controleur-de-temperature","8":"first","9":"instock","10":"shipping-taxable","11":"purchasable","12":"product-type-simple"},"_links":{"self":[{"href":"https:\/\/www.myaquastore.com\/fr\/wp-json\/wp\/v2\/product\/34828","targetHints":{"allow":["GET"]}}],"collection":[{"href":"https:\/\/www.myaquastore.com\/fr\/wp-json\/wp\/v2\/product"}],"about":[{"href":"https:\/\/www.myaquastore.com\/fr\/wp-json\/wp\/v2\/types\/product"}],"replies":[{"embeddable":true,"href":"https:\/\/www.myaquastore.com\/fr\/wp-json\/wp\/v2\/comments?post=34828"}],"wp:featuredmedia":[{"embeddable":true,"href":"https:\/\/www.myaquastore.com\/fr\/wp-json\/wp\/v2\/media\/1444"}],"wp:attachment":[{"href":"https:\/\/www.myaquastore.com\/fr\/wp-json\/wp\/v2\/media?parent=34828"}],"wp:term":[{"taxonomy":"product_brand","embeddable":true,"href":"https:\/\/www.myaquastore.com\/fr\/wp-json\/wp\/v2\/product_brand?post=34828"},{"taxonomy":"product_cat","embeddable":true,"href":"https:\/\/www.myaquastore.com\/fr\/wp-json\/wp\/v2\/product_cat?post=34828"},{"taxonomy":"product_tag","embeddable":true,"href":"https:\/\/www.myaquastore.com\/fr\/wp-json\/wp\/v2\/product_tag?post=34828"}],"curies":[{"name":"wp","href":"https:\/\/api.w.org\/{rel}","templated":true}]}}