{"id":34835,"date":"2014-07-26T19:14:39","date_gmt":"2014-07-26T19:14:39","guid":{"rendered":"https:\/\/www.myaquastore.com\/product\/le-rotor-et-larbre-en-ceramique-pour-la-pompe-a-tete-motrice-jebao-wp40-wp-40-wavemaker\/"},"modified":"2025-03-16T08:35:11","modified_gmt":"2025-03-16T08:35:11","slug":"le-rotor-et-larbre-en-ceramique-pour-la-pompe-a-tete-motrice-jebao-wp40-wp-40-wavemaker","status":"publish","type":"product","link":"https:\/\/www.myaquastore.com\/fr\/product\/le-rotor-et-larbre-en-ceramique-pour-la-pompe-a-tete-motrice-jebao-wp40-wp-40-wavemaker\/","title":{"rendered":"Le rotor et l&rsquo;arbre en c\u00e9ramique pour la pompe \u00e0 t\u00eate motrice Jebao WP40 WP-40 wavemaker"},"content":{"rendered":"<p style=\"margin: 0px;padding: 0px;border: 0px;font-family: Arial, Helvetica, sans-senif, SimSun, \u5b8b\u4f53;font-size: 12px;line-height: 18px;vertical-align: baseline;color: red\"><span style=\"margin: 0px;padding: 0px;border: 0px;font-family: h\u00e9riter\"><span style=\"font-weight: 700\"><span style=\"margin: 0px;padding: 0px;font-family: h\u00e9riter;5, 255)\">Description de l&rsquo;objet<\/span>\u00a0:<\/span><\/span><\/span>\n <\/p>\n<p style=\"margin: 0px;padding: 0px;border: 0px;font-family: Arial, Helvetica, sans-senif, SimSun, \u5b8b\u4f53;font-size: 12px;line-height: 18px;vertical-align: baseline;color: red\">&lt;span style=&quot;margin: 0px; padding: 0px; border: 0px; font-family: h\u00e9riter; taille de police\u00a0: 24\u00a0px\u00a0; style de police\u00a0: h\u00e9riter\u00a0; variante de police\u00a0: h\u00e9riter\u00a0; hauteur de police\u00a0: h\u00e9riter\u00a0;<br \/>\n <br \/><\/span>\n <\/p>\n<div align=\"left\" style=\"margin: 0px;padding: 0px;border: 0px;font-family: Arial, Helvetica, sans-senif, SimSun, \u5b8b\u4f53;line-height: 18px;vertical-align: baseline\">\n<div style=\"margin: 0px;padding: 0px;border: 0px;font-size: 12px;vertical-align: baseline\"><span style=\"margin: 0px;padding: 0px;border: 0px;font-family: h\u00e9riter;font-style: h\u00e9riter;font-variant: h\u00e9riter\"><span style=\"font-weight: 700\"><font color=\"#ff0010\">c&rsquo;est le rotor et l&rsquo;arbre en c\u00e9ramique pour la pompe wavermaker wp40 <\/font><\/span><\/span>\n <\/div>\n<div style=\"margin: 0px;padding: 0px;border: 0px;font-size: 12px;vertical-align: baseline\"><font color=\"#ff0010\"> <\/font>\n <\/div>\n<div style=\"margin: 0px;padding: 0px;border: 0px;font-size: 12px;vertical-align: baseline\"><span style=\"margin: 0px;padding: 0px;border: 0px;font-family: h\u00e9riter;font-style: h\u00e9riter;font-variant: h\u00e9riter\"><span style=\"font-weight: 700\"><font color=\"#ff0010\">branchez-le simplement sur la pompe, cela fonctionnera<\/font><\/span><\/span>\n <\/div><\/div>\n<div align=\"left\" style=\"margin: 0px;padding: 0px;border: 0px;font-family: Arial, Helvetica, sans-senif, SimSun, \u5b8b\u4f53;font-size: 12px;line-height: 18px;vertical-align: baseline\">\n \n <\/div>\n<div align=\"left\" style=\"margin: 0px;padding: 0px;border: 0px;font-family: Arial, Helvetica, sans-senif, SimSun, \u5b8b\u4f53;font-size: 12px;line-height: 18px;vertical-align: baseline\"><span style=\"margin: 0px;padding: 0px\u00a0;font-style : h\u00e9riter\u00a0\"><br \/>\n <br \/><\/span><\/span><\/span>\n <\/div>\n<div align=\"left\" style=\"margin: 0px;padding: 0px;border: 0px;font-family: Arial, Helvetica, sans-senif, SimSun, \u5b8b\u4f53;font-size: 12px;line-height: 18px;vertical-align: baseline\"><span style=\"margin: 0px;padding: 0px\u00a0;font-style : h\u00e9riter\u00a0\"><br \/>\n <br \/><\/span><\/span><\/span>\n <\/div>\n<p style=\"margin: 0px;padding: 0px;border: 0px;font-family: Arial, Helvetica, sans-senif, SimSun, \u5b8b\u4f53;font-size: 12px;line-height: 18px;vertical-align: baseline;color: red\"><span style=\"margin: 0px;padding: 0px;border: 0px;font-family: h\u00e9riter;\u00a0alignement vertical\u00a0;, 255, 255)\"><br \/>\n <br \/><\/span><\/span><\/span><\/span>\n <\/p>\n<p style=\"margin: 0px;padding: 0px;border: 0px;font-family: Arial, Helvetica, sans-senif, SimSun, \u5b8b\u4f53;font-size: 12px;line-height: 18px;vertical-align: baseline;color: red\"><span style=\"margin: 0px;padding: 0px;border: 0px;font-family: h\u00e9riter;\u00a0alignement vertical\u00a0;, 255, 255)\">Paiement<\/span>\u00a0:<\/span><\/span><\/span>\n <\/p>\n<p style=\"margin: 0px;padding: 0px;border: 0px;font-family: Arial, Helvetica, sans-senif, SimSun, \u5b8b\u4f53;font-size: 12px;line-height: 18px;vertical-align: baseline;color: red\"><span style=\"margin: 0px;padding: 0px;border: 0px;font-family: h\u00e9riter\"><br \/>\n <br \/><\/span><\/span><\/span>\n <\/p>\n<p style=\"margin: 0px;padding: 0px;border: 0px;font-family: Arial, Helvetica, sans-senif, SimSun, \u5b8b\u4f53;font-size: 12px;line-height: 18px;vertical-align: baseline\">&lt;span style=&quot;margin: 0px; padding: 0px; border: 0px\u00a0; font-family\u00a0:\u00a0h\u00e9riter\u00a0; font-size\u00a0:\u00a016px\u00a0; font-style\u00a0:\u00a0h\u00e9riter\u00a0; font-variant\u00a0:\u00a0h\u00e9riter\u00a0; hauteur de ligne\u00a0:\u00a0h\u00e9riter\u00a0;<br \/>\n <br \/><\/span>\n <\/p>\n<p style=\"margin: 0px;padding: 0px;border: 0px;font-family: Arial, Helvetica, sans-senif, SimSun, \u5b8b\u4f53;font-size: 12px;line-height: 18px;vertical-align: baseline\">\n \n <\/p>\n<p style=\"margin: 0px;padding: 0px;border: 0px;font-family: Arial, Helvetica, sans-senif, SimSun, \u5b8b\u4f53;font-size: 12px;line-height: 18px;vertical-align: baseline;color: red\"><span style=\"margin: 0px;padding: 0px;border: 0px;font-family: h\u00e9riter;\u00a0alignement vertical\u00a0;, 255, 255)\">Exp\u00e9dition<\/span>\u00a0:<\/span><\/span><\/span>\n <\/p>\n<p style=\"margin: 0px;padding: 0px;border: 0px;font-family: Arial, Helvetica, sans-senif, SimSun, \u5b8b\u4f53;font-size: 12px;line-height: 18px;vertical-align: baseline;color: red\"><span style=\"margin: 0px;padding: 0px;border: 0px;font-family: h\u00e9riter\"><br \/>\n <br \/><\/span><\/span><\/span>\n <\/p>\n<p style=\"margin: 0px;padding: 0px;border: 0px;font-family: Arial, Helvetica, sans-senif, SimSun, \u5b8b\u4f53;font-size: 12px;line-height: 18px;vertical-align: baseline;color: red\"><span style=\"font-size: 16px\">if choisissez l&rsquo;exp\u00e9dition r\u00e9guli\u00e8re, le d\u00e9lai de livraison est de 2 \u00e0 4 semaines<\/span>\n <\/p>\n<p style=\"margin: 0px;padding: 0px;border: 0px;font-family: Arial, Helvetica, sans-senif, SimSun, \u5b8b\u4f53;font-size: 12px;line-height: 18px;vertical-align: baseline;color: red\"><span style=\"font-size: 16px\">if choisissez l&rsquo;exp\u00e9dition express, le d\u00e9lai de livraison est de 7 \u00e0 9 jours ouvrables<\/span>\n <\/p>\n<p style=\"margin: 0px;padding: 0px;border: 0px;font-family: Arial, Helvetica, sans-senif, SimSun, \u5b8b\u4f53;font-size: 12px;line-height: 18px;vertical-align: baseline;color: red\"><span style=\"font-size: 16px\">after paiement, nous exp\u00e9dierons votre commande le jour ouvrable suivant<\/span>\n <\/p>\n<p style=\"border: 0px;font-family: Arial, Helvetica, sans-senif, SimSun, \u5b8b\u4f53;font-size: 12px;line-height: 18px;vertical-align: baseline;color: red\"><span style=\"font-size: 16px\">s&rsquo;il vous pla\u00eet Sachant que nous exp\u00e9dions \u00e0 l&rsquo;\u00e9tranger, le d\u00e9lai d&rsquo;exp\u00e9dition est un peu plus long que l&rsquo;exp\u00e9dition \u00e0 l&rsquo;int\u00e9rieur du pays.<\/span>\n <\/p>\n<p style=\"margin: 0px;padding: 0px;border: 0px;font-family: Arial, Helvetica, sans-senif, SimSun, \u5b8b\u4f53;font-size: 12px;line-height: 18px;vertical-align: baseline;color: red\"><span style=\"font-size: 16px\"><br \/>\n <br \/><\/span>\n <\/p>\n<p style=\"margin: 0px;padding: 0px;border: 0px;font-family: Arial, Helvetica, sans-senif, SimSun, \u5b8b\u4f53;font-size: 12px;line-height: 18px;vertical-align: baseline;color: red\"><span style=\"font-size: 16px\"><br \/>\n <br \/><\/span>\n <\/p>\n<p style=\"margin: 0px;padding: 0px;border: 0px;font-family: Arial, Helvetica, sans-senif, SimSun, \u5b8b\u4f53;font-size: 12px;line-height: 18px;vertical-align: baseline;color: red\"><span style=\"margin: 0px;padding: 0px;border: 0px;font-family: h\u00e9riter;\u00a0alignement vertical\u00a0;, 255, 255)\">Retour et garantie<\/span>\u00a0:<\/span><\/span><\/span>\n <\/p>\n<p style=\"margin: 0px;padding: 0px;border: 0px;font-family: Arial, Helvetica, sans-senif, SimSun, \u5b8b\u4f53;font-size: 12px;line-height: 18px;vertical-align: baseline\"><span style=\"margin: 0px;padding: 0px;border: 0px\u00a0\"><br \/>\n <br \/><\/span><\/span><\/span>\n <\/p>\n<p style=\"margin: 0px;padding: 0px;border: 0px;font-family: Arial, Helvetica, sans-senif, SimSun, \u5b8b\u4f53;font-size: 12px;line-height: 18px;vertical-align: baseline\"><span style=\"margin: 0px;padding: 0px;border: 0px\u00a0\">Retour<\/span>\u00a0:<\/span><br \/>\n <br \/><\/span>\n <\/p>\n<p style=\"margin: 0px;padding: 0px;border: 0px;font-family: Arial, Helvetica, sans-senif, SimSun, \u5b8b\u4f53;line-height: 18px;vertical-align: baseline\">nous acceptons le retour et le remboursement dans les 2 semaines\n <\/p>\n<p style=\"margin: 0px;padding: 0px;border: 0px;font-family: Arial, Helvetica, sans-senif, SimSun, \u5b8b\u4f53;line-height: 18px;vertical-align: baseline\">\n \n <\/p>\n<p style=\"margin: 0px;padding: 0px;border: 0px;font-family: Arial, Helvetica, sans-senif, SimSun, \u5b8b\u4f53;font-size: 12px;line-height: 18px;vertical-align: baseline\"><span style=\"margin: 0px;padding: 0px;border: 0px\u00a0\"><span style=\"font-weight: 700\">Garantie\u00a0:<\/span><\/span><\/p>\n<p><\/span>\n <\/p>\n<p style=\"margin: 0px;padding: 0px;border: 0px;font-family: Arial, Helvetica, sans-senif, SimSun, \u5b8b\u4f53;font-size: 12px;line-height: 18px;vertical-align: baseline\">&lt;span style=&quot;margin: 0px; padding: 0px; border: 0px\u00a0; famille de police\u00a0: h\u00e9riter\u00a0; taille de police\u00a0: 16\u00a0px\u00a0; style de police\u00a0: h\u00e9riter\u00a0; variante de police\u00a0: h\u00e9riter\u00a0; hauteur de ligne\u00a0: h\u00e9riter\u00a0;\u00a0alignement vertical\u00a0; &quot;\u00a0Tous les produits sont livr\u00e9s avec une garantie vendeur de 3 mois. Si l&#039;article pr\u00e9sente un probl\u00e8me dans les 3\u00a0mois, nous vous enverrons la pi\u00e8ce de rechange pour le remplacement.<br \/>\n <br \/>Si c&rsquo;est hors de 3 mois, nous pouvons fournir la pi\u00e8ce de rechange gratuitement, le client doit payer les frais d&rsquo;exp\u00e9dition<\/span>\n <\/p>\n<p style=\"margin: 0px;padding: 0px;border: 0px;font-family: Arial, Helvetica, sans-senif, SimSun, \u5b8b\u4f53;font-size: 12px;line-height: 18px;vertical-align: baseline;color: red\"><span style=\"margin: 0px;padding: 0px;border: 0px;font-family: h\u00e9riter;\u00a0alignement vertical\u00a0;, 255, 255)\"><br \/>\n <br \/><\/span><\/span><\/span><\/span>\n <\/p>\n<p style=\"margin: 0px;padding: 0px;border: 0px;font-family: Arial, Helvetica, sans-senif, SimSun, \u5b8b\u4f53;font-size: 12px;line-height: 18px;vertical-align: baseline;color: red\"><span style=\"margin: 0px;padding: 0px;border: 0px;font-family: h\u00e9riter;\u00a0alignement vertical\u00a0;, 255, 255)\">Commentaires<\/span>\u00a0:<\/span><\/span><\/span>\n <\/p>\n<p style=\"margin: 0px;padding: 0px;border: 0px;font-family: Arial, Helvetica, sans-senif, SimSun, \u5b8b\u4f53;font-size: 12px;line-height: 18px;vertical-align: baseline\">&lt;span style=&quot;margin: 0px; padding: 0px; border: 0px\u00a0; font-family\u00a0:\u00a0h\u00e9riter\u00a0; font-size\u00a0:\u00a016px\u00a0; font-style\u00a0:\u00a0h\u00e9riter\u00a0; font-weight\u00a0:\u00a0h\u00e9riter\u00a0;<br \/>\n <br \/><\/span>\n <\/p>\n<p style=\"margin: 0px;padding: 0px;border: 0px;font-family: Arial, Helvetica, sans-senif, SimSun, \u5b8b\u4f53;font-size: 12px;line-height: 18px;vertical-align: baseline\">&lt;span style=&quot;margin: 0px; padding: 0px; border: 0px\u00a0; font-family\u00a0:\u00a0h\u00e9riter\u00a0;\u00a0font-size\u00a0:\u00a016px\u00a0; font-style\u00a0:\u00a0h\u00e9riter\u00a0; font-variant\u00a0:\u00a0h\u00e9riter;\n <\/p>\n<p style=\"margin: 0px;padding: 0px;border: 0px;font-family: Arial, Helvetica, sans-senif, SimSun, \u5b8b\u4f53;font-size: 12px;line-height: 18px;vertical-align: baseline\">&lt;span style=&quot;margin: 0px; padding: 0px; border: 0px\u00a0; font-family\u00a0:\u00a0h\u00e9riter\u00a0; font-size\u00a0:\u00a016px\u00a0; font-style\u00a0:\u00a0h\u00e9riter\u00a0; font-variant\u00a0:\u00a0h\u00e9riter;\n <\/p>\n<p style=\"margin: 0px;padding: 0px;border: 0px;font-family: Arial, Helvetica, sans-senif, SimSun, \u5b8b\u4f53;font-size: 12px;line-height: 18px;vertical-align: baseline\">&lt;span style=&quot;margin: 0px; padding: 0px; border: 0px\u00a0; font-family\u00a0:\u00a0h\u00e9riter\u00a0; font-size\u00a0:\u00a016px\u00a0; font-style\u00a0:\u00a0h\u00e9riter\u00a0; font-variant\u00a0:\u00a0h\u00e9riter\u00a0; hauteur de ligne\u00a0:\u00a0h\u00e9riter\u00a0;\n <\/p>\n<p style=\"margin: 0px;padding: 0px;border: 0px;font-family: Arial, Helvetica, sans-senif, SimSun, \u5b8b\u4f53;line-height: 18px;vertical-align: baseline\">si vous n&rsquo;aimez pas nos produits, veuillez me le faire savoir\n <\/p>\n<p style=\"margin: 0px;padding: 0px;border: 0px;font-family: Arial, Helvetica, sans-senif, SimSun, \u5b8b\u4f53;line-height: 18px;vertical-align: baseline\">nous acceptons le remboursement\n <\/p>\n<p style=\"margin: 0px;padding: 0px;border: 0px;font-family: Arial, Helvetica, sans-senif, SimSun, \u5b8b\u4f53;line-height: 18px;vertical-align: baseline\">\n \n <\/p>\n<p style=\"margin: 0px;padding: 0px;border: 0px;font-family: Arial, Helvetica, sans-senif, SimSun, \u5b8b\u4f53;line-height: 18px;vertical-align: baseline\"><font color=\"#0000ff\" size=\"5\"><span><b>\u00c0 propos de nous\u00a0:<\/b><\/span><\/font>\n <\/p>\n<p style=\"margin: 0px;padding: 0px;border: 0px;font-family: Arial, Helvetica, sans-senif, SimSun, \u5b8b\u4f53;line-height: 18px;vertical-align: baseline\"><font color=\"#0000ff\" size=\"5\"><span><b><br \/>\n <br \/><\/b><\/span><\/font>\n <\/p>\n<p style=\"margin: 0px;padding: 0px;border: 0px;vertical-align: baseline\"><font color=\"#333333\"><font face=\"Arial, Helvetica, sans-senif, SimSun, \u5b8b\u4f53\"><span style=\"line-height: 18px\">nous sommes le distributeur de produits d&rsquo;aquarium en Chine, nous vendons donc les produits au prix de gros, nous pouvons \u00e9galement obtenir de bonnes affaires aupr\u00e8s du fabricant<\/span><\/font><\/font>\n <\/p>\n<p style=\"margin: 0px;padding: 0px;border: 0px;vertical-align: baseline\"><font color=\"#333333\"><font face=\"Arial, Helvetica, sans-senif, SimSun, \u5b8b\u4f53\"><span style=\"line-height: 18px\"> <\/span><\/font><\/font>\n <\/p>\n","protected":false},"excerpt":{"rendered":"<p>Le rotor et l&rsquo;arbre en c\u00e9ramique pour la pompe \u00e0 t\u00eate motrice Jebao WP40 WP-40 wavemaker<\/p>\n","protected":false},"featured_media":1501,"comment_status":"open","ping_status":"closed","template":"","meta":[],"product_brand":[],"product_cat":[1337],"product_tag":[],"class_list":{"0":"post-34835","1":"product","2":"type-product","3":"status-publish","4":"has-post-thumbnail","6":"product_cat-non-classe","8":"first","9":"instock","10":"shipping-taxable","11":"purchasable","12":"product-type-simple"},"_links":{"self":[{"href":"https:\/\/www.myaquastore.com\/fr\/wp-json\/wp\/v2\/product\/34835","targetHints":{"allow":["GET"]}}],"collection":[{"href":"https:\/\/www.myaquastore.com\/fr\/wp-json\/wp\/v2\/product"}],"about":[{"href":"https:\/\/www.myaquastore.com\/fr\/wp-json\/wp\/v2\/types\/product"}],"replies":[{"embeddable":true,"href":"https:\/\/www.myaquastore.com\/fr\/wp-json\/wp\/v2\/comments?post=34835"}],"wp:featuredmedia":[{"embeddable":true,"href":"https:\/\/www.myaquastore.com\/fr\/wp-json\/wp\/v2\/media\/1501"}],"wp:attachment":[{"href":"https:\/\/www.myaquastore.com\/fr\/wp-json\/wp\/v2\/media?parent=34835"}],"wp:term":[{"taxonomy":"product_brand","embeddable":true,"href":"https:\/\/www.myaquastore.com\/fr\/wp-json\/wp\/v2\/product_brand?post=34835"},{"taxonomy":"product_cat","embeddable":true,"href":"https:\/\/www.myaquastore.com\/fr\/wp-json\/wp\/v2\/product_cat?post=34835"},{"taxonomy":"product_tag","embeddable":true,"href":"https:\/\/www.myaquastore.com\/fr\/wp-json\/wp\/v2\/product_tag?post=34835"}],"curies":[{"name":"wp","href":"https:\/\/api.w.org\/{rel}","templated":true}]}}