{"id":34838,"date":"2014-07-27T05:14:06","date_gmt":"2014-07-27T05:14:06","guid":{"rendered":"https:\/\/www.myaquastore.com\/product\/songbao-outil-de-brosse-de-nettoyage-dalgues-en-verre-magnetique-pour-aquarium-flottant-pour-aquarium\/"},"modified":"2025-03-16T08:35:12","modified_gmt":"2025-03-16T08:35:12","slug":"songbao-outil-de-brosse-de-nettoyage-dalgues-en-verre-magnetique-pour-aquarium-flottant-pour-aquarium","status":"publish","type":"product","link":"https:\/\/www.myaquastore.com\/fr\/product\/songbao-outil-de-brosse-de-nettoyage-dalgues-en-verre-magnetique-pour-aquarium-flottant-pour-aquarium\/","title":{"rendered":"Songbao Outil de Brosse de Nettoyage d&rsquo;algues en Verre magn\u00e9tique pour Aquarium Flottant pour Aquarium"},"content":{"rendered":"<p><span style=\"font-size: large;color: #0000ff\"><strong>Descriptions\u00a0:<\/strong><\/span><br \/><span style=\"font-size: large;color: #0000ff\"><strong>Bonne capacit\u00e9 d&rsquo;absorption et puissante attraction magn\u00e9tique.<\/strong><\/span><br \/><span style=\"font-size: large;color: #0000ff\"><strong>Lorsque vous d\u00e9placez l&rsquo;aimant ext\u00e9rieur, l&rsquo;aimant int\u00e9rieur suit, nettoie ainsi le verre.<\/strong><\/span><br \/><span style=\"font-size: large;color: #0000ff\"><strong>La brosse int\u00e9rieure ne s&rsquo;enfoncera pas dans les profondeurs les plus profondes de l&rsquo;aquarium car elle flotte.<\/strong><\/span><br \/><span style=\"font-size: large;color: #0000ff\"><strong>Sp\u00e9cifications\u00a0:<\/strong><\/span><\/p>\n<p><span style=\"font-size: large;color: #0000ff\"><strong>Mat\u00e9riau\u00a0: mat\u00e9riau hautement magn\u00e9tique<\/strong><\/span><br \/><span style=\"font-size: large;color: #0000ff\"><strong>Taille\u00a0:<br \/>petit &#8212;&#8212;&#8211;7,5X4,4X7,2 cm<\/strong><\/span><br \/><span style=\"font-size: large\"><strong>Moyen&#8212;&#8212;9,8X4,8X7,5 cm<\/strong><\/span><br \/><span><strong>grand&#8212;&#8212;&#8212;&#8212;&#8211;10,9X5,9X7,7 cm<\/strong><\/span><br \/><span><strong>extra large &#8212;12X6,3X9,8 cm<\/strong><\/span><\/p>\n<p><span style=\"font-size: large;color: #0000ff\"><strong>Emballage inclus\u00a0: 1 pi\u00e8ce<\/strong><\/span><\/p>\n<p><span style=\"font-size: large;color: #0000ff\"><strong>1. Aimants super puissants \u00e0 utiliser avec diff\u00e9rentes \u00e9paisseurs de verre.<\/strong><\/span><br \/><span style=\"font-size: large;color: #0000ff\"><strong>2. Flotteurs \u00e9vitant la perte d&rsquo;aimants au fond de votre aquarium.<\/strong><\/span><br \/><span style=\"font-size: large;color: #0000ff\"><strong>3.Tampons de nettoyage anti-rayures tr\u00e8s efficaces pour \u00e9liminer les algues du verre.<\/strong><\/span><br \/><span style=\"font-size: large;color: #0000ff\"><strong>4.Poign\u00e9e antid\u00e9rapante am\u00e9liorant l&rsquo;action de nettoyage.<\/strong><\/span><\/p>\n","protected":false},"excerpt":{"rendered":"<p>utilisation facile<br \/>\n r\u00e9servoir de nettoyage rapide<\/p>\n","protected":false},"featured_media":1508,"comment_status":"open","ping_status":"closed","template":"","meta":[],"product_brand":[],"product_cat":[278,282,285],"product_tag":[],"class_list":{"0":"post-34838","1":"product","2":"type-product","3":"status-publish","4":"has-post-thumbnail","6":"product_cat-fournitures-de-nettoyage-et-dentretien","7":"product_cat-agents-de-nettoyage-daquarium","8":"product_cat-kits-dentretien","10":"first","11":"instock","12":"shipping-taxable","13":"purchasable","14":"product-type-simple"},"_links":{"self":[{"href":"https:\/\/www.myaquastore.com\/fr\/wp-json\/wp\/v2\/product\/34838","targetHints":{"allow":["GET"]}}],"collection":[{"href":"https:\/\/www.myaquastore.com\/fr\/wp-json\/wp\/v2\/product"}],"about":[{"href":"https:\/\/www.myaquastore.com\/fr\/wp-json\/wp\/v2\/types\/product"}],"replies":[{"embeddable":true,"href":"https:\/\/www.myaquastore.com\/fr\/wp-json\/wp\/v2\/comments?post=34838"}],"wp:featuredmedia":[{"embeddable":true,"href":"https:\/\/www.myaquastore.com\/fr\/wp-json\/wp\/v2\/media\/1508"}],"wp:attachment":[{"href":"https:\/\/www.myaquastore.com\/fr\/wp-json\/wp\/v2\/media?parent=34838"}],"wp:term":[{"taxonomy":"product_brand","embeddable":true,"href":"https:\/\/www.myaquastore.com\/fr\/wp-json\/wp\/v2\/product_brand?post=34838"},{"taxonomy":"product_cat","embeddable":true,"href":"https:\/\/www.myaquastore.com\/fr\/wp-json\/wp\/v2\/product_cat?post=34838"},{"taxonomy":"product_tag","embeddable":true,"href":"https:\/\/www.myaquastore.com\/fr\/wp-json\/wp\/v2\/product_tag?post=34838"}],"curies":[{"name":"wp","href":"https:\/\/api.w.org\/{rel}","templated":true}]}}