{"id":34839,"date":"2014-07-27T05:30:37","date_gmt":"2014-07-27T05:30:37","guid":{"rendered":"https:\/\/www.myaquastore.com\/product\/aquarium-fish-tank-guppy-eleveur-bebe-fry-nouveau-ne-piege-boite-ecloserie\/"},"modified":"2025-03-16T08:35:12","modified_gmt":"2025-03-16T08:35:12","slug":"aquarium-fish-tank-guppy-eleveur-bebe-fry-nouveau-ne-piege-boite-ecloserie","status":"publish","type":"product","link":"https:\/\/www.myaquastore.com\/fr\/product\/aquarium-fish-tank-guppy-eleveur-bebe-fry-nouveau-ne-piege-boite-ecloserie\/","title":{"rendered":"Aquarium Fish Tank Guppy \u00c9leveur B\u00e9b\u00e9\/Fry\/Nouveau-n\u00e9 Pi\u00e8ge Bo\u00eete \u00c9closerie"},"content":{"rendered":"<p><strong><span style=\"font-size: large\">conception pour l&rsquo;isolation des \u00e9closeries d&rsquo;aquarium<\/span><\/strong><\/p>\n<p><strong><span style=\"font-size: large\">le petit poisson nouveau-n\u00e9 ira en bas <\/span><\/strong><\/p>\n<p><strong><span style=\"font-size: large\">c&rsquo;est facile \u00e0 utiliser <\/span><\/strong><\/p>\n<p><span><br \/><\/span><\/p>\n","protected":false},"excerpt":{"rendered":"<p>conception pour l&rsquo;isolation de l&rsquo;\u00e9closerie d&rsquo;aquarium<\/p>\n<p> le petit poisson nouveau-n\u00e9 ira en bas <\/p>\n<p> c&rsquo;est une utilisation facile<\/p>\n","protected":false},"featured_media":1523,"comment_status":"open","ping_status":"closed","template":"","meta":[],"product_brand":[],"product_cat":[1367,1366],"product_tag":[],"class_list":{"0":"post-34839","1":"product","2":"type-product","3":"status-publish","4":"has-post-thumbnail","6":"product_cat-couvoirs-et-amp-creches","7":"product_cat-filets-de-reproduction","9":"first","10":"instock","11":"shipping-taxable","12":"purchasable","13":"product-type-simple"},"_links":{"self":[{"href":"https:\/\/www.myaquastore.com\/fr\/wp-json\/wp\/v2\/product\/34839","targetHints":{"allow":["GET"]}}],"collection":[{"href":"https:\/\/www.myaquastore.com\/fr\/wp-json\/wp\/v2\/product"}],"about":[{"href":"https:\/\/www.myaquastore.com\/fr\/wp-json\/wp\/v2\/types\/product"}],"replies":[{"embeddable":true,"href":"https:\/\/www.myaquastore.com\/fr\/wp-json\/wp\/v2\/comments?post=34839"}],"wp:featuredmedia":[{"embeddable":true,"href":"https:\/\/www.myaquastore.com\/fr\/wp-json\/wp\/v2\/media\/1523"}],"wp:attachment":[{"href":"https:\/\/www.myaquastore.com\/fr\/wp-json\/wp\/v2\/media?parent=34839"}],"wp:term":[{"taxonomy":"product_brand","embeddable":true,"href":"https:\/\/www.myaquastore.com\/fr\/wp-json\/wp\/v2\/product_brand?post=34839"},{"taxonomy":"product_cat","embeddable":true,"href":"https:\/\/www.myaquastore.com\/fr\/wp-json\/wp\/v2\/product_cat?post=34839"},{"taxonomy":"product_tag","embeddable":true,"href":"https:\/\/www.myaquastore.com\/fr\/wp-json\/wp\/v2\/product_tag?post=34839"}],"curies":[{"name":"wp","href":"https:\/\/api.w.org\/{rel}","templated":true}]}}