{"id":34840,"date":"2014-07-28T04:54:44","date_gmt":"2014-07-28T04:54:44","guid":{"rendered":"https:\/\/www.myaquastore.com\/product\/le-support-de-tube-souple-pour-pompe-doseuse-pour-4-tubes-6-tubes-8-tubes\/"},"modified":"2025-03-16T08:35:13","modified_gmt":"2025-03-16T08:35:13","slug":"le-support-de-tube-souple-pour-pompe-doseuse-pour-4-tubes-6-tubes-8-tubes","status":"publish","type":"product","link":"https:\/\/www.myaquastore.com\/fr\/product\/le-support-de-tube-souple-pour-pompe-doseuse-pour-4-tubes-6-tubes-8-tubes\/","title":{"rendered":"le support de tube souple pour pompe doseuse pour 4 tubes \/ 6 tubes \/ 8 tubes"},"content":{"rendered":"<h1><span style=\"color: #0000ff\">Le support de tube souple pour pompe doseuse pour 4 tubes\/6 tubes\/8 tubes,<\/span><\/h1>\n<h1><span style=\"color: #0000ff\">travail maximum avec du verre de 19\u00a0mm d&rsquo;\u00e9paisseur<\/span><\/h1>\n","protected":false},"excerpt":{"rendered":"<p>installation facile, peut \u00eatre mont\u00e9 du c\u00f4t\u00e9 du r\u00e9servoir<\/p>\n","protected":false},"featured_media":1529,"comment_status":"open","ping_status":"closed","template":"","meta":[],"product_brand":[],"product_cat":[306],"product_tag":[],"class_list":{"0":"post-34840","1":"product","2":"type-product","3":"status-publish","4":"has-post-thumbnail","6":"product_cat-pompe-doseuse-et-accessoire","8":"first","9":"instock","10":"shipping-taxable","11":"purchasable","12":"product-type-simple"},"_links":{"self":[{"href":"https:\/\/www.myaquastore.com\/fr\/wp-json\/wp\/v2\/product\/34840","targetHints":{"allow":["GET"]}}],"collection":[{"href":"https:\/\/www.myaquastore.com\/fr\/wp-json\/wp\/v2\/product"}],"about":[{"href":"https:\/\/www.myaquastore.com\/fr\/wp-json\/wp\/v2\/types\/product"}],"replies":[{"embeddable":true,"href":"https:\/\/www.myaquastore.com\/fr\/wp-json\/wp\/v2\/comments?post=34840"}],"wp:featuredmedia":[{"embeddable":true,"href":"https:\/\/www.myaquastore.com\/fr\/wp-json\/wp\/v2\/media\/1529"}],"wp:attachment":[{"href":"https:\/\/www.myaquastore.com\/fr\/wp-json\/wp\/v2\/media?parent=34840"}],"wp:term":[{"taxonomy":"product_brand","embeddable":true,"href":"https:\/\/www.myaquastore.com\/fr\/wp-json\/wp\/v2\/product_brand?post=34840"},{"taxonomy":"product_cat","embeddable":true,"href":"https:\/\/www.myaquastore.com\/fr\/wp-json\/wp\/v2\/product_cat?post=34840"},{"taxonomy":"product_tag","embeddable":true,"href":"https:\/\/www.myaquastore.com\/fr\/wp-json\/wp\/v2\/product_tag?post=34840"}],"curies":[{"name":"wp","href":"https:\/\/api.w.org\/{rel}","templated":true}]}}