{"id":34858,"date":"2014-10-04T14:19:41","date_gmt":"2014-10-04T14:19:41","guid":{"rendered":"https:\/\/www.myaquastore.com\/product\/combinaison-de-pieces-de-rechange-pour-ecumeur-de-proteines-marine-source-sbp120\/"},"modified":"2025-03-16T08:35:18","modified_gmt":"2025-03-16T08:35:18","slug":"combinaison-de-pieces-de-rechange-pour-ecumeur-de-proteines-marine-source-sbp120","status":"publish","type":"product","link":"https:\/\/www.myaquastore.com\/fr\/product\/combinaison-de-pieces-de-rechange-pour-ecumeur-de-proteines-marine-source-sbp120\/","title":{"rendered":"combinaison de pi\u00e8ces de rechange pour \u00e9cumeur de prot\u00e9ines marine source SBP120"},"content":{"rendered":"<div><span style=\"font-size: large;color: #0000ff\"><strong>la combinaison de pi\u00e8ces de rechange pour l&rsquo;\u00e9cumeur de prot\u00e9ines de source marine<\/strong><\/span><\/div>\n<div>\n<div><span style=\"font-size: large;color: #0000ff\">RDC-1600 \/ RDC-1800 \/ SDC-1600<\/span><\/div>\n<div><span style=\"font-size: large;color: #0000ff\">SDC-1800E \/SDP-1800 \/ SDP-1800E<\/span><\/div><\/div>\n<div><span style=\"font-size: large;color: #0000ff\"> <\/span><\/div>\n<div><span style=\"font-size: large;color: #0000ff\"><strong>la pi\u00e8ce de rechange comprend<\/strong><\/span><\/div>\n<div>\n<div><span style=\"font-size: large;color: #0000ff\"><strong>Roue \u00e0 aiguilles SP3 2 pcs <\/strong><\/span><\/div>\n<div><span style=\"font-size: large;color: #0000ff\"><strong>Tige en c\u00e9ramique SP3 2 pi\u00e8ces <\/strong><\/span><\/div>\n<div><span style=\"font-size: large;color: #0000ff\"><strong>Capuchon en caoutchouc d&rsquo;arbre SP3 6 pi\u00e8ces <\/strong><\/span><\/div>\n<div><span style=\"font-size: large;color: #0000ff\"><strong>vis 3 pi\u00e8ces <\/strong><\/span><\/div>\n<div><span style=\"font-size: large;color: #0000ff\"><strong>embout de tube de tasse de collecte 3 pi\u00e8ces <\/strong><\/span><\/div>\n<div><span style=\"font-size: large;color: #0000ff\"><strong>Joint torique 1 pi\u00e8ces <\/strong><\/span><\/div>\n<div><span style=\"font-size: large;color: #0000ff\"><strong>valeur de r\u00e9glage de l&rsquo;admission d&rsquo;air 2 pi\u00e8ces <\/strong><\/span><\/div>\n<div><span style=\"font-size: large;color: #0000ff\"><strong>tube souple 1 pi\u00e8ces <\/strong><\/span><\/div><\/div>\n","protected":false},"excerpt":{"rendered":"<p>combinaison de pi\u00e8ces de rechange pour \u00e9cumeur de prot\u00e9ines de source marine SBP80<br \/>\n convient au mod\u00e8le d&rsquo;\u00e9cumeur<br \/>\n RDC-1600 \/ RDC-1800 \/ SDC-1600<br \/>\n SDC-1800E\/SDP-1800\/SDP-1800E<\/p>\n","protected":false},"featured_media":1636,"comment_status":"open","ping_status":"closed","template":"","meta":[],"product_brand":[],"product_cat":[1370],"product_tag":[],"class_list":{"0":"post-34858","1":"product","2":"type-product","3":"status-publish","4":"has-post-thumbnail","6":"product_cat-piece-de-rechange-pour-ecumeur-de-proteines","8":"first","9":"instock","10":"shipping-taxable","11":"purchasable","12":"product-type-simple"},"_links":{"self":[{"href":"https:\/\/www.myaquastore.com\/fr\/wp-json\/wp\/v2\/product\/34858","targetHints":{"allow":["GET"]}}],"collection":[{"href":"https:\/\/www.myaquastore.com\/fr\/wp-json\/wp\/v2\/product"}],"about":[{"href":"https:\/\/www.myaquastore.com\/fr\/wp-json\/wp\/v2\/types\/product"}],"replies":[{"embeddable":true,"href":"https:\/\/www.myaquastore.com\/fr\/wp-json\/wp\/v2\/comments?post=34858"}],"wp:featuredmedia":[{"embeddable":true,"href":"https:\/\/www.myaquastore.com\/fr\/wp-json\/wp\/v2\/media\/1636"}],"wp:attachment":[{"href":"https:\/\/www.myaquastore.com\/fr\/wp-json\/wp\/v2\/media?parent=34858"}],"wp:term":[{"taxonomy":"product_brand","embeddable":true,"href":"https:\/\/www.myaquastore.com\/fr\/wp-json\/wp\/v2\/product_brand?post=34858"},{"taxonomy":"product_cat","embeddable":true,"href":"https:\/\/www.myaquastore.com\/fr\/wp-json\/wp\/v2\/product_cat?post=34858"},{"taxonomy":"product_tag","embeddable":true,"href":"https:\/\/www.myaquastore.com\/fr\/wp-json\/wp\/v2\/product_tag?post=34858"}],"curies":[{"name":"wp","href":"https:\/\/api.w.org\/{rel}","templated":true}]}}