{"id":34860,"date":"2014-09-05T15:44:42","date_gmt":"2014-09-05T15:44:42","guid":{"rendered":"https:\/\/www.myaquastore.com\/product\/refractometre-de-salinite-reef-hd-pour-aquarium-hydrometre\/"},"modified":"2025-03-16T08:35:19","modified_gmt":"2025-03-16T08:35:19","slug":"refractometre-de-salinite-reef-hd-pour-aquarium-hydrometre","status":"publish","type":"product","link":"https:\/\/www.myaquastore.com\/fr\/product\/refractometre-de-salinite-reef-hd-pour-aquarium-hydrometre\/","title":{"rendered":"R\u00e9fractom\u00e8tre de salinit\u00e9 Reef HD pour aquarium, hydrom\u00e8tre"},"content":{"rendered":"<h3><span style=\"font-size: large;color: #0000ff\"><strong>* Plages\u00a0: 0 \u00e0 100\u00a0ppt de salinit\u00e9 et 1\u00a0000 \u00e0 1\u00a0070 de densit\u00e9 <\/strong><\/span><\/h3>\n<p><span style=\"font-size: large;color: #0000ff\"><strong>* Pr\u00e9cision\u00a0: +\/- 1 ppt \/ 0,001 Gravit\u00e9 sp\u00e9cifique <\/strong><\/span><br \/><span style=\"font-size: large;color: #0000ff\"><strong>* Divisions\u00a0: 1 ppt \/ 0,001 Densit\u00e9 sp\u00e9cifique<\/strong><\/span><br \/><span style=\"font-size: large;color: #0000ff\"><strong>* Compensation automatique de temp\u00e9rature (ATC)<\/strong><\/span><br \/><span style=\"font-size: large;color: #0000ff\"><strong>* Conception robuste en aluminium durable, et non en plastique \u00ab carbone \u00bb, garantie de 3 ans<\/strong><\/span><\/p>\n","protected":false},"excerpt":{"rendered":"<p>utilisation facile<br \/>\n R\u00e9fractom\u00e8tre de salinit\u00e9 de pr\u00e9cision<\/p>\n","protected":false},"featured_media":1641,"comment_status":"open","ping_status":"closed","template":"","meta":[],"product_brand":[],"product_cat":[393],"product_tag":[],"class_list":{"0":"post-34860","1":"product","2":"type-product","3":"status-publish","4":"has-post-thumbnail","6":"product_cat-refractometres","8":"first","9":"instock","10":"shipping-taxable","11":"purchasable","12":"product-type-simple"},"_links":{"self":[{"href":"https:\/\/www.myaquastore.com\/fr\/wp-json\/wp\/v2\/product\/34860","targetHints":{"allow":["GET"]}}],"collection":[{"href":"https:\/\/www.myaquastore.com\/fr\/wp-json\/wp\/v2\/product"}],"about":[{"href":"https:\/\/www.myaquastore.com\/fr\/wp-json\/wp\/v2\/types\/product"}],"replies":[{"embeddable":true,"href":"https:\/\/www.myaquastore.com\/fr\/wp-json\/wp\/v2\/comments?post=34860"}],"wp:featuredmedia":[{"embeddable":true,"href":"https:\/\/www.myaquastore.com\/fr\/wp-json\/wp\/v2\/media\/1641"}],"wp:attachment":[{"href":"https:\/\/www.myaquastore.com\/fr\/wp-json\/wp\/v2\/media?parent=34860"}],"wp:term":[{"taxonomy":"product_brand","embeddable":true,"href":"https:\/\/www.myaquastore.com\/fr\/wp-json\/wp\/v2\/product_brand?post=34860"},{"taxonomy":"product_cat","embeddable":true,"href":"https:\/\/www.myaquastore.com\/fr\/wp-json\/wp\/v2\/product_cat?post=34860"},{"taxonomy":"product_tag","embeddable":true,"href":"https:\/\/www.myaquastore.com\/fr\/wp-json\/wp\/v2\/product_tag?post=34860"}],"curies":[{"name":"wp","href":"https:\/\/api.w.org\/{rel}","templated":true}]}}