{"id":34871,"date":"2014-09-12T12:27:07","date_gmt":"2014-09-12T12:27:07","guid":{"rendered":"https:\/\/www.myaquastore.com\/product\/jebao-sans-fil-rw-8-wave-maker-powerhead-wp-reef-aquarium\/"},"modified":"2025-03-16T08:35:22","modified_gmt":"2025-03-16T08:35:22","slug":"jebao-sans-fil-rw-8-wave-maker-powerhead-wp-reef-aquarium","status":"publish","type":"product","link":"https:\/\/www.myaquastore.com\/fr\/product\/jebao-sans-fil-rw-8-wave-maker-powerhead-wp-reef-aquarium\/","title":{"rendered":"JEBAO SANS FIL RW-8 WAVE MAKER POWERHEAD WP REEF AQUARIUM"},"content":{"rendered":"<div>\n<p><span style=\"color: #0000ff;font-size: large\"><strong>Fonctionnalit\u00e9 (Jebao RW8 Wireless WaveMaker)<\/strong><\/span><\/p>\n<ul>\n<li><span style=\"color: #0000ff;font-size: large\"><strong>8 d\u00e9bits diff\u00e9rents (700 &#8211; 8\u00a0000 litres)<\/strong><\/span><\/li>\n<\/ul>\n<ul>\n<li><span style=\"color: #0000ff;font-size: large\"><strong>Super silencieux. <\/strong><\/span><\/li>\n<li><span style=\"color: #0000ff;font-size: large\"><strong>Contr\u00f4leur sans fil pour connecter la pompe ma\u00eetre\/esclave<\/strong><\/span><\/li>\n<li><span style=\"color: #0000ff;font-size: large\"><strong>Peut fonctionner de mani\u00e8re autonome sur une pompe ou sans fil<\/strong><\/span><\/li>\n<li><span style=\"color: #0000ff;font-size: large\"><strong>Installation et maintenance faciles.<\/strong><\/span><\/li>\n<li><span style=\"color: #0000ff;font-size: large\"><strong>Support magn\u00e9tique<\/strong><\/span><\/li>\n<li><span style=\"color: #0000ff;font-size: large\"><strong>Capteur de nuit\u00a0: d\u00e9tecte automatiquement lorsque les lumi\u00e8res du r\u00e9servoir s&rsquo;\u00e9teignent et ralentit la pompe.<\/strong><\/span><\/li>\n<li><span style=\"color: #0000ff;font-size: large\"><strong>Mode d&rsquo;alimentation \u00e0 une touche\u00a0: ralentit la pompe pendant une p\u00e9riode de 10\u00a0minutes.<\/strong><\/span><\/li>\n<li><span style=\"color: #0000ff;font-size: large\"><strong>D\u00e9bit d&rsquo;eau haute performance et puissant combin\u00e9 \u00e0 une faible consommation d&rsquo;\u00e9nergie.<\/strong><\/span><\/li>\n<li><span style=\"color: #0000ff;font-size: large\"><strong>Tige en c\u00e9ramique pour une longue dur\u00e9e de vie et une durabilit\u00e9<\/strong><\/span><\/li>\n<li><span style=\"color: #0000ff;font-size: large\"><strong>Syst\u00e8me de contr\u00f4le intelligent pour g\u00e9n\u00e9rer diff\u00e9rents mod\u00e8les de vagues adapt\u00e9s \u00e0 votre r\u00e9servoir.<\/strong><\/span><\/li>\n<li><span style=\"color: #0000ff;font-size: large\"><strong>C\u00e2ble extra-long pour un placement facile et confortable, m\u00eame sur des r\u00e9servoirs plus grands.<\/strong><\/span><\/li>\n<li><span style=\"color: #0000ff;font-size: large\"><strong>Alimentation basse tension, s\u00fbre et fiable. Convient pour l&rsquo;eau douce et l&rsquo;eau sal\u00e9e<\/strong><\/span><\/li>\n<\/ul>\n<div><span><strong><br \/>&gt;<\/strong><\/span><\/div>\n<div><span><strong><br \/>&gt;<\/strong><\/span><\/div>\n<p><span style=\"color: #0000ff;font-size: large\"><strong>Mode vague\u00a0:<\/strong><\/span><\/p>\n<\/p><\/div>\n<div><span style=\"color: #0000ff;font-size: large\"><strong><br \/>&gt;<\/strong><strong><span lang=\"EN-US\" xml:lang=\"EN-US\">W1<\/span><\/strong><strong><span lang=\"ZH-CN\" xml:lang=\"ZH-CN\">\uff1a<\/span><\/strong><strong><span lang=\"EN-US\" xml:lang=\"EN-US\">Wave Mode<\/span><\/strong><strong><\/strong><\/span><\/div>\n<div>\n<p align=\"left\"><span style=\"color: #0000ff;font-size: large\" lang=\"EN-US\" xml:lang=\"EN-US\">La t\u00e9l\u00e9commande du bouton est n\u00e9cessaire lors de l&rsquo;utilisation de ce mode pour ajuster les mod\u00e8les d&rsquo;ondes entre une ou plusieurs pompes en m\u00eame temps. Comme le volume d&rsquo;eau dans le r\u00e9servoir est diff\u00e9rent de la capacit\u00e9 du r\u00e9servoir, la p\u00e9riode de vague doit \u00eatre ajust\u00e9e en commutant le bouton. La vague est la plus grande lorsque la longueur de la vague devient la m\u00eame que la longueur du r\u00e9servoir\u00a0; Augmentez la longueur d&rsquo;onde en tournant le bouton dans le sens des aiguilles d&rsquo;une montre et r\u00e9duisez-le dans le sens inverse des aiguilles d&rsquo;une montre.<\/span><\/p>\n<p align=\"left\"><span style=\"color: #0000ff;font-size: large\"><strong><span lang=\"EN-US\" xml:lang=\"EN-US\">Conseils\u00a0:<\/span><\/strong><span lang=\"EN-US\" xml:lang=\"EN-US\"> Vous devez changer le bouton progressivement et remarquer le motif d&rsquo;onde dans une certaine p\u00e9riode apr\u00e8s chaque r\u00e9glage. Appuyez sur<\/span><span lang=\"EN-US\" xml:lang=\"EN-US\">\u00ab SPEED\/FEED \u00bb pour r\u00e9gler le d\u00e9bit.<\/span><\/span><\/p>\n<p align=\"left\"><span style=\"color: #0000ff;font-size: large\"> <\/span><\/p>\n<p align=\"left\"><span style=\"color: #0000ff;font-size: large\"><strong><span lang=\"EN-US\" xml:lang=\"EN-US\">W2<\/span><\/strong><strong><span lang=\"ZH-CN\" xml:lang=\"ZH-CN\">\uff1a<\/span><\/strong><strong><span lang=\"EN-US\" xml:lang=\"EN-US\"> Sinuso\u00efdal Mode<\/span><\/strong><strong><\/strong><\/span><\/p>\n<p align=\"left\"><span style=\"color: #0000ff;font-size: large\"><span lang=\"EN-US\" xml:lang=\"EN-US\">Une ou plusieurs pompes peuvent fonctionner en m\u00eame temps dans ce mode. La puissance varie entre <\/span><span lang=\"EN-US\" xml:lang=\"EN-US\">30\u00a0% \u00e0 100\u00a0% et la r\u00e9gulation ressemble \u00e0 une courbe sinuso\u00efdale.<\/span><\/span><\/p>\n<p align=\"left\"><span style=\"color: #0000ff;font-size: large\"> <\/span><\/p>\n<p align=\"left\"><span style=\"color: #0000ff;font-size: large\"><strong><span lang=\"EN-US\" xml:lang=\"EN-US\">Autre<\/span><\/strong><strong><span lang=\"ZH-CN\" xml:lang=\"ZH-CN\">\uff1a<\/span><\/strong><strong><span lang=\"EN-US\" xml:lang=\"EN-US\"> Al\u00e9atoire Mode<\/span><\/strong><strong><\/strong><\/span><\/p>\n<p align=\"left\"><span style=\"color: #0000ff;font-size: large\" lang=\"EN-US\" xml:lang=\"EN-US\">Une ou plusieurs pompes peuvent fonctionner en m\u00eame temps. Il s&rsquo;agit d&rsquo;un mode al\u00e9atoire car la puissance de la pompe change tout le temps en donn\u00e9es al\u00e9atoires sans r\u00e9gulation.<\/span><\/p>\n<p align=\"left\"><span style=\"color: #0000ff;font-size: large\"> <\/span><\/p>\n<p align=\"left\"><span style=\"color: #0000ff;font-size: large\"><span lang=\"EN-US\" xml:lang=\"EN-US\"><strong>H<\/strong><\/span><strong><span lang=\"ZH-CN\" xml:lang=\"ZH-CN\">\uff1a<\/span><\/strong><strong><span lang=\"EN-US\" xml:lang=\"EN-US\">Flux Mode<\/span><\/strong><strong><\/strong><\/span><\/p>\n<p align=\"left\"><span style=\"color: #0000ff;font-size: large\"><span lang=\"EN-US\" xml:lang=\"EN-US\">Une ou plusieurs pompes peuvent fonctionner en m\u00eame temps. En flux constant. Le d\u00e9bit peut \u00eatre ajust\u00e9 par <\/span><span lang=\"EN-US\" xml:lang=\"EN-US\">\u00ab SPEED\/FEED \u00bb<\/span><\/span><\/p>\n<p align=\"left\"><span style=\"color: #0000ff;font-size: large\"> <\/span><\/p>\n<p> <span style=\"color: #0000ff;font-size: large\"><span lang=\"EN-US\" xml:lang=\"EN-US\"><strong>C<\/strong><\/span><strong><span lang=\"ZH-CN\" xml:lang=\"ZH-CN\">\uff1a<\/span><\/strong><strong><span lang=\"EN-US\" xml:lang=\"EN-US\"> Passer en mode flux<\/span><\/strong><\/span><\/p>\n<p align=\"left\"><span style=\"color: #0000ff;font-size: large\"><span lang=\"EN-US\" xml:lang=\"EN-US\">Deux pompes doivent fonctionner en m\u00eame temps, lorsqu&rsquo;elles d\u00e9placent la vague et le d\u00e9bit par cycles. Travail P1, arr\u00eat P2\u00a0; travail P2, arr\u00eat P1\u00a0; travail P1, arr\u00eat P2. et des cycles comme celui-ci. La p\u00e9riode du cycle <\/span><span lang=\"ZH-CN\" xml:lang=\"ZH-CN\">\uff08<\/span><span lang=\"EN-US\" xml:lang=\"EN-US\">1s-1min<\/span><span lang=\"ZH-CN\" xml:lang=\"ZH-CN\">\uff09<\/span><span lang=\"EN-US\" xml:lang=\"EN-US\">peut \u00eatre ajust\u00e9e en commutant le bouton et en ajustant le d\u00e9bit taux en appuyant sur <\/span><span lang=\"EN-US\" xml:lang=\"EN-US\">SPEED\/FEED<\/span><\/span><\/p>\n<\/p><\/div>\n<div><span><strong><br \/>&gt;<\/strong><\/span><\/div>\n<div><span style=\"color: #0000ff;font-size: large\"><strong>Sp\u00e9cifications<\/strong><\/span><\/div>\n<div>\n<ul>\n<li><span style=\"color: #0000ff;font-size: large\"><strong>Taille\u00a0: 9,5 x 7 x 5,5 cm<\/strong><\/span><\/li>\n<li><span style=\"color: #0000ff;font-size: large\"><strong>Puissance 110\u00a0V \u00e0 240\u00a050\/60\u00a0Hz 8\u00a0W \u00e0 23\u00a0W<\/strong><\/span><\/li>\n<\/ul><\/div>\n","protected":false},"excerpt":{"rendered":"<p>installation et configuration faciles<br \/>\n peut travailler avec 7 pompes esclaves ensemble<\/p>\n","protected":false},"featured_media":1695,"comment_status":"open","ping_status":"closed","template":"","meta":[],"product_brand":[],"product_cat":[422],"product_tag":[],"class_list":{"0":"post-34871","1":"product","2":"type-product","3":"status-publish","4":"has-post-thumbnail","6":"product_cat-faiseurs-de-vagues","8":"first","9":"instock","10":"shipping-taxable","11":"purchasable","12":"product-type-simple"},"_links":{"self":[{"href":"https:\/\/www.myaquastore.com\/fr\/wp-json\/wp\/v2\/product\/34871","targetHints":{"allow":["GET"]}}],"collection":[{"href":"https:\/\/www.myaquastore.com\/fr\/wp-json\/wp\/v2\/product"}],"about":[{"href":"https:\/\/www.myaquastore.com\/fr\/wp-json\/wp\/v2\/types\/product"}],"replies":[{"embeddable":true,"href":"https:\/\/www.myaquastore.com\/fr\/wp-json\/wp\/v2\/comments?post=34871"}],"wp:featuredmedia":[{"embeddable":true,"href":"https:\/\/www.myaquastore.com\/fr\/wp-json\/wp\/v2\/media\/1695"}],"wp:attachment":[{"href":"https:\/\/www.myaquastore.com\/fr\/wp-json\/wp\/v2\/media?parent=34871"}],"wp:term":[{"taxonomy":"product_brand","embeddable":true,"href":"https:\/\/www.myaquastore.com\/fr\/wp-json\/wp\/v2\/product_brand?post=34871"},{"taxonomy":"product_cat","embeddable":true,"href":"https:\/\/www.myaquastore.com\/fr\/wp-json\/wp\/v2\/product_cat?post=34871"},{"taxonomy":"product_tag","embeddable":true,"href":"https:\/\/www.myaquastore.com\/fr\/wp-json\/wp\/v2\/product_tag?post=34871"}],"curies":[{"name":"wp","href":"https:\/\/api.w.org\/{rel}","templated":true}]}}