{"id":34895,"date":"2014-12-08T16:46:50","date_gmt":"2014-12-08T16:46:50","guid":{"rendered":"https:\/\/www.myaquastore.com\/product\/pompes-a-air-electromagnetiques-resun-aco-003-puissance-35w\/"},"modified":"2025-03-16T08:35:33","modified_gmt":"2025-03-16T08:35:33","slug":"pompes-a-air-electromagnetiques-resun-aco-003-puissance-35w","status":"publish","type":"product","link":"https:\/\/www.myaquastore.com\/fr\/product\/pompes-a-air-electromagnetiques-resun-aco-003-puissance-35w\/","title":{"rendered":"POMPES \u00c0 AIR \u00c9LECTROMAGN\u00c9TIQUES Resun ACO-003 puissance 35w"},"content":{"rendered":"<p><span style=\"font-size: large;color: #0000ff\">PARAMETRE TECHNIQUE\u00a0:<\/span><br \/><span style=\"font-size: large;color: #0000ff\">TENSION\u00a0: 220\/240\u00a0V<\/span><br \/><span style=\"font-size: large;color: #0000ff\">FREQ\u00a0: 50\u00a0HZ<\/span><br \/><span style=\"font-size: large;color: #0000ff\">ACTUEL:0,21A<\/span><br \/><span style=\"font-size: large;color: #0000ff\">PRESSION:0,027MPa<\/span><br \/><span style=\"font-size: large;color: #0000ff\">PUISSANCE:35W<\/span><br \/><span style=\"font-size: large\">SORTIE\u00a0: <strong><span style=\"font-family: \u5b8b\u4f53\">0,065 m3min<\/span><\/strong><\/span><br \/><span>DIA.DE SORTIE\u00a0: 10\u00a0mm<\/span><br \/><span style=\"#0000ff\">SPEC.OF DIVISER:6<\/span><br \/><span style=\"font-size: large;color: #0000ff\">POIDS:1,7 kg<\/span><br \/>&lt;span style=&quot;font-size: large;<\/p>\n","protected":false},"excerpt":{"rendered":"<p>Pompe \u00e0 air haute puissance 35w,<br \/>\n id\u00e9e pour bassin de bassin ou grand aquarium<\/p>\n","protected":false},"featured_media":1870,"comment_status":"open","ping_status":"closed","template":"","meta":[],"product_brand":[],"product_cat":[246],"product_tag":[],"class_list":{"0":"post-34895","1":"product","2":"type-product","3":"status-publish","4":"has-post-thumbnail","6":"product_cat-pompes-a-air-a-haut-rendement","8":"first","9":"instock","10":"shipping-taxable","11":"purchasable","12":"product-type-simple"},"_links":{"self":[{"href":"https:\/\/www.myaquastore.com\/fr\/wp-json\/wp\/v2\/product\/34895","targetHints":{"allow":["GET"]}}],"collection":[{"href":"https:\/\/www.myaquastore.com\/fr\/wp-json\/wp\/v2\/product"}],"about":[{"href":"https:\/\/www.myaquastore.com\/fr\/wp-json\/wp\/v2\/types\/product"}],"replies":[{"embeddable":true,"href":"https:\/\/www.myaquastore.com\/fr\/wp-json\/wp\/v2\/comments?post=34895"}],"wp:featuredmedia":[{"embeddable":true,"href":"https:\/\/www.myaquastore.com\/fr\/wp-json\/wp\/v2\/media\/1870"}],"wp:attachment":[{"href":"https:\/\/www.myaquastore.com\/fr\/wp-json\/wp\/v2\/media?parent=34895"}],"wp:term":[{"taxonomy":"product_brand","embeddable":true,"href":"https:\/\/www.myaquastore.com\/fr\/wp-json\/wp\/v2\/product_brand?post=34895"},{"taxonomy":"product_cat","embeddable":true,"href":"https:\/\/www.myaquastore.com\/fr\/wp-json\/wp\/v2\/product_cat?post=34895"},{"taxonomy":"product_tag","embeddable":true,"href":"https:\/\/www.myaquastore.com\/fr\/wp-json\/wp\/v2\/product_tag?post=34895"}],"curies":[{"name":"wp","href":"https:\/\/api.w.org\/{rel}","templated":true}]}}