{"id":34900,"date":"2014-07-13T19:21:11","date_gmt":"2014-07-13T19:21:11","guid":{"rendered":"https:\/\/www.myaquastore.com\/product\/pompe-a-air-370-pompe-a-membrane-alimentation-12v-dc-idee-pour-la-peche-et-laquarium\/"},"modified":"2025-03-16T08:35:35","modified_gmt":"2025-03-16T08:35:35","slug":"pompe-a-air-370-pompe-a-membrane-alimentation-12v-dc-idee-pour-la-peche-et-laquarium","status":"publish","type":"product","link":"https:\/\/www.myaquastore.com\/fr\/product\/pompe-a-air-370-pompe-a-membrane-alimentation-12v-dc-idee-pour-la-peche-et-laquarium\/","title":{"rendered":"Pompe \u00e0 air 370, pompe \u00e0 membrane, alimentation 12v DC, id\u00e9e pour la p\u00eache et l&rsquo;aquarium"},"content":{"rendered":"<p><span style=\"font-size: large;color: #0000ff\">alimentation\u00a0: 6\u00a0V CC <\/span><\/p>\n<p><span style=\"font-size: large;color: #0000ff\">courant\u00a0: 0,28 A <\/span><\/p>\n","protected":false},"excerpt":{"rendered":"<p>Pompe \u00e0 air 370, pompe \u00e0 membrane, alimentation 12v DC, id\u00e9e pour la p\u00eache et l&rsquo;aquarium<\/p>\n","protected":false},"featured_media":1912,"comment_status":"open","ping_status":"closed","template":"","meta":[],"product_brand":[],"product_cat":[1340],"product_tag":[],"class_list":{"0":"post-34900","1":"product","2":"type-product","3":"status-publish","4":"has-post-thumbnail","6":"product_cat-pompes-a-air-pour-aquariums","8":"first","9":"instock","10":"shipping-taxable","11":"purchasable","12":"product-type-simple"},"_links":{"self":[{"href":"https:\/\/www.myaquastore.com\/fr\/wp-json\/wp\/v2\/product\/34900","targetHints":{"allow":["GET"]}}],"collection":[{"href":"https:\/\/www.myaquastore.com\/fr\/wp-json\/wp\/v2\/product"}],"about":[{"href":"https:\/\/www.myaquastore.com\/fr\/wp-json\/wp\/v2\/types\/product"}],"replies":[{"embeddable":true,"href":"https:\/\/www.myaquastore.com\/fr\/wp-json\/wp\/v2\/comments?post=34900"}],"wp:featuredmedia":[{"embeddable":true,"href":"https:\/\/www.myaquastore.com\/fr\/wp-json\/wp\/v2\/media\/1912"}],"wp:attachment":[{"href":"https:\/\/www.myaquastore.com\/fr\/wp-json\/wp\/v2\/media?parent=34900"}],"wp:term":[{"taxonomy":"product_brand","embeddable":true,"href":"https:\/\/www.myaquastore.com\/fr\/wp-json\/wp\/v2\/product_brand?post=34900"},{"taxonomy":"product_cat","embeddable":true,"href":"https:\/\/www.myaquastore.com\/fr\/wp-json\/wp\/v2\/product_cat?post=34900"},{"taxonomy":"product_tag","embeddable":true,"href":"https:\/\/www.myaquastore.com\/fr\/wp-json\/wp\/v2\/product_tag?post=34900"}],"curies":[{"name":"wp","href":"https:\/\/api.w.org\/{rel}","templated":true}]}}