{"id":34903,"date":"2014-09-25T20:15:43","date_gmt":"2014-09-25T20:15:43","guid":{"rendered":"https:\/\/www.myaquastore.com\/product\/pompe-a-air-hailea-aco-5501-aco-5503-aco-5504-aco-5505\/"},"modified":"2025-03-16T08:35:36","modified_gmt":"2025-03-16T08:35:36","slug":"pompe-a-air-hailea-aco-5501-aco-5503-aco-5504-aco-5505","status":"publish","type":"product","link":"https:\/\/www.myaquastore.com\/fr\/product\/pompe-a-air-hailea-aco-5501-aco-5503-aco-5504-aco-5505\/","title":{"rendered":"pompe \u00e0 air hailea ACO-5501 ACO-5503 ACO-5504 ACO-5505"},"content":{"rendered":"<p><span style=\"font-size: large;color: #0000ff\">mod\u00e8le\u00a0: ACO-5501 (le d\u00e9bit d&rsquo;air ne peut pas \u00eatre r\u00e9gl\u00e9)<\/span><\/p>\n<p><span style=\"font-size: large;color: #0000ff\"> volts\u00a0: 220-240\u00a0V\/50\u00a0hz<\/span><\/p>\n<p><span style=\"font-size: large;color: #0000ff\">puissance\u00a0: 2W <\/span><\/p>\n<p><span style=\"font-size: large;color: #0000ff\">flux d&rsquo;air\u00a0: 1,3 L\/min<\/span><\/p>\n<p><span style=\"font-size: large;color: #0000ff\">sortie\u00a0:\u00a01 voie<\/span><\/p>\n<p><span style=\"font-size: large;color: #0000ff\">bruit\u00a0: &lt;40dB <\/span><\/p>\n<p><span style=\"font-size: large;color: #0000ff\">taille\u00a0: 125X57X52mm<\/span><\/p>\n<p><span style=\"font-size: large;color: #0000ff\">&#8212;&#8212;&#8212;&#8212;&#8212;&#8212;&#8212;&#8212;&#8212;&#8212;&#8212;&#8212;&#8212;&#8212;&#8212;&#8212;&#8212;&#8212;&#8212;&#8212;&#8212;&#8212;&#8212;&#8212;&#8212;-<\/span><\/p>\n<p><span style=\"font-size: large;color: #0000ff\">mod\u00e8le\u00a0: ACO-5503<\/span><\/p>\n<p><span style=\"font-size: large;color: #0000ff\">volts\u00a0: 220-240\u00a0V\/50\u00a0hz<\/span><\/p>\n<p><span style=\"font-size: large;color: #0000ff\">puissance\u00a0: 4\u00a0W<\/span><\/p>\n<p><span style=\"font-size: large;color: #0000ff\">flux d&rsquo;air\u00a0: 3,5\u00a0L\/min<\/span><\/p>\n<p><span style=\"font-size: large;color: #0000ff\">sortie\u00a0:\u00a02 voies<\/span><\/p>\n<p><span style=\"font-size: large;color: #0000ff\">bruit\u00a0: &lt;40\u00a0dB<\/span><\/p>\n<p><span style=\"font-size: large;color: #0000ff\">taille\u00a0: 147\u00d775,5\u00d765,5\u00a0mm<\/span><\/p>\n<p><span style=\"font-size: large;color: #0000ff\">&#8212;&#8212;&#8212;&#8212;&#8212;&#8212;&#8212;&#8212;&#8212;&#8212;&#8212;&#8212;&#8212;&#8212;&#8212;&#8212;&#8212;&#8212;&#8212;&#8212;&#8212;&#8212;&#8212;&#8212;&#8212;-<\/span><\/p>\n<p><span style=\"font-size: large;color: #0000ff\">mod\u00e8le\u00a0: ACO-5504<\/span><\/p>\n<p><span style=\"font-size: large;color: #0000ff\">volts\u00a0: 220-240\u00a0V\/50\u00a0hz<\/span><\/p>\n<p><span style=\"font-size: large;color: #0000ff\">puissance\u00a0: 5\u00a0W<\/span><\/p>\n<p><span style=\"font-size: large;color: #0000ff\">flux d&rsquo;air\u00a0: 4,5\u00a0L\/min<\/span><\/p>\n<p><span style=\"font-size: large;color: #0000ff\">sortie\u00a0:\u00a02 voies<\/span><\/p>\n<p><span style=\"font-size: large;color: #0000ff\">bruit\u00a0: &lt;40\u00a0dB<\/span><\/p>\n<p><span style=\"font-size: large;color: #0000ff\">taille\u00a0: 168\u00d787,5\u00d774\u00a0mm<\/span><\/p>\n<p><span style=\"font-size: large;color: #0000ff\">&#8212;&#8212;&#8212;&#8212;&#8212;&#8212;&#8212;&#8212;&#8212;&#8212;&#8212;&#8212;&#8212;&#8212;&#8212;&#8212;&#8212;&#8212;&#8212;&#8212;&#8212;&#8212;&#8212;&#8212;&#8212;-<\/span><\/p>\n<p><span style=\"font-size: large;color: #0000ff\">mod\u00e8le\u00a0: ACO-5505<\/span><\/p>\n<p><span style=\"font-size: large;color: #0000ff\">volts\u00a0: 220-240\u00a0V\/50\u00a0hz<\/span><\/p>\n<p><span style=\"font-size: large;color: #0000ff\">puissance\u00a0: 6,5\u00a0W<\/span><\/p>\n<p><span style=\"font-size: large;color: #0000ff\">flux d&rsquo;air\u00a0: 5,5\u00a0L\/min<\/span><\/p>\n<p><span style=\"font-size: large;color: #0000ff\">sortie\u00a0:\u00a02 voies<\/span><\/p>\n<p><span style=\"font-size: large;color: #0000ff\">bruit\u00a0: &lt;40\u00a0dB<\/span><\/p>\n<p><span style=\"font-size: large;color: #0000ff\">taille\u00a0:<span style=\"font-family: \u5b8b\u4f53\">181\u00d796\u00d776<\/span>mm<\/span><\/p>\n","protected":false},"excerpt":{"rendered":"<p>petite pompe \u00e0 air pour r\u00e9servoir nano<\/p>\n","protected":false},"featured_media":1927,"comment_status":"open","ping_status":"closed","template":"","meta":[],"product_brand":[],"product_cat":[1340],"product_tag":[],"class_list":{"0":"post-34903","1":"product","2":"type-product","3":"status-publish","4":"has-post-thumbnail","6":"product_cat-pompes-a-air-pour-aquariums","8":"first","9":"instock","10":"shipping-taxable","11":"purchasable","12":"product-type-simple"},"_links":{"self":[{"href":"https:\/\/www.myaquastore.com\/fr\/wp-json\/wp\/v2\/product\/34903","targetHints":{"allow":["GET"]}}],"collection":[{"href":"https:\/\/www.myaquastore.com\/fr\/wp-json\/wp\/v2\/product"}],"about":[{"href":"https:\/\/www.myaquastore.com\/fr\/wp-json\/wp\/v2\/types\/product"}],"replies":[{"embeddable":true,"href":"https:\/\/www.myaquastore.com\/fr\/wp-json\/wp\/v2\/comments?post=34903"}],"wp:featuredmedia":[{"embeddable":true,"href":"https:\/\/www.myaquastore.com\/fr\/wp-json\/wp\/v2\/media\/1927"}],"wp:attachment":[{"href":"https:\/\/www.myaquastore.com\/fr\/wp-json\/wp\/v2\/media?parent=34903"}],"wp:term":[{"taxonomy":"product_brand","embeddable":true,"href":"https:\/\/www.myaquastore.com\/fr\/wp-json\/wp\/v2\/product_brand?post=34903"},{"taxonomy":"product_cat","embeddable":true,"href":"https:\/\/www.myaquastore.com\/fr\/wp-json\/wp\/v2\/product_cat?post=34903"},{"taxonomy":"product_tag","embeddable":true,"href":"https:\/\/www.myaquastore.com\/fr\/wp-json\/wp\/v2\/product_tag?post=34903"}],"curies":[{"name":"wp","href":"https:\/\/api.w.org\/{rel}","templated":true}]}}