{"id":34943,"date":"2016-09-25T22:23:39","date_gmt":"2016-09-25T22:23:39","guid":{"rendered":"https:\/\/www.myaquastore.com\/product\/pompe-a-eau-adaptative-a-frequence-variable-boyu-spm5000k\/"},"modified":"2025-03-16T08:35:47","modified_gmt":"2025-03-16T08:35:47","slug":"pompe-a-eau-adaptative-a-frequence-variable-boyu-spm5000k","status":"publish","type":"product","link":"https:\/\/www.myaquastore.com\/fr\/product\/pompe-a-eau-adaptative-a-frequence-variable-boyu-spm5000k\/","title":{"rendered":"Pompe \u00e0 eau adaptative \u00e0 fr\u00e9quence variable BOYU SPM5000K"},"content":{"rendered":"<article class=\"article richtext richtext-detail AE:disable\" id=\"richTextContainer\">\n<div style=\"clear:both\">\n<p><span style=\"font-family: 'times new roman', times;font-size: 24px\"> BOYU Pompe \u00e0 eau adaptative \u00e0 fr\u00e9quence variable SPM5000K<\/span><\/p>\n<p><span style=\"font-family: 'times new roman', times\">1. Utilisez la derni\u00e8re technologie en mati\u00e8re d&rsquo;\u00e9conomie d&rsquo;\u00e9nergie.<\/span><\/p>\n<p><span style=\"font-family: 'times new roman', times;font-size: 24px\">2. Compacte, cette pompe a un grand d\u00e9bit, une lev\u00e9e \u00e9lev\u00e9e et <\/span><span style=\"line-height: 36px;font-family: 'times new roman', times;font-size: 24px\">r\u00e9sistant \u00e0 la corrosion.<\/span><\/p>\n<p><span style=\"font-family: 'times new roman', times;font-size: 24px\">3.Grande conception de pr\u00e9-filtre, facile \u00e0 utiliser entretien.<\/span><\/p>\n<p><span style=\"font-family: 'times new roman', times;font-size: 24px\">4. Arbre en c\u00e9ramique r\u00e9sistant \u00e0 l&rsquo;usure, non corrosif.<\/span><\/p>\n<p><span style=\"font-family: 'times new roman', times;font-size: 24px\">5. Les pi\u00e8ces \u00e9lectriques sont toutes scell\u00e9es dans le support de <\/span><span style=\"line-height: 36px\u00a0\">la r\u00e9sine \u00e9poxy.<\/span><\/p>\n<p><span>protection. Il est s\u00fbr et fiable.<\/span><\/p>\n<div style=\"clear:both\"><\/article>\n","protected":false},"excerpt":{"rendered":"<p>Pompe \u00e0 eau adaptative \u00e0 fr\u00e9quence variable BOYU SPM5000K<\/p>\n","protected":false},"featured_media":2069,"comment_status":"open","ping_status":"closed","template":"","meta":[],"product_brand":[],"product_cat":[1338],"product_tag":[],"class_list":{"0":"post-34943","1":"product","2":"type-product","3":"status-publish","4":"has-post-thumbnail","6":"product_cat-filtres-pour-aquariums","8":"first","9":"instock","10":"shipping-taxable","11":"purchasable","12":"product-type-simple"},"_links":{"self":[{"href":"https:\/\/www.myaquastore.com\/fr\/wp-json\/wp\/v2\/product\/34943","targetHints":{"allow":["GET"]}}],"collection":[{"href":"https:\/\/www.myaquastore.com\/fr\/wp-json\/wp\/v2\/product"}],"about":[{"href":"https:\/\/www.myaquastore.com\/fr\/wp-json\/wp\/v2\/types\/product"}],"replies":[{"embeddable":true,"href":"https:\/\/www.myaquastore.com\/fr\/wp-json\/wp\/v2\/comments?post=34943"}],"wp:featuredmedia":[{"embeddable":true,"href":"https:\/\/www.myaquastore.com\/fr\/wp-json\/wp\/v2\/media\/2069"}],"wp:attachment":[{"href":"https:\/\/www.myaquastore.com\/fr\/wp-json\/wp\/v2\/media?parent=34943"}],"wp:term":[{"taxonomy":"product_brand","embeddable":true,"href":"https:\/\/www.myaquastore.com\/fr\/wp-json\/wp\/v2\/product_brand?post=34943"},{"taxonomy":"product_cat","embeddable":true,"href":"https:\/\/www.myaquastore.com\/fr\/wp-json\/wp\/v2\/product_cat?post=34943"},{"taxonomy":"product_tag","embeddable":true,"href":"https:\/\/www.myaquastore.com\/fr\/wp-json\/wp\/v2\/product_tag?post=34943"}],"curies":[{"name":"wp","href":"https:\/\/api.w.org\/{rel}","templated":true}]}}