{"id":34946,"date":"2016-09-25T22:23:39","date_gmt":"2016-09-25T22:23:39","guid":{"rendered":"https:\/\/www.myaquastore.com\/product\/pompe-a-eau-adaptative-a-frequence-variable-boyu-gx4p6500\/"},"modified":"2025-03-16T08:35:48","modified_gmt":"2025-03-16T08:35:48","slug":"pompe-a-eau-adaptative-a-frequence-variable-boyu-gx4p6500","status":"publish","type":"product","link":"https:\/\/www.myaquastore.com\/fr\/product\/pompe-a-eau-adaptative-a-frequence-variable-boyu-gx4p6500\/","title":{"rendered":"Pompe \u00e0 eau adaptative \u00e0 fr\u00e9quence variable BOYU GX4P6500"},"content":{"rendered":"<article class=\"article richtext richtext-detail AE:disable\" id=\"richTextContainer\">\n<div style=\"clear:both\">\n<p><span style=\"font-family: 'times new roman', times;font-size: 24px\"> BOYU Pompe \u00e0 eau adaptative \u00e0 fr\u00e9quence variable GX4P6500 <\/span><\/p>\n<p><span style=\"font-family: 'times new roman', times\">1. Entra\u00eenement par moteur triphas\u00e9 \u00e0 six p\u00f4les, avec une forte <\/span><span style=\"line-height: 36px\">2.Utilis\u00e9 rotor \u00e0 aimant permanent multipolaire,<\/span><span style=\"line-height: 36px;font-family: 'times new roman', times;font-size: 24px\">avec un grand d\u00e9bit et un faible bruit;<\/span><\/p>\n<p><span style=\"font-family: 'times new roman', times;font-size: 24px\">3.Utilis\u00e9 le contr\u00f4le informatique monopuce, le <\/span><span style=\"line-height: 36px;font-family: 'times new roman', times;font-size: 24px\">courant, protection contre les tensions anormales et <\/span><span style=\"line-height: 36px\">la fonction de protection de la temp\u00e9rature et du verrouillage\u00a0;<\/span><\/p>\n<p><span style=\"font-family: 'times new roman', times;font-size: 24px\">4.Avec contr\u00f4le automatique de la vitesse adaptatif DC <\/span><span style=\"line-height: 36px;font-size: 24px\">technologie de conversion de fr\u00e9quence, avec un <\/span><span style=\"line-height: 36px\">efficacit\u00e9 et \u00e9conomie d&rsquo;\u00e9nergie\u00a0;<\/span><\/p>\n<p><span style=\"font-family: 'times new roman', times\">5. Convient pour l&rsquo;eau douce, l&rsquo;eau de mer et <\/span><span>utilisation amphibie\u00a0;<\/span><\/p>\n<p><span style=\"font-family: 'times new roman', times;font-size: 24px\">6. Moteur enti\u00e8rement scell\u00e9, sans \u00e9l\u00e9ment en cuivre <\/span><span style=\"line-height: 36px\">expos\u00e9\u00a0;<\/span><\/p>\n<p><span style=\"font-size: 24px\">7.Avec l&rsquo;arbre en c\u00e9ramique r\u00e9sistant \u00e0 l&rsquo;usure et <\/span><span style=\"line-height: 36px\">bagues, r\u00e9sistance \u00e0 la corrosion, longue dur\u00e9e de vie.<\/span><\/p>\n<div style=\"clear:both\"><\/article>\n","protected":false},"excerpt":{"rendered":"<p>Pompe \u00e0 eau adaptative \u00e0 fr\u00e9quence variable BOYU GX4P6500<\/p>\n","protected":false},"featured_media":2078,"comment_status":"open","ping_status":"closed","template":"","meta":[],"product_brand":[],"product_cat":[1338],"product_tag":[],"class_list":{"0":"post-34946","1":"product","2":"type-product","3":"status-publish","4":"has-post-thumbnail","6":"product_cat-filtres-pour-aquariums","8":"first","9":"instock","10":"shipping-taxable","11":"purchasable","12":"product-type-simple"},"_links":{"self":[{"href":"https:\/\/www.myaquastore.com\/fr\/wp-json\/wp\/v2\/product\/34946","targetHints":{"allow":["GET"]}}],"collection":[{"href":"https:\/\/www.myaquastore.com\/fr\/wp-json\/wp\/v2\/product"}],"about":[{"href":"https:\/\/www.myaquastore.com\/fr\/wp-json\/wp\/v2\/types\/product"}],"replies":[{"embeddable":true,"href":"https:\/\/www.myaquastore.com\/fr\/wp-json\/wp\/v2\/comments?post=34946"}],"wp:featuredmedia":[{"embeddable":true,"href":"https:\/\/www.myaquastore.com\/fr\/wp-json\/wp\/v2\/media\/2078"}],"wp:attachment":[{"href":"https:\/\/www.myaquastore.com\/fr\/wp-json\/wp\/v2\/media?parent=34946"}],"wp:term":[{"taxonomy":"product_brand","embeddable":true,"href":"https:\/\/www.myaquastore.com\/fr\/wp-json\/wp\/v2\/product_brand?post=34946"},{"taxonomy":"product_cat","embeddable":true,"href":"https:\/\/www.myaquastore.com\/fr\/wp-json\/wp\/v2\/product_cat?post=34946"},{"taxonomy":"product_tag","embeddable":true,"href":"https:\/\/www.myaquastore.com\/fr\/wp-json\/wp\/v2\/product_tag?post=34946"}],"curies":[{"name":"wp","href":"https:\/\/api.w.org\/{rel}","templated":true}]}}