{"id":34961,"date":"2016-09-25T22:48:05","date_gmt":"2016-09-25T22:48:05","guid":{"rendered":"https:\/\/www.myaquastore.com\/product\/vente-en-gros-brumisateur-a-5-tetes-pour-aquarium-et-rocaille\/"},"modified":"2025-03-16T08:35:51","modified_gmt":"2025-03-16T08:35:51","slug":"vente-en-gros-brumisateur-a-5-tetes-pour-aquarium-et-rocaille","status":"publish","type":"product","link":"https:\/\/www.myaquastore.com\/fr\/product\/vente-en-gros-brumisateur-a-5-tetes-pour-aquarium-et-rocaille\/","title":{"rendered":"Vente en gros brumisateur \u00e0 5 t\u00eates pour aquarium et rocaille"},"content":{"rendered":"<article class=\"article richtext richtext-detail AE:disable\" id=\"richTextContainer\">\n<div style=\"clear:both\">\n<p><span style=\"font-family: 'times new roman', times;font-size: 24px\"> brumisateur \u00e0 5 t\u00eates en gros pour aquarium et rocaille<\/span><\/p>\n<p><span style=\"font-family: 'times new roman', times\">1. Le taux d&rsquo;\u00e9vaporation maximum est de 1 500 ml\/H<\/span><\/p>\n<p><span style=\"font-family : 'times new roman', times;font-size : 24px\">2. La temp\u00e9rature de fonctionnement est de +1 ??~ 45 ??<\/span><\/p>\n<p><span style=\"font-family : 'times new roman', times;font-size : 24px\">3. la temp\u00e9rature de protection est de 50 ?? <\/span><\/p>\n<p><span style=\"font-family: 'times new roman', times;font-size: 24px\">4. la brume peut \u00eatre petite les premi\u00e8res minutes o\u00f9 elle commence \u00e0 agir, et elle se stabilise apr\u00e8s quelques minutes. Le temps froid affectera la quantit\u00e9 de pulv\u00e9risation, vous pouvez ajouter un peu d&rsquo;eau chaude pour acc\u00e9l\u00e9rer la brume.<\/span><\/p>\n<p><span style=\"font-family: 'times new roman', times;font-size: 24px\">5. assurez-vous qu&rsquo;il y a suffisamment d&rsquo;eau pour refroidir la chaleur produite par le brumisateur<\/span><\/p>\n<p><span style=\"font-family: 'times new roman', times;font-size : 24px\">6. devez couper le courant si vous n&rsquo;utilisez pas le brumisateur pendant une longue p\u00e9riode<\/span><\/p>\n<div style=\"clear:both\"><\/article>\n","protected":false},"excerpt":{"rendered":"<p>Vente en gros brumisateur \u00e0 5 t\u00eates pour aquarium et rocaille<\/p>\n","protected":false},"featured_media":2112,"comment_status":"open","ping_status":"closed","template":"","meta":[],"product_brand":[],"product_cat":[1338],"product_tag":[],"class_list":{"0":"post-34961","1":"product","2":"type-product","3":"status-publish","4":"has-post-thumbnail","6":"product_cat-filtres-pour-aquariums","8":"first","9":"instock","10":"shipping-taxable","11":"purchasable","12":"product-type-simple"},"_links":{"self":[{"href":"https:\/\/www.myaquastore.com\/fr\/wp-json\/wp\/v2\/product\/34961","targetHints":{"allow":["GET"]}}],"collection":[{"href":"https:\/\/www.myaquastore.com\/fr\/wp-json\/wp\/v2\/product"}],"about":[{"href":"https:\/\/www.myaquastore.com\/fr\/wp-json\/wp\/v2\/types\/product"}],"replies":[{"embeddable":true,"href":"https:\/\/www.myaquastore.com\/fr\/wp-json\/wp\/v2\/comments?post=34961"}],"wp:featuredmedia":[{"embeddable":true,"href":"https:\/\/www.myaquastore.com\/fr\/wp-json\/wp\/v2\/media\/2112"}],"wp:attachment":[{"href":"https:\/\/www.myaquastore.com\/fr\/wp-json\/wp\/v2\/media?parent=34961"}],"wp:term":[{"taxonomy":"product_brand","embeddable":true,"href":"https:\/\/www.myaquastore.com\/fr\/wp-json\/wp\/v2\/product_brand?post=34961"},{"taxonomy":"product_cat","embeddable":true,"href":"https:\/\/www.myaquastore.com\/fr\/wp-json\/wp\/v2\/product_cat?post=34961"},{"taxonomy":"product_tag","embeddable":true,"href":"https:\/\/www.myaquastore.com\/fr\/wp-json\/wp\/v2\/product_tag?post=34961"}],"curies":[{"name":"wp","href":"https:\/\/api.w.org\/{rel}","templated":true}]}}