{"id":34969,"date":"2016-09-25T22:48:05","date_gmt":"2016-09-25T22:48:05","guid":{"rendered":"https:\/\/www.myaquastore.com\/product\/compresseur-dair-portable-hailea-75w-12v-dc-aco-006\/"},"modified":"2025-03-16T08:35:52","modified_gmt":"2025-03-16T08:35:52","slug":"compresseur-dair-portable-hailea-75w-12v-dc-aco-006","status":"publish","type":"product","link":"https:\/\/www.myaquastore.com\/fr\/product\/compresseur-dair-portable-hailea-75w-12v-dc-aco-006\/","title":{"rendered":"Compresseur d&rsquo;air portable HAILEA 75W 12V DC ACO-006"},"content":{"rendered":"<article class=\"article richtext richtext-detail AE:disable\" id=\"richTextContainer\">\n<div style=\"clear:both\">\n<p align=\"left\"><span style=\"font-family: 'times new roman', times;font-size: 24px\">Compresseur d&rsquo;air portable HAILEA 75W 12V DC ACO-006<\/span><\/p>\n<p><span style=\"font-family: 'times new roman', times;font-size: 24px\">1.Entra\u00een\u00e9 par un moteur \u00e0 courant continu \u00e0 aimant permanent de haute qualit\u00e9, le piston<\/span><\/p>\n<p><span style=\"font-family: 'times new roman', times;font-size: 24px\">se d\u00e9place r\u00e9ciproquement dans le cylindre de haut en bas et produit de l&rsquo;air<\/span><\/p>\n<p><span style=\"font-family: 'times new roman', times;24px\">d\u00e9bit important en sortie et haute pression.<\/span><\/p>\n<p><span style=\"font-family: 'times new roman', times;font-size: 24px\">2. Conception lubrifiante sans huile pour produire de l&rsquo;air comprim\u00e9 plus purifi\u00e9. <\/span><\/p>\n<p><span style=\"font-family: 'times new roman', times;font-size: 24px\">3. Adopter un nouveau type de mat\u00e9riau portable SF3 pour le cylindre et le piston,<\/span><\/p>\n<p><span style=\"font-family: 'times new roman', times;font-size: 24px\">4. Le bo\u00eetier est en alliage d&rsquo;aluminium, il est de petit volume, rapide<\/span><\/p>\n<p><span style=\"font-family: 'times new roman', times;font-size: 24px\">en termes de dissipation thermique et facile \u00e0 d\u00e9placer.<\/span><\/p>\n<p><span style=\"font-family: 'times new roman', times;font-size: 24px\">5. L&rsquo;unit\u00e9 est \u00e0 double fonctionnement de compresseur d&rsquo;air et de pompe \u00e0 vide<\/span><\/p>\n<p><span style=\"font-family: 'times new roman', times\u00a0\"><img decoding=\"async\" data-alt=\"Compresseur d'air portable HAILEA 75 W 12 V CC ACO-006\" data-src=\"http:\/\/localhost\/media\/import\/detail\/HTB1ntWTHFXXXXaIXXXXq6xXFXXXx.jpg\" src=\"\"><img decoding=\"async\" alt=\"Compresseur d'air portable HAILEA 75W 12V DC ACO-006\" src=\"http:\/\/localhost\/media\/import\/detail\/HTB1ntWTHFXXXXaIXXXXq6xXFXXXx.jpg\"><img decoding=\"async\" data-alt=\"Compresseur d'air portable HAILEA 75W 12V DC ACO-006\" data-src=\"http:\/\/localhost\/media\/import\/detail\/HTB19YqHHFXXXXXdXVXXq6xXFXXXB.jpg\" src=\"\"><img decoding=\"async\" alt=\"Compresseur d'air portable HAILEA 75 W 12 V DC ACO-006\" src=\"http:\/\/localhost\/media\/import\/detail\/HTB19YqHHFXXXXXdXVXXq6xXFXXXB.jpg\"><\/span><\/p>\n<div style=\"clear:both\"><\/div>\n<\/div>\n<\/article>\n","protected":false},"excerpt":{"rendered":"<p>Compresseur d&rsquo;air portable HAILEA 75W 12V DC ACO-006<\/p>\n","protected":false},"featured_media":2128,"comment_status":"open","ping_status":"closed","template":"","meta":[],"product_brand":[],"product_cat":[1338],"product_tag":[],"class_list":{"0":"post-34969","1":"product","2":"type-product","3":"status-publish","4":"has-post-thumbnail","6":"product_cat-filtres-pour-aquariums","8":"first","9":"instock","10":"shipping-taxable","11":"purchasable","12":"product-type-simple"},"_links":{"self":[{"href":"https:\/\/www.myaquastore.com\/fr\/wp-json\/wp\/v2\/product\/34969","targetHints":{"allow":["GET"]}}],"collection":[{"href":"https:\/\/www.myaquastore.com\/fr\/wp-json\/wp\/v2\/product"}],"about":[{"href":"https:\/\/www.myaquastore.com\/fr\/wp-json\/wp\/v2\/types\/product"}],"replies":[{"embeddable":true,"href":"https:\/\/www.myaquastore.com\/fr\/wp-json\/wp\/v2\/comments?post=34969"}],"wp:featuredmedia":[{"embeddable":true,"href":"https:\/\/www.myaquastore.com\/fr\/wp-json\/wp\/v2\/media\/2128"}],"wp:attachment":[{"href":"https:\/\/www.myaquastore.com\/fr\/wp-json\/wp\/v2\/media?parent=34969"}],"wp:term":[{"taxonomy":"product_brand","embeddable":true,"href":"https:\/\/www.myaquastore.com\/fr\/wp-json\/wp\/v2\/product_brand?post=34969"},{"taxonomy":"product_cat","embeddable":true,"href":"https:\/\/www.myaquastore.com\/fr\/wp-json\/wp\/v2\/product_cat?post=34969"},{"taxonomy":"product_tag","embeddable":true,"href":"https:\/\/www.myaquastore.com\/fr\/wp-json\/wp\/v2\/product_tag?post=34969"}],"curies":[{"name":"wp","href":"https:\/\/api.w.org\/{rel}","templated":true}]}}